{"id":1854,"date":"2025-12-17T15:11:23","date_gmt":"2025-12-17T07:11:23","guid":{"rendered":"https:\/\/usa-wps.d5render.com\/?page_id=1854"},"modified":"2026-05-13T10:37:04","modified_gmt":"2026-05-13T02:37:04","slug":"d5-certification-program","status":"publish","type":"page","link":"https:\/\/www.d5render.com\/es\/certification\/d5-certification-program","title":{"rendered":"Programa de certificaci\u00f3n D5"},"content":{"rendered":"<div data-elementor-type=\"wp-page\" data-elementor-id=\"1854\" class=\"elementor elementor-1854\" data-elementor-post-type=\"page\">\n\t\t\t\t<div class=\"elementor-element elementor-element-8fe37d8 animated-fast e-flex e-con-boxed elementor-invisible e-con e-parent\" data-id=\"8fe37d8\" data-element_type=\"container\" data-settings=\"{&quot;background_background&quot;:&quot;classic&quot;,&quot;animation&quot;:&quot;zoomIn&quot;}\">\n\t\t\t\t\t<div class=\"e-con-inner\">\n\t\t\t\t<div class=\"elementor-element elementor-element-3ccdc14 elementor-widget elementor-widget-heading\" data-id=\"3ccdc14\" data-element_type=\"widget\" data-widget_type=\"heading.default\">\n\t\t\t\t\t<p class=\"elementor-heading-title elementor-size-default\">Valida tu experiencia, eleva tu carrera<\/p>\t\t\t\t<\/div>\n\t\t\t\t<div class=\"elementor-element elementor-element-4936870 elementor-widget elementor-widget-heading\" data-id=\"4936870\" data-element_type=\"widget\" data-widget_type=\"heading.default\">\n\t\t\t\t\t<h1 class=\"elementor-heading-title elementor-size-default\">Programa de certificaci\u00f3n D5<\/h1>\t\t\t\t<\/div>\n\t\t\t\t<div class=\"elementor-element elementor-element-af61d1f elementor-widget elementor-widget-text-editor\" data-id=\"af61d1f\" data-element_type=\"widget\" data-widget_type=\"text-editor.default\">\n\t\t\t\t\t\t\t\t\t<p>El Programa de Certificaci\u00f3n D5 est\u00e1 dise\u00f1ado para ayudarte a mostrar tus habilidades, demostrar tu competencia y desbloquear nuevas oportunidades en el mundo del renderizado 3D.<\/p><section class=\"certify-section-head\" data-w-id=\"00ac8346-3921-cb31-6b29-dac5d47e9530\"><div class=\"certify-head-title-div\"><div class=\"certify-title-des\">Al obtener una Certificaci\u00f3n D5, te unir\u00e1s a una prestigiosa comunidad de profesionales que han demostrado su dominio del software D5 Render y sus aplicaciones.<\/div><\/div><\/section>\t\t\t\t\t\t\t\t<\/div>\n\t\t\t\t\t<\/div>\n\t\t\t\t<\/div>\n\t\t<div class=\"elementor-element elementor-element-cab893b e-flex e-con-boxed elementor-invisible e-con e-parent\" data-id=\"cab893b\" data-element_type=\"container\" id=\"certify-type\" data-settings=\"{&quot;animation&quot;:&quot;zoomIn&quot;}\">\n\t\t\t\t\t<div class=\"e-con-inner\">\n\t\t\t\t<div class=\"elementor-element elementor-element-eefa016 elementor-widget elementor-widget-heading\" data-id=\"eefa016\" data-element_type=\"widget\" data-widget_type=\"heading.default\">\n\t\t\t\t\t<h2 class=\"elementor-heading-title elementor-size-default\">Certificaciones disponibles<\/h2>\t\t\t\t<\/div>\n\t\t<div class=\"elementor-element elementor-element-e9ba795 e-grid e-con-full e-con e-child\" data-id=\"e9ba795\" data-element_type=\"container\">\n\t\t<div class=\"elementor-element elementor-element-56fc3e5 e-con-full e-flex e-con e-child\" data-id=\"56fc3e5\" data-element_type=\"container\">\n\t\t\t\t<div class=\"elementor-element elementor-element-f8a442d elementor-widget elementor-widget-image\" data-id=\"f8a442d\" data-element_type=\"widget\" data-widget_type=\"image.default\">\n\t\t\t\t\t\t\t\t\t\t\t\t\t\t\t<img decoding=\"async\" src=\"https:\/\/usa-official.d5cdn.com\/wp-content\/usa-website-assets\/97e75e2851c569d3ff91325d\/CERTIFIED_USER.png\" title=\"\" alt=\"\" loading=\"lazy\">\t\t\t\t\t\t\t\t\t\t\t\t\t\t\t<\/div>\n\t\t\t\t<div class=\"elementor-element elementor-element-1c70476 elementor-widget elementor-widget-image-box\" data-id=\"1c70476\" data-element_type=\"widget\" data-widget_type=\"image-box.default\">\n\t\t\t\t\t<div class=\"elementor-image-box-wrapper\"><div class=\"elementor-image-box-content\"><h3 class=\"elementor-image-box-title\">D5 Usuario Certificado<\/h3><p class=\"elementor-image-box-description\">Demuestre su competencia en el uso de D5 Render y demuestre su capacidad para ejecutar flujos de trabajo centrales y entregar resultados de renderizado de alta calidad.<\/p><\/div><\/div>\t\t\t\t<\/div>\n\t\t\t\t<div class=\"elementor-element elementor-element-bdeca8b elementor-widget elementor-widget-button\" data-id=\"bdeca8b\" data-element_type=\"widget\" data-widget_type=\"button.default\">\n\t\t\t\t\t\t\t\t\t\t<a class=\"elementor-button elementor-button-link elementor-size-sm\" href=\"\/es\/certification\/d5-certified-user\/\">\n\t\t\t\t\t\t<span class=\"elementor-button-content-wrapper\">\n\t\t\t\t\t\t\t\t\t<span class=\"elementor-button-text\">M\u00e1s informaci\u00f3n<\/span>\n\t\t\t\t\t<\/span>\n\t\t\t\t\t<\/a>\n\t\t\t\t\t\t\t\t<\/div>\n\t\t\t\t<\/div>\n\t\t<div class=\"elementor-element elementor-element-0dcaac9 e-con-full e-flex e-con e-child\" data-id=\"0dcaac9\" data-element_type=\"container\">\n\t\t\t\t<div class=\"elementor-element elementor-element-6737484 elementor-widget elementor-widget-image\" data-id=\"6737484\" data-element_type=\"widget\" data-widget_type=\"image.default\">\n\t\t\t\t\t\t\t\t\t\t\t\t\t\t\t<img decoding=\"async\" src=\"https:\/\/usa-official.d5cdn.com\/wp-content\/usa-website-assets\/97e75e2851c569d3ff91325d\/CERTIFIED_INSTRUCTOR.png\" title=\"\" alt=\"\" loading=\"lazy\">\t\t\t\t\t\t\t\t\t\t\t\t\t\t\t<\/div>\n\t\t\t\t<div class=\"elementor-element elementor-element-8730a7d elementor-widget elementor-widget-image-box\" data-id=\"8730a7d\" data-element_type=\"widget\" data-widget_type=\"image-box.default\">\n\t\t\t\t\t<div class=\"elementor-image-box-wrapper\"><div class=\"elementor-image-box-content\"><h3 class=\"elementor-image-box-title\">Instructor certificado D5<\/h3><p class=\"elementor-image-box-description\">Demuestra tus excepcionales habilidades de instrucci\u00f3n y entrega, as\u00ed como tu profundo conocimiento de D5 Render, para convertirte en un l\u00edder reconocido en la educaci\u00f3n D5.<\/p><\/div><\/div>\t\t\t\t<\/div>\n\t\t\t\t<div class=\"elementor-element elementor-element-984a58f elementor-widget elementor-widget-button\" data-id=\"984a58f\" data-element_type=\"widget\" data-widget_type=\"button.default\">\n\t\t\t\t\t\t\t\t\t\t<a class=\"elementor-button elementor-button-link elementor-size-sm\" href=\"\/es\/certification\/d5-certified-instructor\/\">\n\t\t\t\t\t\t<span class=\"elementor-button-content-wrapper\">\n\t\t\t\t\t\t\t\t\t<span class=\"elementor-button-text\">M\u00e1s informaci\u00f3n<\/span>\n\t\t\t\t\t<\/span>\n\t\t\t\t\t<\/a>\n\t\t\t\t\t\t\t\t<\/div>\n\t\t\t\t<\/div>\n\t\t<div class=\"elementor-element elementor-element-ce51f04 e-con-full e-flex e-con e-child\" data-id=\"ce51f04\" data-element_type=\"container\">\n\t\t\t\t<div class=\"elementor-element elementor-element-be8617c elementor-widget elementor-widget-image\" data-id=\"be8617c\" data-element_type=\"widget\" data-widget_type=\"image.default\">\n\t\t\t\t\t\t\t\t\t\t\t\t\t\t\t<img decoding=\"async\" src=\"https:\/\/usa-official.d5cdn.com\/wp-content\/usa-website-assets\/97e75e2851c569d3ff91325d\/CERTIFIED_TRAINER.png\" title=\"\" alt=\"\" loading=\"lazy\">\t\t\t\t\t\t\t\t\t\t\t\t\t\t\t<\/div>\n\t\t\t\t<div class=\"elementor-element elementor-element-5d65d25 elementor-widget elementor-widget-image-box\" data-id=\"5d65d25\" data-element_type=\"widget\" data-widget_type=\"image-box.default\">\n\t\t\t\t\t<div class=\"elementor-image-box-wrapper\"><div class=\"elementor-image-box-content\"><p class=\"elementor-image-box-title\">D5 Entrenador Certificado - Solo para revendedores<\/p><p class=\"elementor-image-box-description\">Como revendedor de D5, demuestre su compromiso de brindar capacitaci\u00f3n integral, soporte de ventas y t\u00e9cnico para el ecosistema de software D5.<\/p><\/div><\/div>\t\t\t\t<\/div>\n\t\t\t\t<div class=\"elementor-element elementor-element-1787c1e elementor-widget elementor-widget-button\" data-id=\"1787c1e\" data-element_type=\"widget\" data-widget_type=\"button.default\">\n\t\t\t\t\t\t\t\t\t\t<a class=\"elementor-button elementor-button-link elementor-size-sm\" href=\"\/es\/certification\/authorized-training-partner\/\">\n\t\t\t\t\t\t<span class=\"elementor-button-content-wrapper\">\n\t\t\t\t\t\t\t\t\t<span class=\"elementor-button-text\">M\u00e1s informaci\u00f3n<\/span>\n\t\t\t\t\t<\/span>\n\t\t\t\t\t<\/a>\n\t\t\t\t\t\t\t\t<\/div>\n\t\t\t\t<\/div>\n\t\t\t\t<\/div>\n\t\t\t\t\t<\/div>\n\t\t\t\t<\/div>\n\t\t<div class=\"elementor-element elementor-element-b0a9766 e-flex e-con-boxed elementor-invisible e-con e-parent\" data-id=\"b0a9766\" data-element_type=\"container\" data-settings=\"{&quot;animation&quot;:&quot;zoomIn&quot;}\">\n\t\t\t\t\t<div class=\"e-con-inner\">\n\t\t\t\t<div class=\"elementor-element elementor-element-1d3e94a elementor-widget elementor-widget-heading\" data-id=\"1d3e94a\" data-element_type=\"widget\" data-widget_type=\"heading.default\">\n\t\t\t\t\t<h2 class=\"elementor-heading-title elementor-size-default\">Criterios de Certificaci\u00f3n\n<\/h2>\t\t\t\t<\/div>\n\t\t\t\t<div class=\"elementor-element elementor-element-a254e10 elementor-widget elementor-widget-heading\" data-id=\"a254e10\" data-element_type=\"widget\" data-widget_type=\"heading.default\">\n\t\t\t\t\t<p class=\"elementor-heading-title elementor-size-default\">Ofrecemos diferentes certificaciones, cada una con sus propios criterios de evaluaci\u00f3n.<\/p>\t\t\t\t<\/div>\n\t\t<div class=\"elementor-element elementor-element-4354504 e-con-full e-flex e-con e-child\" data-id=\"4354504\" data-element_type=\"container\" data-settings=\"{&quot;background_background&quot;:&quot;classic&quot;}\">\n\t\t\t\t<div class=\"elementor-element elementor-element-3d506af elementor-widget elementor-widget-heading\" data-id=\"3d506af\" data-element_type=\"widget\" data-widget_type=\"heading.default\">\n\t\t\t\t\t<p class=\"elementor-heading-title elementor-size-default\">D5 Usuario Certificado<\/p>\t\t\t\t<\/div>\n\t\t\t\t<div class=\"elementor-element elementor-element-3d5cd56 elementor-widget elementor-widget-button\" data-id=\"3d5cd56\" data-element_type=\"widget\" data-widget_type=\"button.default\">\n\t\t\t\t\t\t\t\t\t\t<a class=\"elementor-button elementor-button-link elementor-size-sm\" href=\"\/es\/certification\/d5-certified-user\/\">\n\t\t\t\t\t\t<span class=\"elementor-button-content-wrapper\">\n\t\t\t\t\t\t\t\t\t<span class=\"elementor-button-text\">Pase el examen de certificaci\u00f3n de habilidades D5.<\/span>\n\t\t\t\t\t<\/span>\n\t\t\t\t\t<\/a>\n\t\t\t\t\t\t\t\t<\/div>\n\t\t\t\t<\/div>\n\t\t<div class=\"elementor-element elementor-element-fa776a6 e-con-full e-grid e-con e-child\" data-id=\"fa776a6\" data-element_type=\"container\" data-settings=\"{&quot;background_background&quot;:&quot;classic&quot;}\">\n\t\t<div class=\"elementor-element elementor-element-19a9aa2 e-con-full e-flex e-con e-child\" data-id=\"19a9aa2\" data-element_type=\"container\">\n\t\t\t\t<div class=\"elementor-element elementor-element-f8ffb1b elementor-widget elementor-widget-heading\" data-id=\"f8ffb1b\" data-element_type=\"widget\" data-widget_type=\"heading.default\">\n\t\t\t\t\t<p class=\"elementor-heading-title elementor-size-default\">Instructor certificado D5<\/p>\t\t\t\t<\/div>\n\t\t\t\t<div class=\"elementor-element elementor-element-7ed41c1 elementor-widget elementor-widget-text-editor\" data-id=\"7ed41c1\" data-element_type=\"widget\" data-widget_type=\"text-editor.default\">\n\t\t\t\t\t\t\t\t\t<p>Antes de solicitar la Certificaci\u00f3n de Instructor, debes completar satisfactoriamente el <a href=\"\/es\/certification\/d5-certified-user\/\">D5 Certificaci\u00f3n de Habilidades<\/a>.<\/p><ul><li><span style=\"color: #ffffff\">Demostrar experiencia sustancial D5, t\u00edpicamente m\u00e1s de 1 a\u00f1o<\/span><\/li><li><span style=\"color: #ffffff\">Proporcionar formaci\u00f3n extensiva de D5 a una amplia base de estudiantes<\/span><\/li><li><span style=\"color: #ffffff\">Crear y compartir m\u00fatiples tutoriales de alta calidad D5<\/span><\/li><li><span style=\"color: #ffffff\">Mantener una presencia activa en la comunidad D5<\/span><\/li><\/ul>\t\t\t\t\t\t\t\t<\/div>\n\t\t\t\t<div class=\"elementor-element elementor-element-d22282d elementor-widget elementor-widget-heading\" data-id=\"d22282d\" data-element_type=\"widget\" data-widget_type=\"heading.default\">\n\t\t\t\t\t<p class=\"elementor-heading-title elementor-size-default\">La solicitud debe presentarse dentro del per\u00edodo de validez de su Certificaci\u00f3n de Habilidades D5 actual.<br \/>Si tu certificaci\u00f3n ha caducado, deber\u00e1s volver a realizar el examen.<\/p>\t\t\t\t<\/div>\n\t\t\t\t<div class=\"elementor-element elementor-element-aa3cddf elementor-widget elementor-widget-button\" data-id=\"aa3cddf\" data-element_type=\"widget\" data-widget_type=\"button.default\">\n\t\t\t\t\t\t\t\t\t\t<a class=\"elementor-button elementor-button-link elementor-size-sm\" href=\"\/es\/certification\/d5-certified-instructor\/\" target=\"_blank\">\n\t\t\t\t\t\t<span class=\"elementor-button-content-wrapper\">\n\t\t\t\t\t\t\t\t\t<span class=\"elementor-button-text\">M\u00e1s informaci\u00f3n<\/span>\n\t\t\t\t\t<\/span>\n\t\t\t\t\t<\/a>\n\t\t\t\t\t\t\t\t<\/div>\n\t\t\t\t<\/div>\n\t\t<div class=\"elementor-element elementor-element-38ed8b1 e-con-full e-flex e-con e-child\" data-id=\"38ed8b1\" data-element_type=\"container\">\n\t\t\t\t<div class=\"elementor-element elementor-element-9815ba6 elementor-widget elementor-widget-image-box\" data-id=\"9815ba6\" data-element_type=\"widget\" data-widget_type=\"image-box.default\">\n\t\t\t\t\t<div class=\"elementor-image-box-wrapper\"><div class=\"elementor-image-box-content\"><p class=\"elementor-image-box-title\">D5 Entrenador Certificado<\/p><p class=\"elementor-image-box-description\">Solo v\u00e1lido para revendedores autorizados D5.\n<\/p><\/div><\/div>\t\t\t\t<\/div>\n\t\t\t\t<div class=\"elementor-element elementor-element-46d4a35 elementor-align-justify elementor-widget elementor-widget-button\" data-id=\"46d4a35\" data-element_type=\"widget\" data-widget_type=\"button.default\">\n\t\t\t\t\t\t\t\t\t\t<a class=\"elementor-button elementor-button-link elementor-size-sm\" href=\"\/es\/reseller\/\" target=\"_blank\">\n\t\t\t\t\t\t<span class=\"elementor-button-content-wrapper\">\n\t\t\t\t\t\t\t\t\t<span class=\"elementor-button-text\">Convi\u00e9rtase en un revendedor autorizado de D5<\/span>\n\t\t\t\t\t<\/span>\n\t\t\t\t\t<\/a>\n\t\t\t\t\t\t\t\t<\/div>\n\t\t\t\t<\/div>\n\t\t\t\t<\/div>\n\t\t\t\t\t<\/div>\n\t\t\t\t<\/div>\n\t\t<div class=\"elementor-element elementor-element-3fd35b7 e-flex e-con-boxed elementor-invisible e-con e-parent\" data-id=\"3fd35b7\" data-element_type=\"container\" data-settings=\"{&quot;animation&quot;:&quot;zoomIn&quot;}\">\n\t\t\t\t\t<div class=\"e-con-inner\">\n\t\t\t\t<div class=\"elementor-element elementor-element-0d5ea7e elementor-widget elementor-widget-heading\" data-id=\"0d5ea7e\" data-element_type=\"widget\" data-widget_type=\"heading.default\">\n\t\t\t\t\t<h2 class=\"elementor-heading-title elementor-size-default\">Beneficios de la certificaci\u00f3n D5\n<\/h2>\t\t\t\t<\/div>\n\t\t<div class=\"elementor-element elementor-element-d7073a7 e-grid e-con-full e-con e-child\" data-id=\"d7073a7\" data-element_type=\"container\">\n\t\t\t\t<div class=\"elementor-element elementor-element-3cad7f2 elementor-position-top elementor-widget elementor-widget-image-box\" data-id=\"3cad7f2\" data-element_type=\"widget\" data-widget_type=\"image-box.default\">\n\t\t\t\t\t<div class=\"elementor-image-box-wrapper\"><figure class=\"elementor-image-box-img\"><img decoding=\"async\" src=\"https:\/\/usa-official.d5cdn.com\/wp-content\/usa-website-assets\/97e75e2851c569d3ff91325d\/certification-benefit01.png\" title=\"\" alt=\"\" loading=\"lazy\"><\/figure><div class=\"elementor-image-box-content\"><p class=\"elementor-image-box-title\">Valida tu experiencia y destaca en la industria<\/p><\/div><\/div>\t\t\t\t<\/div>\n\t\t\t\t<div class=\"elementor-element elementor-element-dc9e10c elementor-position-top elementor-widget elementor-widget-image-box\" data-id=\"dc9e10c\" data-element_type=\"widget\" data-widget_type=\"image-box.default\">\n\t\t\t\t\t<div class=\"elementor-image-box-wrapper\"><figure class=\"elementor-image-box-img\"><img decoding=\"async\" src=\"https:\/\/usa-official.d5cdn.com\/wp-content\/usa-website-assets\/97e75e2851c569d3ff91325d\/certification-benefit02.png\" title=\"\" alt=\"\" loading=\"lazy\"><\/figure><div class=\"elementor-image-box-content\"><p class=\"elementor-image-box-title\">Mejora tu credibilidad profesional y tu potencial de ingresos<\/p><\/div><\/div>\t\t\t\t<\/div>\n\t\t\t\t<div class=\"elementor-element elementor-element-bcd8b02 elementor-position-top elementor-widget elementor-widget-image-box\" data-id=\"bcd8b02\" data-element_type=\"widget\" data-widget_type=\"image-box.default\">\n\t\t\t\t\t<div class=\"elementor-image-box-wrapper\"><figure class=\"elementor-image-box-img\"><img decoding=\"async\" src=\"https:\/\/usa-official.d5cdn.com\/wp-content\/usa-website-assets\/97e75e2851c569d3ff91325d\/certification-benefit03.png\" title=\"\" alt=\"\" loading=\"lazy\"><\/figure><div class=\"elementor-image-box-content\"><p class=\"elementor-image-box-title\">Obt\u00e9n acceso a recursos exclusivos y oportunidades de networking<\/p><\/div><\/div>\t\t\t\t<\/div>\n\t\t\t\t<div class=\"elementor-element elementor-element-aa18017 elementor-position-top elementor-widget elementor-widget-image-box\" data-id=\"aa18017\" data-element_type=\"widget\" data-widget_type=\"image-box.default\">\n\t\t\t\t\t<div class=\"elementor-image-box-wrapper\"><figure class=\"elementor-image-box-img\"><img decoding=\"async\" src=\"https:\/\/usa-official.d5cdn.com\/wp-content\/usa-website-assets\/97e75e2851c569d3ff91325d\/certification-benefit04.png\" title=\"\" alt=\"\" loading=\"lazy\"><\/figure><div class=\"elementor-image-box-content\"><p class=\"elementor-image-box-title\">Demostrar su compromiso con el aprendizaje y la mejora continuos<\/p><\/div><\/div>\t\t\t\t<\/div>\n\t\t\t\t<div class=\"elementor-element elementor-element-1002dd5 elementor-position-top elementor-widget elementor-widget-image-box\" data-id=\"1002dd5\" data-element_type=\"widget\" data-widget_type=\"image-box.default\">\n\t\t\t\t\t<div class=\"elementor-image-box-wrapper\"><figure class=\"elementor-image-box-img\"><img decoding=\"async\" src=\"https:\/\/usa-official.d5cdn.com\/wp-content\/usa-website-assets\/97e75e2851c569d3ff91325d\/certification-benefit05.png\" title=\"\" alt=\"\" loading=\"lazy\"><\/figure><div class=\"elementor-image-box-content\"><p class=\"elementor-image-box-title\">Convi\u00e9rtete en un l\u00edder reconocido en la comunidad D5 Render<\/p><\/div><\/div>\t\t\t\t<\/div>\n\t\t\t\t<\/div>\n\t\t\t\t\t<\/div>\n\t\t\t\t<\/div>\n\t\t<div class=\"elementor-element elementor-element-7513142 e-flex e-con-boxed elementor-invisible e-con e-parent\" data-id=\"7513142\" data-element_type=\"container\" data-settings=\"{&quot;animation&quot;:&quot;zoomIn&quot;}\">\n\t\t\t\t\t<div class=\"e-con-inner\">\n\t\t\t\t<div class=\"elementor-element elementor-element-6b089f5 elementor-cta--skin-classic elementor-animated-content elementor-bg-transform elementor-bg-transform-zoom-in elementor-widget elementor-widget-call-to-action\" data-id=\"6b089f5\" data-element_type=\"widget\" data-widget_type=\"call-to-action.default\">\n\t\t\t\t\t\t\t<div class=\"elementor-cta\">\n\t\t\t\t\t\t\t<div class=\"elementor-cta__content\">\n\t\t\t\t\n\t\t\t\t\t\t\t\t\t<h2 class=\"elementor-cta__title elementor-cta__content-item elementor-content-item\">\n\t\t\t\t\t\tDa el Siguiente Paso\t\t\t\t\t<\/h2>\n\t\t\t\t\n\t\t\t\t\t\t\t\t\t<div class=\"elementor-cta__description elementor-cta__content-item elementor-content-item\">\n\t\t\t\t\t\tExplore el programa de certificaci\u00f3n D5 y comience su viaje hacia una experiencia elevada y nuevas oportunidades.\t\t\t\t\t<\/div>\n\t\t\t\t\n\t\t\t\t\t\t\t\t\t<div class=\"elementor-cta__button-wrapper elementor-cta__content-item elementor-content-item\">\n\t\t\t\t\t<a class=\"elementor-cta__button elementor-button elementor-size-\" href=\"\/es\/certification\/d5-certification-program\/#certify-type\">\n\t\t\t\t\t\tVer detalles\t\t\t\t\t<\/a>\n\t\t\t\t\t<\/div>\n\t\t\t\t\t\t\t<\/div>\n\t\t\t\t\t\t<\/div>\n\t\t\t\t\t\t<\/div>\n\t\t\t\t\t<\/div>\n\t\t\t\t<\/div>\n\t\t\t\t<\/div>","protected":false},"excerpt":{"rendered":"<p>Convi\u00e9rtete en un usuario\/instructor\/entrenador certificado por D5.<\/p>","protected":false},"author":1,"featured_media":0,"parent":179,"menu_order":0,"comment_status":"closed","ping_status":"closed","template":"","meta":{"_acf_changed":false,"_vp_format_video_url":"","_vp_image_focal_point":[],"footnotes":""},"class_list":["post-1854","page","type-page","status-publish","hentry"],"blocksy_meta":[],"acf":[],"_links":{"self":[{"href":"https:\/\/www.d5render.com\/es\/wp-json\/wp\/v2\/pages\/1854","targetHints":{"allow":["GET"]}}],"collection":[{"href":"https:\/\/www.d5render.com\/es\/wp-json\/wp\/v2\/pages"}],"about":[{"href":"https:\/\/www.d5render.com\/es\/wp-json\/wp\/v2\/types\/page"}],"author":[{"embeddable":true,"href":"https:\/\/www.d5render.com\/es\/wp-json\/wp\/v2\/users\/1"}],"replies":[{"embeddable":true,"href":"https:\/\/www.d5render.com\/es\/wp-json\/wp\/v2\/comments?post=1854"}],"version-history":[{"count":19,"href":"https:\/\/www.d5render.com\/es\/wp-json\/wp\/v2\/pages\/1854\/revisions"}],"predecessor-version":[{"id":10376,"href":"https:\/\/www.d5render.com\/es\/wp-json\/wp\/v2\/pages\/1854\/revisions\/10376"}],"up":[{"embeddable":true,"href":"https:\/\/www.d5render.com\/es\/wp-json\/wp\/v2\/pages\/179"}],"wp:attachment":[{"href":"https:\/\/www.d5render.com\/es\/wp-json\/wp\/v2\/media?parent=1854"}],"curies":[{"name":"wp","href":"https:\/\/api.w.org\/{rel}","templated":true}]}}