{"id":1867,"date":"2025-12-18T16:24:55","date_gmt":"2025-12-18T08:24:55","guid":{"rendered":"https:\/\/usa-wps.d5render.com\/?page_id=1867"},"modified":"2026-04-22T11:35:08","modified_gmt":"2026-04-22T03:35:08","slug":"d5-certified-user","status":"publish","type":"page","link":"https:\/\/www.d5render.com\/es\/certification\/d5-certified-user","title":{"rendered":"Convi\u00e9rtete en un Usuario Certificado D5"},"content":{"rendered":"<div data-elementor-type=\"wp-page\" data-elementor-id=\"1867\" class=\"elementor elementor-1867\" data-elementor-post-type=\"page\">\n\t\t\t\t<div class=\"elementor-element elementor-element-f5dff3a e-flex e-con-boxed e-con e-parent\" data-id=\"f5dff3a\" data-element_type=\"container\" data-settings=\"{&quot;background_background&quot;:&quot;classic&quot;}\">\n\t\t\t\t\t<div class=\"e-con-inner\">\n\t\t\t\t<div class=\"elementor-element elementor-element-bec1f0b elementor-widget elementor-widget-heading\" data-id=\"bec1f0b\" data-element_type=\"widget\" data-widget_type=\"heading.default\">\n\t\t\t\t\t<h1 class=\"elementor-heading-title elementor-size-default\">Convi\u00e9rtete en un Usuario Certificado D5\n<\/h1>\t\t\t\t<\/div>\n\t\t\t\t<div class=\"elementor-element elementor-element-bb8177f elementor-widget elementor-widget-heading\" data-id=\"bb8177f\" data-element_type=\"widget\" data-widget_type=\"heading.default\">\n\t\t\t\t\t<p class=\"elementor-heading-title elementor-size-default\">Demuestra tu experiencia con la certificaci\u00f3n D5<\/p>\t\t\t\t<\/div>\n\t\t\t\t<div class=\"elementor-element elementor-element-8ade189 elementor-position-left elementor-vertical-align-middle elementor-widget elementor-widget-image-box\" data-id=\"8ade189\" data-element_type=\"widget\" data-widget_type=\"image-box.default\">\n\t\t\t\t\t<div class=\"elementor-image-box-wrapper\"><figure class=\"elementor-image-box-img\"><img decoding=\"async\" src=\"https:\/\/usa-official.d5cdn.com\/wp-content\/usa-website-assets\/97e75e2851c569d3ff91325d\/CERTIFIED_USER.png\" title=\"\" alt=\"\" loading=\"lazy\"><\/figure><div class=\"elementor-image-box-content\"><p class=\"elementor-image-box-title\">La certificaci\u00f3n de Usuario Certificado D5 valida tu competencia en el uso de D5 Render, el potente software de visualizaci\u00f3n en tiempo real.<\/p><p class=\"elementor-image-box-description\">Al aprobar el examen de certificaci\u00f3n de habilidades D5, puede demostrar su dominio de las funcionalidades principales de D5 y consolidar su posici\u00f3n como un usuario h\u00e1bil de D5 Render.<\/p><\/div><\/div>\t\t\t\t<\/div>\n\t\t\t\t\t<\/div>\n\t\t\t\t<\/div>\n\t\t<div class=\"elementor-element elementor-element-12fe626 e-flex e-con-boxed e-con e-parent\" data-id=\"12fe626\" data-element_type=\"container\">\n\t\t\t\t\t<div class=\"e-con-inner\">\n\t\t\t\t<div class=\"elementor-element elementor-element-f28dcac elementor-widget elementor-widget-heading\" data-id=\"f28dcac\" data-element_type=\"widget\" data-widget_type=\"heading.default\">\n\t\t\t\t\t<p class=\"elementor-heading-title elementor-size-default\">Criterios de Certificaci\u00f3n<\/p>\t\t\t\t<\/div>\n\t\t\t\t<div class=\"elementor-element elementor-element-95ec15d elementor-widget elementor-widget-text-editor\" data-id=\"95ec15d\" data-element_type=\"widget\" data-widget_type=\"text-editor.default\">\n\t\t\t\t\t\t\t\t\t<p>Para convertirse en un Usuario Certificado de D5, debe aprobar <strong>el examen de Certificaci\u00f3n de Habilidades D5 con una puntuaci\u00f3n de 80% o superior.<\/strong><\/p>\t\t\t\t\t\t\t\t<\/div>\n\t\t\t\t\t<\/div>\n\t\t\t\t<\/div>\n\t\t<div class=\"elementor-element elementor-element-e29fe13 e-flex e-con-boxed e-con e-parent\" data-id=\"e29fe13\" data-element_type=\"container\">\n\t\t\t\t\t<div class=\"e-con-inner\">\n\t\t\t\t<div class=\"elementor-element elementor-element-1e69415 elementor-widget elementor-widget-heading\" data-id=\"1e69415\" data-element_type=\"widget\" data-widget_type=\"heading.default\">\n\t\t\t\t\t<h2 class=\"elementor-heading-title elementor-size-default\">D5 Examen de Certificaci\u00f3n de Habilidades\n<\/h2>\t\t\t\t<\/div>\n\t\t\t\t<div class=\"elementor-element elementor-element-94cd6e5 elementor-widget elementor-widget-text-editor\" data-id=\"94cd6e5\" data-element_type=\"widget\" data-widget_type=\"text-editor.default\">\n\t\t\t\t\t\t\t\t\t<div class=\"certify-exam-title\"><div class=\"body-16 opacity-08\">El examen de Certificaci\u00f3n de Habilidades D5 es una evaluaci\u00f3n gratuita y de libre acceso que eval\u00faa sus conocimientos en las siguientes \u00e1reas clave:<\/div><\/div>\t\t\t\t\t\t\t\t<\/div>\n\t\t\t\t\t<\/div>\n\t\t\t\t<\/div>\n\t\t<div class=\"elementor-element elementor-element-d726c52 e-flex e-con-boxed e-con e-parent\" data-id=\"d726c52\" data-element_type=\"container\">\n\t\t\t\t\t<div class=\"e-con-inner\">\n\t\t<div class=\"elementor-element elementor-element-ef46f1a e-con-full e-grid e-con e-child\" data-id=\"ef46f1a\" data-element_type=\"container\" data-settings=\"{&quot;background_background&quot;:&quot;gradient&quot;}\">\n\t\t\t\t<div class=\"elementor-element elementor-element-250b511 elementor-widget elementor-widget-heading\" data-id=\"250b511\" data-element_type=\"widget\" data-widget_type=\"heading.default\">\n\t\t\t\t\t<p class=\"elementor-heading-title elementor-size-default\">Categor\u00eda<\/p>\t\t\t\t<\/div>\n\t\t\t\t<div class=\"elementor-element elementor-element-948d7cb elementor-widget elementor-widget-text-editor\" data-id=\"948d7cb\" data-element_type=\"widget\" data-widget_type=\"text-editor.default\">\n\t\t\t\t\t\t\t\t\t<div class=\"w-layout-cell certify-exam-title-cell right\"><div class=\"body-16---medium opacity06\">Temas<\/div><\/div>\t\t\t\t\t\t\t\t<\/div>\n\t\t\t\t<\/div>\n\t\t<div class=\"elementor-element elementor-element-5c01f54 e-con-full e-grid e-con e-child\" data-id=\"5c01f54\" data-element_type=\"container\">\n\t\t\t\t<div class=\"elementor-element elementor-element-54fd165 elementor-widget elementor-widget-heading\" data-id=\"54fd165\" data-element_type=\"widget\" data-widget_type=\"heading.default\">\n\t\t\t\t\t<p class=\"elementor-heading-title elementor-size-default\">Fundamentos<\/p>\t\t\t\t<\/div>\n\t\t\t\t<div class=\"elementor-element elementor-element-98a7252 elementor-widget elementor-widget-text-editor\" data-id=\"98a7252\" data-element_type=\"widget\" data-widget_type=\"text-editor.default\">\n\t\t\t\t\t\t\t\t\t<ul><li>Bases de hardware<\/li><li>Diferencias entre las versiones Community\/PRO\/Teams\/EDU<\/li><\/ul>\t\t\t\t\t\t\t\t<\/div>\n\t\t\t\t<\/div>\n\t\t<div class=\"elementor-element elementor-element-19d305a e-con-full e-grid e-con e-child\" data-id=\"19d305a\" data-element_type=\"container\">\n\t\t\t\t<div class=\"elementor-element elementor-element-4f0a156 elementor-widget elementor-widget-heading\" data-id=\"4f0a156\" data-element_type=\"widget\" data-widget_type=\"heading.default\">\n\t\t\t\t\t<p class=\"elementor-heading-title elementor-size-default\">Flujo de trabajo<\/p>\t\t\t\t<\/div>\n\t\t\t\t<div class=\"elementor-element elementor-element-be281bd elementor-widget elementor-widget-text-editor\" data-id=\"be281bd\" data-element_type=\"widget\" data-widget_type=\"text-editor.default\">\n\t\t\t\t\t\t\t\t\t<ul><li>Importaci\u00f3n y edici\u00f3n de modelos<\/li><li>Flujos de trabajo generales relacionados<\/li><\/ul>\t\t\t\t\t\t\t\t<\/div>\n\t\t\t\t<\/div>\n\t\t<div class=\"elementor-element elementor-element-0af59c8 e-con-full e-grid e-con e-child\" data-id=\"0af59c8\" data-element_type=\"container\">\n\t\t\t\t<div class=\"elementor-element elementor-element-1ae5e97 elementor-widget elementor-widget-heading\" data-id=\"1ae5e97\" data-element_type=\"widget\" data-widget_type=\"heading.default\">\n\t\t\t\t\t<p class=\"elementor-heading-title elementor-size-default\">Vistas y C\u00e1maras<\/p>\t\t\t\t<\/div>\n\t\t\t\t<div class=\"elementor-element elementor-element-7f103cd elementor-widget elementor-widget-text-editor\" data-id=\"7f103cd\" data-element_type=\"widget\" data-widget_type=\"text-editor.default\">\n\t\t\t\t\t\t\t\t\t<ul><li>Vistas y c\u00e1maras<\/li><\/ul>\t\t\t\t\t\t\t\t<\/div>\n\t\t\t\t<\/div>\n\t\t<div class=\"elementor-element elementor-element-aa0fae0 e-con-full e-grid e-con e-child\" data-id=\"aa0fae0\" data-element_type=\"container\">\n\t\t\t\t<div class=\"elementor-element elementor-element-0d3df39 elementor-widget elementor-widget-heading\" data-id=\"0d3df39\" data-element_type=\"widget\" data-widget_type=\"heading.default\">\n\t\t\t\t\t<p class=\"elementor-heading-title elementor-size-default\">Iluminaci\u00f3n<\/p>\t\t\t\t<\/div>\n\t\t\t\t<div class=\"elementor-element elementor-element-d6501ce elementor-widget elementor-widget-text-editor\" data-id=\"d6501ce\" data-element_type=\"widget\" data-widget_type=\"text-editor.default\">\n\t\t\t\t\t\t\t\t\t<ul><li>Iluminaci\u00f3n<\/li><\/ul>\t\t\t\t\t\t\t\t<\/div>\n\t\t\t\t<\/div>\n\t\t<div class=\"elementor-element elementor-element-c39cb6a e-con-full e-grid e-con e-child\" data-id=\"c39cb6a\" data-element_type=\"container\">\n\t\t\t\t<div class=\"elementor-element elementor-element-1ff40fc elementor-widget elementor-widget-heading\" data-id=\"1ff40fc\" data-element_type=\"widget\" data-widget_type=\"heading.default\">\n\t\t\t\t\t<p class=\"elementor-heading-title elementor-size-default\">Medio ambiente\n<\/p>\t\t\t\t<\/div>\n\t\t\t\t<div class=\"elementor-element elementor-element-a16c64f elementor-widget elementor-widget-text-editor\" data-id=\"a16c64f\" data-element_type=\"widget\" data-widget_type=\"text-editor.default\">\n\t\t\t\t\t\t\t\t\t<ul><li>Luz del cielo y el tiempo<\/li><\/ul>\t\t\t\t\t\t\t\t<\/div>\n\t\t\t\t<\/div>\n\t\t<div class=\"elementor-element elementor-element-10b3d65 e-con-full e-grid e-con e-child\" data-id=\"10b3d65\" data-element_type=\"container\">\n\t\t\t\t<div class=\"elementor-element elementor-element-877a013 elementor-widget elementor-widget-heading\" data-id=\"877a013\" data-element_type=\"widget\" data-widget_type=\"heading.default\">\n\t\t\t\t\t<p class=\"elementor-heading-title elementor-size-default\">Material<\/p>\t\t\t\t<\/div>\n\t\t\t\t<div class=\"elementor-element elementor-element-91f27c0 elementor-widget elementor-widget-text-editor\" data-id=\"91f27c0\" data-element_type=\"widget\" data-widget_type=\"text-editor.default\">\n\t\t\t\t\t\t\t\t\t<ul><li>Sistema de Materiales<\/li><li>Funciones de IA<\/li><\/ul>\t\t\t\t\t\t\t\t<\/div>\n\t\t\t\t<\/div>\n\t\t<div class=\"elementor-element elementor-element-517ef81 e-con-full e-grid e-con e-child\" data-id=\"517ef81\" data-element_type=\"container\">\n\t\t\t\t<div class=\"elementor-element elementor-element-1b23a28 elementor-widget elementor-widget-heading\" data-id=\"1b23a28\" data-element_type=\"widget\" data-widget_type=\"heading.default\">\n\t\t\t\t\t<p class=\"elementor-heading-title elementor-size-default\">Biblioteca de activos<\/p>\t\t\t\t<\/div>\n\t\t\t\t<div class=\"elementor-element elementor-element-3f6216e elementor-widget elementor-widget-text-editor\" data-id=\"3f6216e\" data-element_type=\"widget\" data-widget_type=\"text-editor.default\">\n\t\t\t\t\t\t\t\t\t<ul><li>Biblioteca de activos<\/li><\/ul>\t\t\t\t\t\t\t\t<\/div>\n\t\t\t\t<\/div>\n\t\t<div class=\"elementor-element elementor-element-c34aa84 e-con-full e-grid e-con e-child\" data-id=\"c34aa84\" data-element_type=\"container\">\n\t\t\t\t<div class=\"elementor-element elementor-element-2b21a2e elementor-widget elementor-widget-heading\" data-id=\"2b21a2e\" data-element_type=\"widget\" data-widget_type=\"heading.default\">\n\t\t\t\t\t<p class=\"elementor-heading-title elementor-size-default\">Herramientas<\/p>\t\t\t\t<\/div>\n\t\t\t\t<div class=\"elementor-element elementor-element-8db2bec elementor-widget elementor-widget-text-editor\" data-id=\"8db2bec\" data-element_type=\"widget\" data-widget_type=\"text-editor.default\">\n\t\t\t\t\t\t\t\t\t<ul><li>Herramientas<\/li><\/ul>\t\t\t\t\t\t\t\t<\/div>\n\t\t\t\t<\/div>\n\t\t<div class=\"elementor-element elementor-element-b2bd8e9 e-con-full e-grid e-con e-child\" data-id=\"b2bd8e9\" data-element_type=\"container\">\n\t\t\t\t<div class=\"elementor-element elementor-element-ca6c57a elementor-widget elementor-widget-heading\" data-id=\"ca6c57a\" data-element_type=\"widget\" data-widget_type=\"heading.default\">\n\t\t\t\t\t<p class=\"elementor-heading-title elementor-size-default\">Efecto<\/p>\t\t\t\t<\/div>\n\t\t\t\t<div class=\"elementor-element elementor-element-9a09d5c elementor-widget elementor-widget-text-editor\" data-id=\"9a09d5c\" data-element_type=\"widget\" data-widget_type=\"text-editor.default\">\n\t\t\t\t\t\t\t\t\t<ul><li>LUT<\/li><li>Posprocesamiento<\/li><li>Estilo<\/li><\/ul>\t\t\t\t\t\t\t\t<\/div>\n\t\t\t\t<\/div>\n\t\t<div class=\"elementor-element elementor-element-8143b69 e-con-full e-grid e-con e-child\" data-id=\"8143b69\" data-element_type=\"container\">\n\t\t\t\t<div class=\"elementor-element elementor-element-58ffa7f elementor-widget elementor-widget-heading\" data-id=\"58ffa7f\" data-element_type=\"widget\" data-widget_type=\"heading.default\">\n\t\t\t\t\t<p class=\"elementor-heading-title elementor-size-default\">Presentaci\u00f3n<\/p>\t\t\t\t<\/div>\n\t\t\t\t<div class=\"elementor-element elementor-element-dacbb60 elementor-widget elementor-widget-text-editor\" data-id=\"dacbb60\" data-element_type=\"widget\" data-widget_type=\"text-editor.default\">\n\t\t\t\t\t\t\t\t\t<ul><li>Presentaci\u00f3n<\/li><\/ul>\t\t\t\t\t\t\t\t<\/div>\n\t\t\t\t<\/div>\n\t\t\t\t<div class=\"elementor-element elementor-element-28d0b71 elementor-widget elementor-widget-text-editor\" data-id=\"28d0b71\" data-element_type=\"widget\" data-widget_type=\"text-editor.default\">\n\t\t\t\t\t\t\t\t\t<div class=\"certify-exam-title\"><div class=\"body-16 opacity-08\">Puedes referirte a la <a href=\"https:\/\/docs.d5render.com\" target=\"_blank\" rel=\"noopener\">D5 Centro de Ayuda<\/a> para contenido detallado sobre estos temas. El banco de preguntas del examen se actualizar\u00e1 peri\u00f3dicamente para incluir evaluaciones de nuevas funciones.<\/div><\/div>\t\t\t\t\t\t\t\t<\/div>\n\t\t\t\t\t<\/div>\n\t\t\t\t<\/div>\n\t\t<div class=\"elementor-element elementor-element-84e7703 e-flex e-con-boxed e-con e-parent\" data-id=\"84e7703\" data-element_type=\"container\">\n\t\t\t\t\t<div class=\"e-con-inner\">\n\t\t\t\t<div class=\"elementor-element elementor-element-3376420 elementor-widget elementor-widget-heading\" data-id=\"3376420\" data-element_type=\"widget\" data-widget_type=\"heading.default\">\n\t\t\t\t\t<h2 class=\"elementor-heading-title elementor-size-default\">Proceso de examen\n<\/h2>\t\t\t\t<\/div>\n\t\t\t\t<div class=\"elementor-element elementor-element-204aec0 elementor-widget elementor-widget-text-editor\" data-id=\"204aec0\" data-element_type=\"widget\" data-widget_type=\"text-editor.default\">\n\t\t\t\t\t\t\t\t\t<div class=\"certify-exam-title\"><div class=\"body-16 opacity-08\">1. Reg\u00edstrese para una cuenta de D5 y acceda a la secci\u00f3n de Certificaci\u00f3n de D5 en <strong><a href=\"https:\/\/myspace.d5render.com\/cert\" target=\"_blank\" rel=\"noopener\">MySpace<\/a><\/strong>.<\/div><\/div>\t\t\t\t\t\t\t\t<\/div>\n\t\t\t\t<div class=\"elementor-element elementor-element-26cdfdc elementor-widget elementor-widget-image\" data-id=\"26cdfdc\" data-element_type=\"widget\" data-widget_type=\"image.default\">\n\t\t\t\t\t\t\t\t\t\t\t\t\t\t\t<img decoding=\"async\" src=\"https:\/\/usa-official.d5cdn.com\/wp-content\/usa-website-assets\/d1ef14d4c63d97cad7bcffd3\/66b04eb2f3be7d8fbf4c2ab8_certification-user-exam01.png\" title=\"\" alt=\"\" loading=\"lazy\">\t\t\t\t\t\t\t\t\t\t\t\t\t\t\t<\/div>\n\t\t\t\t<div class=\"elementor-element elementor-element-6010ea1 elementor-widget elementor-widget-text-editor\" data-id=\"6010ea1\" data-element_type=\"widget\" data-widget_type=\"text-editor.default\">\n\t\t\t\t\t\t\t\t\t<div class=\"certify-exam-title\"><div class=\"body-16 opacity-08\">2. Realiza el examen de 30 minutos. Al aprobar, recibir\u00e1s tu certificaci\u00f3n de Usuario Certificado y credencial digital D5.<\/div><\/div>\t\t\t\t\t\t\t\t<\/div>\n\t\t\t\t<div class=\"elementor-element elementor-element-b68b59d elementor-widget elementor-widget-image\" data-id=\"b68b59d\" data-element_type=\"widget\" data-widget_type=\"image.default\">\n\t\t\t\t\t\t\t\t\t\t\t\t\t\t\t<img decoding=\"async\" src=\"https:\/\/usa-official.d5cdn.com\/wp-content\/usa-website-assets\/d1ef14d4c63d97cad7bcffd3\/66b04eb27abf98df89eae349_certification-user-exam02.png\" title=\"\" alt=\"\" loading=\"lazy\">\t\t\t\t\t\t\t\t\t\t\t\t\t\t\t<\/div>\n\t\t\t\t<div class=\"elementor-element elementor-element-6bfdb77 elementor-widget elementor-widget-text-editor\" data-id=\"6bfdb77\" data-element_type=\"widget\" data-widget_type=\"text-editor.default\">\n\t\t\t\t\t\t\t\t\t<div class=\"certify-exam-title\"><div class=\"body-16 opacity-08\">3. Si no apruebas el examen de certificaci\u00f3n, deber\u00e1s regresar a My Space para repetirlo.<\/div><\/div>\t\t\t\t\t\t\t\t<\/div>\n\t\t\t\t\t<\/div>\n\t\t\t\t<\/div>\n\t\t<div class=\"elementor-element elementor-element-e2b692f e-flex e-con-boxed e-con e-parent\" data-id=\"e2b692f\" data-element_type=\"container\">\n\t\t\t\t\t<div class=\"e-con-inner\">\n\t\t\t\t<div class=\"elementor-element elementor-element-3771146 elementor-widget elementor-widget-heading\" data-id=\"3771146\" data-element_type=\"widget\" data-widget_type=\"heading.default\">\n\t\t\t\t\t<h2 class=\"elementor-heading-title elementor-size-default\">Validez de la certificaci\u00f3n<\/h2>\t\t\t\t<\/div>\n\t\t\t\t<div class=\"elementor-element elementor-element-dde78f5 elementor-widget elementor-widget-text-editor\" data-id=\"dde78f5\" data-element_type=\"widget\" data-widget_type=\"text-editor.default\">\n\t\t\t\t\t\t\t\t\t<p>La certificaci\u00f3n de Usuario Certificado D5 es v\u00e1lida por el a\u00f1o calendario actual. Despu\u00e9s de su vencimiento, puede repetir el examen para renovar su certificaci\u00f3n y mantener sus habilidades actualizadas con el ecosistema D5 en evoluci\u00f3n.<\/p><p>\u00a1Eleva tu experiencia y \u00fanete hoy a la Comunidad Certificada D5!<\/p>\t\t\t\t\t\t\t\t<\/div>\n\t\t\t\t<div class=\"elementor-element elementor-element-35a6e02 elementor-widget elementor-widget-button\" data-id=\"35a6e02\" data-element_type=\"widget\" data-widget_type=\"button.default\">\n\t\t\t\t\t\t\t\t\t\t<a class=\"elementor-button elementor-button-link elementor-size-sm\" href=\"https:\/\/myspace.d5render.com\/cert\">\n\t\t\t\t\t\t<span class=\"elementor-button-content-wrapper\">\n\t\t\t\t\t\t\t\t\t<span class=\"elementor-button-text\">Comenzar el examen<\/span>\n\t\t\t\t\t<\/span>\n\t\t\t\t\t<\/a>\n\t\t\t\t\t\t\t\t<\/div>\n\t\t\t\t\t<\/div>\n\t\t\t\t<\/div>\n\t\t<div class=\"elementor-element elementor-element-5f81d1b e-flex e-con-boxed e-con e-parent\" data-id=\"5f81d1b\" data-element_type=\"container\">\n\t\t\t\t\t<div class=\"e-con-inner\">\n\t\t<div class=\"elementor-element elementor-element-5fbff36 e-con-full e-flex e-con e-child\" data-id=\"5fbff36\" data-element_type=\"container\">\n\t\t\t\t<div class=\"elementor-element elementor-element-ac38e75 elementor-widget elementor-widget-heading\" data-id=\"ac38e75\" data-element_type=\"widget\" data-widget_type=\"heading.default\">\n\t\t\t\t\t<h2 class=\"elementor-heading-title elementor-size-default\">PREGUNTAS FRECUENTES<\/h2>\t\t\t\t<\/div>\n\t\t\t\t<\/div>\n\t\t<div class=\"elementor-element elementor-element-00275de e-con-full e-flex e-con e-child\" data-id=\"00275de\" data-element_type=\"container\">\n\t\t\t\t<div class=\"elementor-element elementor-element-e2441e9 elementor-widget elementor-widget-n-accordion\" data-id=\"e2441e9\" data-element_type=\"widget\" data-settings=\"{&quot;default_state&quot;:&quot;all_collapsed&quot;,&quot;max_items_expended&quot;:&quot;multiple&quot;,&quot;n_accordion_animation_duration&quot;:{&quot;unit&quot;:&quot;ms&quot;,&quot;size&quot;:400,&quot;sizes&quot;:[]}}\" data-widget_type=\"nested-accordion.default\">\n\t\t\t\t\t\t\t<div class=\"e-n-accordion\" aria-label=\"Acorde\u00f3n. Abra los enlaces con Intro o Espacio, ci\u00e9rrelos con Escape y navegue con las teclas de flecha.\">\n\t\t\t\t\t\t<details id=\"e-n-accordion-item-2370\" class=\"e-n-accordion-item\" >\n\t\t\t\t<summary class=\"e-n-accordion-item-title\" data-accordion-index=\"1\" tabindex=\"0\" aria-expanded=\"false\" aria-controls=\"e-n-accordion-item-2370\" >\n\t\t\t\t\t<span class='e-n-accordion-item-title-header'><div class=\"e-n-accordion-item-title-text\">  \u00bfC\u00f3mo solicito el programa de Instructor Certificado D5? <\/div><\/span>\n\t\t\t\t\t\t\t<span class='e-n-accordion-item-title-icon'>\n\t\t\t<span class='e-opened' ><svg aria-hidden=\"true\" class=\"e-font-icon-svg e-fas-chevron-up\" viewbox=\"0 0 448 512\" xmlns=\"http:\/\/www.w3.org\/2000\/svg\"><path d=\"M240.971 130.524l194.343 194.343c9.373 9.373 9.373 24.569 0 33.941l-22.667 22.667c-9.357 9.357-24.522 9.375-33.901.04L224 227.495 69.255 381.516c-9.379 9.335-24.544 9.317-33.901-.04l-22.667-22.667c-9.373-9.373-9.373-24.569 0-33.941L207.03 130.525c9.372-9.373 24.568-9.373 33.941-.001z\"><\/path><\/svg><\/span>\n\t\t\t<span class='e-closed'><svg aria-hidden=\"true\" class=\"e-font-icon-svg e-fas-chevron-down\" viewbox=\"0 0 448 512\" xmlns=\"http:\/\/www.w3.org\/2000\/svg\"><path d=\"M207.029 381.476L12.686 187.132c-9.373-9.373-9.373-24.569 0-33.941l22.667-22.667c9.357-9.357 24.522-9.375 33.901-.04L224 284.505l154.745-154.021c9.379-9.335 24.544-9.317 33.901.04l22.667 22.667c9.373 9.373 9.373 24.569 0 33.941L240.971 381.476c-9.373 9.372-24.569 9.372-33.942 0z\"><\/path><\/svg><\/span>\n\t\t<\/span>\n\n\t\t\t\t\t\t<\/summary>\n\t\t\t\t<div role=\"region\" aria-labelledby=\"e-n-accordion-item-2370\" class=\"elementor-element elementor-element-67c4ef0 e-con-full e-flex e-con e-child\" data-id=\"67c4ef0\" data-element_type=\"container\">\n\t\t\t\t<div class=\"elementor-element elementor-element-b2de926 elementor-widget elementor-widget-text-editor\" data-id=\"b2de926\" data-element_type=\"widget\" data-widget_type=\"text-editor.default\">\n\t\t\t\t\t\t\t\t\t<p>Para solicitar, simplemente haz clic en \"Solicitar\" en esta p\u00e1gina y completa el formulario de solicitud en l\u00ednea. Nuestro equipo revisar\u00e1 tu env\u00edo en un plazo de 14 d\u00edas h\u00e1biles. Si tu solicitud cumple con los criterios de certificaci\u00f3n, nos pondremos en contacto contigo para confirmar la colaboraci\u00f3n y proporcionarte los materiales de verificaci\u00f3n oficiales. (Ten en cuenta que es posible que no enviemos notificaciones para las solicitudes no exitosas).<\/p>\t\t\t\t\t\t\t\t<\/div>\n\t\t\t\t<\/div>\n\t\t\t\t\t<\/details>\n\t\t\t\t\t\t<details id=\"e-n-accordion-item-2371\" class=\"e-n-accordion-item\" >\n\t\t\t\t<summary class=\"e-n-accordion-item-title\" data-accordion-index=\"2\" tabindex=\"-1\" aria-expanded=\"false\" aria-controls=\"e-n-accordion-item-2371\" >\n\t\t\t\t\t<span class='e-n-accordion-item-title-header'><div class=\"e-n-accordion-item-title-text\"> \u00bfCu\u00e1nto dura la validez de la certificaci\u00f3n de Instructor Certificado D5? <\/div><\/span>\n\t\t\t\t\t\t\t<span class='e-n-accordion-item-title-icon'>\n\t\t\t<span class='e-opened' ><svg aria-hidden=\"true\" class=\"e-font-icon-svg e-fas-chevron-up\" viewbox=\"0 0 448 512\" xmlns=\"http:\/\/www.w3.org\/2000\/svg\"><path d=\"M240.971 130.524l194.343 194.343c9.373 9.373 9.373 24.569 0 33.941l-22.667 22.667c-9.357 9.357-24.522 9.375-33.901.04L224 227.495 69.255 381.516c-9.379 9.335-24.544 9.317-33.901-.04l-22.667-22.667c-9.373-9.373-9.373-24.569 0-33.941L207.03 130.525c9.372-9.373 24.568-9.373 33.941-.001z\"><\/path><\/svg><\/span>\n\t\t\t<span class='e-closed'><svg aria-hidden=\"true\" class=\"e-font-icon-svg e-fas-chevron-down\" viewbox=\"0 0 448 512\" xmlns=\"http:\/\/www.w3.org\/2000\/svg\"><path d=\"M207.029 381.476L12.686 187.132c-9.373-9.373-9.373-24.569 0-33.941l22.667-22.667c9.357-9.357 24.522-9.375 33.901-.04L224 284.505l154.745-154.021c9.379-9.335 24.544-9.317 33.901.04l22.667 22.667c9.373 9.373 9.373 24.569 0 33.941L240.971 381.476c-9.373 9.372-24.569 9.372-33.942 0z\"><\/path><\/svg><\/span>\n\t\t<\/span>\n\n\t\t\t\t\t\t<\/summary>\n\t\t\t\t<div role=\"region\" aria-labelledby=\"e-n-accordion-item-2371\" class=\"elementor-element elementor-element-b48f88c e-con-full e-flex e-con e-child\" data-id=\"b48f88c\" data-element_type=\"container\">\n\t\t\t\t<div class=\"elementor-element elementor-element-4ab2fc9 elementor-widget elementor-widget-text-editor\" data-id=\"4ab2fc9\" data-element_type=\"widget\" data-widget_type=\"text-editor.default\">\n\t\t\t\t\t\t\t\t\t<p>La certificaci\u00f3n de Instructor D5 certificado es v\u00e1lida por un a\u00f1o. Despu\u00e9s del per\u00edodo de un a\u00f1o, deber\u00e1 solicitar al equipo de D5 la renovaci\u00f3n de su certificaci\u00f3n.<\/p>\t\t\t\t\t\t\t\t<\/div>\n\t\t\t\t<\/div>\n\t\t\t\t\t<\/details>\n\t\t\t\t\t<\/div>\n\t\t\t\t\t\t<\/div>\n\t\t\t\t<\/div>\n\t\t\t\t\t<\/div>\n\t\t\t\t<\/div>\n\t\t\t\t<\/div>","protected":false},"excerpt":{"rendered":"<p>La certificaci\u00f3n de Usuario Certificado D5 valida su competencia en el uso de D5 Render.<\/p>","protected":false},"author":1,"featured_media":0,"parent":179,"menu_order":0,"comment_status":"closed","ping_status":"closed","template":"","meta":{"_acf_changed":false,"_vp_format_video_url":"","_vp_image_focal_point":[],"footnotes":""},"class_list":["post-1867","page","type-page","status-publish","hentry"],"blocksy_meta":[],"acf":[],"_links":{"self":[{"href":"https:\/\/www.d5render.com\/es\/wp-json\/wp\/v2\/pages\/1867","targetHints":{"allow":["GET"]}}],"collection":[{"href":"https:\/\/www.d5render.com\/es\/wp-json\/wp\/v2\/pages"}],"about":[{"href":"https:\/\/www.d5render.com\/es\/wp-json\/wp\/v2\/types\/page"}],"author":[{"embeddable":true,"href":"https:\/\/www.d5render.com\/es\/wp-json\/wp\/v2\/users\/1"}],"replies":[{"embeddable":true,"href":"https:\/\/www.d5render.com\/es\/wp-json\/wp\/v2\/comments?post=1867"}],"version-history":[{"count":16,"href":"https:\/\/www.d5render.com\/es\/wp-json\/wp\/v2\/pages\/1867\/revisions"}],"predecessor-version":[{"id":8318,"href":"https:\/\/www.d5render.com\/es\/wp-json\/wp\/v2\/pages\/1867\/revisions\/8318"}],"up":[{"embeddable":true,"href":"https:\/\/www.d5render.com\/es\/wp-json\/wp\/v2\/pages\/179"}],"wp:attachment":[{"href":"https:\/\/www.d5render.com\/es\/wp-json\/wp\/v2\/media?parent=1867"}],"curies":[{"name":"wp","href":"https:\/\/api.w.org\/{rel}","templated":true}]}}