{"id":2186,"date":"2025-12-25T17:57:09","date_gmt":"2025-12-25T09:57:09","guid":{"rendered":"https:\/\/usa-wps.d5render.com\/?page_id=2186"},"modified":"2026-04-22T15:32:57","modified_gmt":"2026-04-22T07:32:57","slug":"reseller","status":"publish","type":"page","link":"https:\/\/www.d5render.com\/es\/reseller","title":{"rendered":"Convi\u00e9rtete en un revendedor D5 Render"},"content":{"rendered":"<div data-elementor-type=\"wp-page\" data-elementor-id=\"2186\" class=\"elementor elementor-2186\" data-elementor-post-type=\"page\">\n\t\t\t\t<div class=\"elementor-element elementor-element-c284727 e-flex e-con-boxed e-con e-parent\" data-id=\"c284727\" data-element_type=\"container\" data-settings=\"{&quot;background_background&quot;:&quot;classic&quot;}\">\n\t\t\t\t\t<div class=\"e-con-inner\">\n\t\t\t\t<div class=\"elementor-element elementor-element-e61d567 elementor-widget elementor-widget-text-editor\" data-id=\"e61d567\" data-element_type=\"widget\" data-widget_type=\"text-editor.default\">\n\t\t\t\t\t\t\t\t\t<p>SOCIOS GLOBALES<\/p>\t\t\t\t\t\t\t\t<\/div>\n\t\t\t\t<div class=\"elementor-element elementor-element-6d554d8 elementor-widget elementor-widget-heading\" data-id=\"6d554d8\" data-element_type=\"widget\" data-widget_type=\"heading.default\">\n\t\t\t\t\t<h1 class=\"elementor-heading-title elementor-size-default\">Convi\u00e9rtete en un revendedor D5\n<\/h1>\t\t\t\t<\/div>\n\t\t\t\t<div class=\"elementor-element elementor-element-dbfe24a elementor-widget elementor-widget-text-editor\" data-id=\"dbfe24a\" data-element_type=\"widget\" data-widget_type=\"text-editor.default\">\n\t\t\t\t\t\t\t\t\t<p>As\u00f3ciese con D5 para ofrecer valor al cliente con una soluci\u00f3n l\u00edder de dise\u00f1o y visualizaci\u00f3n.<\/p>\t\t\t\t\t\t\t\t<\/div>\n\t\t\t\t<div class=\"elementor-element elementor-element-43f9fe9 elementor-widget elementor-widget-button\" data-id=\"43f9fe9\" data-element_type=\"widget\" data-widget_type=\"button.default\">\n\t\t\t\t\t\t\t\t\t\t<a class=\"elementor-button elementor-button-link elementor-size-sm\" href=\"https:\/\/forms.gle\/JGyJwJFTDvFawmxo6\" target=\"_blank\" rel=\"nofollow noopener\">\n\t\t\t\t\t\t<span class=\"elementor-button-content-wrapper\">\n\t\t\t\t\t\t\t\t\t<span class=\"elementor-button-text\">\u00danete a nosotros ahora<\/span>\n\t\t\t\t\t<\/span>\n\t\t\t\t\t<\/a>\n\t\t\t\t\t\t\t\t<\/div>\n\t\t\t\t\t<\/div>\n\t\t\t\t<\/div>\n\t\t<div class=\"elementor-element elementor-element-2ac1250 e-flex e-con-boxed e-con e-parent\" data-id=\"2ac1250\" data-element_type=\"container\">\n\t\t\t\t\t<div class=\"e-con-inner\">\n\t\t\t\t<div class=\"elementor-element elementor-element-193f55a elementor-widget elementor-widget-heading\" data-id=\"193f55a\" data-element_type=\"widget\" data-widget_type=\"heading.default\">\n\t\t\t\t\t<h2 class=\"elementor-heading-title elementor-size-default\">Beneficios para Nuestros Socios<\/h2>\t\t\t\t<\/div>\n\t\t\t\t\t<\/div>\n\t\t\t\t<\/div>\n\t\t<div class=\"elementor-element elementor-element-0105157 e-flex e-con-boxed elementor-invisible e-con e-parent\" data-id=\"0105157\" data-element_type=\"container\" data-settings=\"{&quot;animation&quot;:&quot;fadeInUp&quot;}\">\n\t\t\t\t\t<div class=\"e-con-inner\">\n\t\t<div class=\"elementor-element elementor-element-8d4bff0 e-con-full e-flex e-con e-child\" data-id=\"8d4bff0\" data-element_type=\"container\" data-settings=\"{&quot;background_background&quot;:&quot;classic&quot;}\">\n\t\t\t\t<div class=\"elementor-element elementor-element-ed2f5c0 elementor-widget elementor-widget-image-box\" data-id=\"ed2f5c0\" data-element_type=\"widget\" data-widget_type=\"image-box.default\">\n\t\t\t\t\t<div class=\"elementor-image-box-wrapper\"><div class=\"elementor-image-box-content\"><h3 class=\"elementor-image-box-title\">Soporte de Marketing<\/h3><p class=\"elementor-image-box-description\">Accede a soporte de marketing integral para potenciar tus esfuerzos de ventas. Benef\u00edciate de una variedad de materiales promocionales, como folletos, videos de productos y demostraciones, para mostrar eficazmente el valor de nuestro software a tus clientes.<\/p><\/div><\/div>\t\t\t\t<\/div>\n\t\t\t\t<\/div>\n\t\t<div class=\"elementor-element elementor-element-cfc9648 e-con-full e-flex e-con e-child\" data-id=\"cfc9648\" data-element_type=\"container\" data-settings=\"{&quot;background_background&quot;:&quot;classic&quot;}\">\n\t\t\t\t<div class=\"elementor-element elementor-element-719f624 elementor-widget elementor-widget-image-box\" data-id=\"719f624\" data-element_type=\"widget\" data-widget_type=\"image-box.default\">\n\t\t\t\t\t<div class=\"elementor-image-box-wrapper\"><div class=\"elementor-image-box-content\"><h3 class=\"elementor-image-box-title\">Recursos de capacitaci\u00f3n<\/h3><p class=\"elementor-image-box-description\">Obtenga acceso a recursos de capacitaci\u00f3n dedicados para mejorar su conocimiento del producto y sus habilidades t\u00e9cnicas. Mant\u00e9ngase actualizado con las \u00faltimas funciones y avances en nuestro software a trav\u00e9s de sesiones de capacitaci\u00f3n y materiales educativos.<\/p><\/div><\/div>\t\t\t\t<\/div>\n\t\t\t\t<\/div>\n\t\t\t\t\t<\/div>\n\t\t\t\t<\/div>\n\t\t<div class=\"elementor-element elementor-element-a7e6089 e-flex e-con-boxed elementor-invisible e-con e-parent\" data-id=\"a7e6089\" data-element_type=\"container\" data-settings=\"{&quot;animation&quot;:&quot;fadeInUp&quot;}\">\n\t\t\t\t\t<div class=\"e-con-inner\">\n\t\t<div class=\"elementor-element elementor-element-de1675d e-con-full e-flex e-con e-child\" data-id=\"de1675d\" data-element_type=\"container\" data-settings=\"{&quot;background_background&quot;:&quot;classic&quot;}\">\n\t\t\t\t<div class=\"elementor-element elementor-element-dd9c67b elementor-widget elementor-widget-image-box\" data-id=\"dd9c67b\" data-element_type=\"widget\" data-widget_type=\"image-box.default\">\n\t\t\t\t\t<div class=\"elementor-image-box-wrapper\"><div class=\"elementor-image-box-content\"><h3 class=\"elementor-image-box-title\">Equipo de Soporte Dedicado<\/h3><p class=\"elementor-image-box-description\">Reciba asistencia y orientaci\u00f3n prioritarias de nuestro equipo de soporte dedicado. Estamos comprometidos a brindar soporte r\u00e1pido y confiable para abordar cualquier consulta, problema t\u00e9cnico o inquietud de cliente que pueda tener.<\/p><\/div><\/div>\t\t\t\t<\/div>\n\t\t\t\t<\/div>\n\t\t<div class=\"elementor-element elementor-element-cbcd52b e-con-full e-flex e-con e-child\" data-id=\"cbcd52b\" data-element_type=\"container\" data-settings=\"{&quot;background_background&quot;:&quot;classic&quot;}\">\n\t\t\t\t<div class=\"elementor-element elementor-element-6a4fb2d elementor-widget elementor-widget-image-box\" data-id=\"6a4fb2d\" data-element_type=\"widget\" data-widget_type=\"image-box.default\">\n\t\t\t\t\t<div class=\"elementor-image-box-wrapper\"><div class=\"elementor-image-box-content\"><h3 class=\"elementor-image-box-title\">Caracter\u00edsticas y Incentivos Exclusivos<\/h3><p class=\"elementor-image-box-description\">Aproveche las funciones exclusivas de nuestro software para diferenciarse en el mercado. Maximice su potencial de ganancias promocionando la soluci\u00f3n de vanguardia con capacidades de IA integradas.<\/p><\/div><\/div>\t\t\t\t<\/div>\n\t\t\t\t<\/div>\n\t\t\t\t\t<\/div>\n\t\t\t\t<\/div>\n\t\t<div class=\"elementor-element elementor-element-96d843c e-flex e-con-boxed e-con e-parent\" data-id=\"96d843c\" data-element_type=\"container\" data-settings=\"{&quot;background_background&quot;:&quot;classic&quot;}\">\n\t\t\t\t\t<div class=\"e-con-inner\">\n\t\t\t\t<div class=\"elementor-element elementor-element-ee93b53 elementor-widget elementor-widget-heading\" data-id=\"ee93b53\" data-element_type=\"widget\" data-widget_type=\"heading.default\">\n\t\t\t\t\t<h2 class=\"elementor-heading-title elementor-size-default\">Requisitos para ser un revendedor D5<\/h2>\t\t\t\t<\/div>\n\t\t\t\t<div class=\"elementor-element elementor-element-14a0958 elementor-widget elementor-widget-text-editor\" data-id=\"14a0958\" data-element_type=\"widget\" data-widget_type=\"text-editor.default\">\n\t\t\t\t\t\t\t\t\t<ul><li>Experiencia en la Industria: Experiencia demostrada en Manufactura, AEC y visualizaci\u00f3n arquitect\u00f3nica.<\/li><li>Alcance geogr\u00e1fico: Mercado\/regi\u00f3n objetivo para la distribuci\u00f3n de D5 y red existente.<\/li><li>Plan de Ventas y Marketing: Estrategia clara para promocionar y vender D5.<\/li><li>Competencia T\u00e9cnica: Conocimiento y dominio del software de renderizado 3D.<\/li><li>Estabilidad Financiera: Evidencia de estabilidad financiera y capacidad de inversi\u00f3n.<\/li><li>Compromiso y Apoyo: Dedicaci\u00f3n para promover y apoyar activamente D5.<\/li><li>Referencias previas de clientes o socios\/testimonios.<\/li><\/ul>\t\t\t\t\t\t\t\t<\/div>\n\t\t\t\t<div class=\"elementor-element elementor-element-ad79032 elementor-widget elementor-widget-button\" data-id=\"ad79032\" data-element_type=\"widget\" data-widget_type=\"button.default\">\n\t\t\t\t\t\t\t\t\t\t<a class=\"elementor-button elementor-button-link elementor-size-sm\" href=\"https:\/\/forms.gle\/JGyJwJFTDvFawmxo6\" rel=\"nofollow noopener\" target=\"_blank\">\n\t\t\t\t\t\t<span class=\"elementor-button-content-wrapper\">\n\t\t\t\t\t\t\t\t\t<span class=\"elementor-button-text\">\u00danete a nosotros ahora<\/span>\n\t\t\t\t\t<\/span>\n\t\t\t\t\t<\/a>\n\t\t\t\t\t\t\t\t<\/div>\n\t\t\t\t\t<\/div>\n\t\t\t\t<\/div>\n\t\t\t\t<\/div>","protected":false},"excerpt":{"rendered":"<p>GLOBAL PARTNERS Become a D5 Reseller Partner with D5 to deliver customer value with a leading design &amp; visualization solution Join Us Now Benefits for Our Partners Marketing Support Access comprehensive marketing support to amplify your sales efforts. Benefit from a range of promotional materials, including brochures, product videos, and demos, to effectively showcase the [&hellip;]<\/p>","protected":false},"author":5,"featured_media":0,"parent":0,"menu_order":0,"comment_status":"closed","ping_status":"closed","template":"","meta":{"_acf_changed":false,"_vp_format_video_url":"","_vp_image_focal_point":[],"footnotes":""},"class_list":["post-2186","page","type-page","status-publish","hentry"],"blocksy_meta":[],"acf":[],"_links":{"self":[{"href":"https:\/\/www.d5render.com\/es\/wp-json\/wp\/v2\/pages\/2186","targetHints":{"allow":["GET"]}}],"collection":[{"href":"https:\/\/www.d5render.com\/es\/wp-json\/wp\/v2\/pages"}],"about":[{"href":"https:\/\/www.d5render.com\/es\/wp-json\/wp\/v2\/types\/page"}],"author":[{"embeddable":true,"href":"https:\/\/www.d5render.com\/es\/wp-json\/wp\/v2\/users\/5"}],"replies":[{"embeddable":true,"href":"https:\/\/www.d5render.com\/es\/wp-json\/wp\/v2\/comments?post=2186"}],"version-history":[{"count":52,"href":"https:\/\/www.d5render.com\/es\/wp-json\/wp\/v2\/pages\/2186\/revisions"}],"predecessor-version":[{"id":8379,"href":"https:\/\/www.d5render.com\/es\/wp-json\/wp\/v2\/pages\/2186\/revisions\/8379"}],"wp:attachment":[{"href":"https:\/\/www.d5render.com\/es\/wp-json\/wp\/v2\/media?parent=2186"}],"curies":[{"name":"wp","href":"https:\/\/api.w.org\/{rel}","templated":true}]}}