{"id":4296,"date":"2026-02-08T17:39:55","date_gmt":"2026-02-08T09:39:55","guid":{"rendered":"https:\/\/usa-wps.d5render.com\/?page_id=4296"},"modified":"2026-02-09T10:56:41","modified_gmt":"2026-02-09T02:56:41","slug":"events","status":"publish","type":"page","link":"https:\/\/www.d5render.com\/es\/events","title":{"rendered":"Eventos | D5 Render"},"content":{"rendered":"<div data-elementor-type=\"wp-page\" data-elementor-id=\"4296\" class=\"elementor elementor-4296\" data-elementor-post-type=\"page\">\n\t\t\t\t<div class=\"elementor-element elementor-element-2004126 e-flex e-con-boxed e-con e-parent\" data-id=\"2004126\" data-element_type=\"container\">\n\t\t\t\t\t<div class=\"e-con-inner\">\n\t\t\t\t<div class=\"elementor-element elementor-element-f2aae40 elementor-widget elementor-widget-heading\" data-id=\"f2aae40\" data-element_type=\"widget\" data-widget_type=\"heading.default\">\n\t\t\t\t\t<h1 class=\"elementor-heading-title elementor-size-default\">Eventos<\/h1>\t\t\t\t<\/div>\n\t\t\t\t<div class=\"elementor-element elementor-element-9617745 elementor-widget elementor-widget-heading\" data-id=\"9617745\" data-element_type=\"widget\" data-widget_type=\"heading.default\">\n\t\t\t\t\t<p class=\"elementor-heading-title elementor-size-default\">\u00a1Ha sido un viaje maravilloso contigo!<\/p>\t\t\t\t<\/div>\n\t\t\t\t\t<\/div>\n\t\t\t\t<\/div>\n\t\t<div class=\"elementor-element elementor-element-e12721f e-flex e-con-boxed elementor-invisible e-con e-parent\" data-id=\"e12721f\" data-element_type=\"container\" data-settings=\"{&quot;animation&quot;:&quot;fadeInUp&quot;}\">\n\t\t\t\t\t<div class=\"e-con-inner\">\n\t\t\t\t<div class=\"elementor-element elementor-element-f241853 elementor-widget elementor-widget-image\" data-id=\"f241853\" data-element_type=\"widget\" data-widget_type=\"image.default\">\n\t\t\t\t\t\t\t\t\t\t\t\t\t\t\t\t<a href=\"\/es\/all-events\/d5-educator-initiative-program\/\" target=\"_blank\">\n\t\t\t\t\t\t\t<img decoding=\"async\" src=\"https:\/\/usa-official.d5cdn.com\/wp-content\/usa-website-assets\/ce24364cd79bb5652f79a1e1\/675c098d7e896a9753bca6dc_Image_%281%29.png\" title=\"\" alt=\"\" loading=\"lazy\">\t\t\t\t\t\t\t\t<\/a>\n\t\t\t\t\t\t\t\t\t\t\t\t\t\t\t<\/div>\n\t\t<a class=\"elementor-element elementor-element-c4e59a2 e-con-full e-flex e-con e-child\" data-id=\"c4e59a2\" data-element_type=\"container\" href=\"\/es\/all-events\/d5-educator-initiative-program\/\" target=\"_blank\">\n\t\t\t\t<div class=\"elementor-element elementor-element-67a80b5 elementor-widget elementor-widget-heading\" data-id=\"67a80b5\" data-element_type=\"widget\" data-widget_type=\"heading.default\">\n\t\t\t\t\t<p class=\"elementor-heading-title elementor-size-default\">En progreso<\/p>\t\t\t\t<\/div>\n\t\t\t\t<div class=\"elementor-element elementor-element-04d31d5 elementor-position-right elementor-mobile-position-right my-iconbox elementor-view-default elementor-widget elementor-widget-icon-box\" data-id=\"04d31d5\" data-element_type=\"widget\" data-widget_type=\"icon-box.default\">\n\t\t\t\t\t\t\t<div class=\"elementor-icon-box-wrapper\">\n\n\t\t\t\t\t\t<div class=\"elementor-icon-box-icon\">\n\t\t\t\t<span  class=\"elementor-icon\">\n\t\t\t\t<svg xmlns=\"http:\/\/www.w3.org\/2000\/svg\" width=\"24\" height=\"24\" viewbox=\"0 0 24 24\" fill=\"none\"><path d=\"M6 18L18 6\" stroke=\"white\" stroke-width=\"2\" stroke-linecap=\"round\" stroke-linejoin=\"round\"><\/path><path d=\"M8.25 6H18V15.75\" stroke=\"white\" stroke-width=\"2\" stroke-linecap=\"round\" stroke-linejoin=\"round\"><\/path><\/svg>\t\t\t\t<\/span>\n\t\t\t<\/div>\n\t\t\t\n\t\t\t\t\t\t<div class=\"elementor-icon-box-content\">\n\n\t\t\t\t\t\t\t\t\t<h2 class=\"elementor-icon-box-title\">\n\t\t\t\t\t\t<span  >\n\t\t\t\t\t\t\tD5 Programa de Iniciativa para Educadores\t\t\t\t\t\t<\/span>\n\t\t\t\t\t<\/h2>\n\t\t\t\t\n\t\t\t\t\n\t\t\t<\/div>\n\t\t\t\n\t\t<\/div>\n\t\t\t\t\t\t<\/div>\n\t\t\t\t<div class=\"elementor-element elementor-element-615c1f7 elementor-widget elementor-widget-text-editor\" data-id=\"615c1f7\" data-element_type=\"widget\" data-widget_type=\"text-editor.default\">\n\t\t\t\t\t\t\t\t\t<p>\u00danete a nuestra iniciativa global para mejorar la ense\u00f1anza y el aprendizaje con tecnolog\u00eda de renderizado de vanguardia.<\/p><p>Ofrecemos una Licencia PRO GRATUITA dise\u00f1ada para apoyar a los educadores en la promoci\u00f3n y ense\u00f1anza de D5 Render de manera efectiva en el campus.<\/p>\t\t\t\t\t\t\t\t<\/div>\n\t\t\t\t<\/a>\n\t\t\t\t\t<\/div>\n\t\t\t\t<\/div>\n\t\t<div class=\"elementor-element elementor-element-3c77b82 e-flex e-con-boxed elementor-invisible e-con e-parent\" data-id=\"3c77b82\" data-element_type=\"container\" data-settings=\"{&quot;animation&quot;:&quot;fadeInUp&quot;}\">\n\t\t\t\t\t<div class=\"e-con-inner\">\n\t\t\t\t<div class=\"elementor-element elementor-element-6e37018 elementor-widget elementor-widget-image\" data-id=\"6e37018\" data-element_type=\"widget\" data-widget_type=\"image.default\">\n\t\t\t\t\t\t\t\t\t\t\t\t\t\t\t\t<a href=\"\/es\/d5-campus-ambassador\/\" target=\"_blank\">\n\t\t\t\t\t\t\t<img decoding=\"async\" src=\"https:\/\/usa-official.d5cdn.com\/wp-content\/usa-website-assets\/ce24364cd79bb5652f79a1e1\/Image_2.png\" title=\"\" alt=\"\" loading=\"lazy\">\t\t\t\t\t\t\t\t<\/a>\n\t\t\t\t\t\t\t\t\t\t\t\t\t\t\t<\/div>\n\t\t<a class=\"elementor-element elementor-element-557a903 e-con-full e-flex e-con e-child\" data-id=\"557a903\" data-element_type=\"container\" href=\"\/es\/d5-campus-ambassador\/\" target=\"_blank\">\n\t\t\t\t<div class=\"elementor-element elementor-element-5a435c6 elementor-widget elementor-widget-heading\" data-id=\"5a435c6\" data-element_type=\"widget\" data-widget_type=\"heading.default\">\n\t\t\t\t\t<p class=\"elementor-heading-title elementor-size-default\">En progreso<\/p>\t\t\t\t<\/div>\n\t\t\t\t<div class=\"elementor-element elementor-element-7e16646 elementor-position-right elementor-mobile-position-right my-iconbox elementor-view-default elementor-widget elementor-widget-icon-box\" data-id=\"7e16646\" data-element_type=\"widget\" data-widget_type=\"icon-box.default\">\n\t\t\t\t\t\t\t<div class=\"elementor-icon-box-wrapper\">\n\n\t\t\t\t\t\t<div class=\"elementor-icon-box-icon\">\n\t\t\t\t<span  class=\"elementor-icon\">\n\t\t\t\t<svg xmlns=\"http:\/\/www.w3.org\/2000\/svg\" width=\"24\" height=\"24\" viewbox=\"0 0 24 24\" fill=\"none\"><path d=\"M6 18L18 6\" stroke=\"white\" stroke-width=\"2\" stroke-linecap=\"round\" stroke-linejoin=\"round\"><\/path><path d=\"M8.25 6H18V15.75\" stroke=\"white\" stroke-width=\"2\" stroke-linecap=\"round\" stroke-linejoin=\"round\"><\/path><\/svg>\t\t\t\t<\/span>\n\t\t\t<\/div>\n\t\t\t\n\t\t\t\t\t\t<div class=\"elementor-icon-box-content\">\n\n\t\t\t\t\t\t\t\t\t<h2 class=\"elementor-icon-box-title\">\n\t\t\t\t\t\t<span  >\n\t\t\t\t\t\t\tEmbajador del Campus D5\t\t\t\t\t\t<\/span>\n\t\t\t\t\t<\/h2>\n\t\t\t\t\n\t\t\t\t\n\t\t\t<\/div>\n\t\t\t\n\t\t<\/div>\n\t\t\t\t\t\t<\/div>\n\t\t\t\t<div class=\"elementor-element elementor-element-358c222 elementor-widget elementor-widget-text-editor\" data-id=\"358c222\" data-element_type=\"widget\" data-widget_type=\"text-editor.default\">\n\t\t\t\t\t\t\t\t\t<p>\u00a1Llamando a todos los estudiantes universitarios y de posgrado que se especializan en Arquitectura, Paisajismo, Dise\u00f1o de Interiores, Ingenier\u00eda, Dise\u00f1o Industrial y m\u00e1s! Buscamos estudiantes apasionados que amen D5, compartan y ense\u00f1en activamente sobre D5y ayuden a construir comunidades universitarias vibrantes.<\/p>\t\t\t\t\t\t\t\t<\/div>\n\t\t\t\t<\/a>\n\t\t\t\t\t<\/div>\n\t\t\t\t<\/div>\n\t\t<div class=\"elementor-element elementor-element-0f95cf8 e-flex e-con-boxed elementor-invisible e-con e-parent\" data-id=\"0f95cf8\" data-element_type=\"container\" data-settings=\"{&quot;animation&quot;:&quot;fadeInUp&quot;}\">\n\t\t\t\t\t<div class=\"e-con-inner\">\n\t\t\t\t<div class=\"elementor-element elementor-element-ba39d0b elementor-widget elementor-widget-image\" data-id=\"ba39d0b\" data-element_type=\"widget\" data-widget_type=\"image.default\">\n\t\t\t\t\t\t\t\t\t\t\t\t\t\t\t\t<a href=\"\/es\/awards\/\" target=\"_blank\">\n\t\t\t\t\t\t\t<img decoding=\"async\" src=\"https:\/\/usa-official.d5cdn.com\/wp-content\/usa-website-assets\/ce24364cd79bb5652f79a1e1\/img-event-d5reward-thumb.png\" title=\"\" alt=\"\" loading=\"lazy\">\t\t\t\t\t\t\t\t<\/a>\n\t\t\t\t\t\t\t\t\t\t\t\t\t\t\t<\/div>\n\t\t<a class=\"elementor-element elementor-element-189edf3 e-con-full e-flex e-con e-child\" data-id=\"189edf3\" data-element_type=\"container\" href=\"\/es\/awards\/\" target=\"_blank\">\n\t\t\t\t<div class=\"elementor-element elementor-element-c897b92 elementor-widget elementor-widget-heading\" data-id=\"c897b92\" data-element_type=\"widget\" data-widget_type=\"heading.default\">\n\t\t\t\t\t<p class=\"elementor-heading-title elementor-size-default\">En progreso<\/p>\t\t\t\t<\/div>\n\t\t\t\t<div class=\"elementor-element elementor-element-4a5cac4 elementor-position-right elementor-mobile-position-right my-iconbox elementor-view-default elementor-widget elementor-widget-icon-box\" data-id=\"4a5cac4\" data-element_type=\"widget\" data-widget_type=\"icon-box.default\">\n\t\t\t\t\t\t\t<div class=\"elementor-icon-box-wrapper\">\n\n\t\t\t\t\t\t<div class=\"elementor-icon-box-icon\">\n\t\t\t\t<span  class=\"elementor-icon\">\n\t\t\t\t<svg xmlns=\"http:\/\/www.w3.org\/2000\/svg\" width=\"24\" height=\"24\" viewbox=\"0 0 24 24\" fill=\"none\"><path d=\"M6 18L18 6\" stroke=\"white\" stroke-width=\"2\" stroke-linecap=\"round\" stroke-linejoin=\"round\"><\/path><path d=\"M8.25 6H18V15.75\" stroke=\"white\" stroke-width=\"2\" stroke-linecap=\"round\" stroke-linejoin=\"round\"><\/path><\/svg>\t\t\t\t<\/span>\n\t\t\t<\/div>\n\t\t\t\n\t\t\t\t\t\t<div class=\"elementor-icon-box-content\">\n\n\t\t\t\t\t\t\t\t\t<h2 class=\"elementor-icon-box-title\">\n\t\t\t\t\t\t<span  >\n\t\t\t\t\t\t\tComparte tu dise\u00f1o. S\u00e9 recompensado.\t\t\t\t\t\t<\/span>\n\t\t\t\t\t<\/h2>\n\t\t\t\t\n\t\t\t\t\n\t\t\t<\/div>\n\t\t\t\n\t\t<\/div>\n\t\t\t\t\t\t<\/div>\n\t\t\t\t<div class=\"elementor-element elementor-element-d9e642d elementor-widget elementor-widget-text-editor\" data-id=\"d9e642d\" data-element_type=\"widget\" data-widget_type=\"text-editor.default\">\n\t\t\t\t\t\t\t\t\t<p>Con m\u00e1s de un mill\u00f3n de dise\u00f1adores que forman parte de la comunidad D5, animamos a cada uno de ustedes a mostrar su mejor trabajo. Participa en nuestros desaf\u00edos de los Premios D5 y comparte tus dise\u00f1os excepcionales.<\/p>\t\t\t\t\t\t\t\t<\/div>\n\t\t\t\t<\/a>\n\t\t\t\t\t<\/div>\n\t\t\t\t<\/div>\n\t\t<div class=\"elementor-element elementor-element-446330e e-grid e-con-boxed elementor-invisible e-con e-parent\" data-id=\"446330e\" data-element_type=\"container\" data-settings=\"{&quot;animation&quot;:&quot;zoomIn&quot;}\">\n\t\t\t\t\t<div class=\"e-con-inner\">\n\t\t<a class=\"elementor-element elementor-element-c6346c1 e-con-full e-flex e-con e-child\" data-id=\"c6346c1\" data-element_type=\"container\" href=\"\/es\/lets-win-d5-pro\/\">\n\t\t\t\t<div class=\"elementor-element elementor-element-0390757 elementor-widget elementor-widget-image\" data-id=\"0390757\" data-element_type=\"widget\" data-widget_type=\"image.default\">\n\t\t\t\t\t\t\t\t\t\t\t\t\t\t\t<img decoding=\"async\" src=\"https:\/\/usa-official.d5cdn.com\/wp-content\/usa-website-assets\/ce24364cd79bb5652f79a1e1\/img-event-winpro-thumb.png\" title=\"\" alt=\"\" loading=\"lazy\">\t\t\t\t\t\t\t\t\t\t\t\t\t\t\t<\/div>\n\t\t\t\t<div class=\"elementor-element elementor-element-8216e36 elementor-widget elementor-widget-heading\" data-id=\"8216e36\" data-element_type=\"widget\" data-widget_type=\"heading.default\">\n\t\t\t\t\t<p class=\"elementor-heading-title elementor-size-default\">Activo<\/p>\t\t\t\t<\/div>\n\t\t\t\t<div class=\"elementor-element elementor-element-de92e6d elementor-position-right elementor-mobile-position-right elementor-view-default elementor-widget elementor-widget-icon-box\" data-id=\"de92e6d\" data-element_type=\"widget\" data-widget_type=\"icon-box.default\">\n\t\t\t\t\t\t\t<div class=\"elementor-icon-box-wrapper\">\n\n\t\t\t\t\t\t<div class=\"elementor-icon-box-icon\">\n\t\t\t\t<span  class=\"elementor-icon\">\n\t\t\t\t<svg xmlns=\"http:\/\/www.w3.org\/2000\/svg\" width=\"24\" height=\"24\" viewbox=\"0 0 24 24\" fill=\"none\"><path d=\"M6 18L18 6\" stroke=\"white\" stroke-width=\"2\" stroke-linecap=\"round\" stroke-linejoin=\"round\"><\/path><path d=\"M8.25 6H18V15.75\" stroke=\"white\" stroke-width=\"2\" stroke-linecap=\"round\" stroke-linejoin=\"round\"><\/path><\/svg>\t\t\t\t<\/span>\n\t\t\t<\/div>\n\t\t\t\n\t\t\t\t\t\t<div class=\"elementor-icon-box-content\">\n\n\t\t\t\t\t\t\t\t\t<h2 class=\"elementor-icon-box-title\">\n\t\t\t\t\t\t<span  >\n\t\t\t\t\t\t\t\u00a1Ganemos D5 Pro!\t\t\t\t\t\t<\/span>\n\t\t\t\t\t<\/h2>\n\t\t\t\t\n\t\t\t\t\n\t\t\t<\/div>\n\t\t\t\n\t\t<\/div>\n\t\t\t\t\t\t<\/div>\n\t\t\t\t<\/a>\n\t\t<a class=\"elementor-element elementor-element-2213cb4 e-con-full e-flex e-con e-child\" data-id=\"2213cb4\" data-element_type=\"container\" href=\"\/es\/d5-affiliate-program\/\">\n\t\t\t\t<div class=\"elementor-element elementor-element-fd2a403 elementor-widget elementor-widget-image\" data-id=\"fd2a403\" data-element_type=\"widget\" data-widget_type=\"image.default\">\n\t\t\t\t\t\t\t\t\t\t\t\t\t\t\t<img decoding=\"async\" src=\"https:\/\/usa-official.d5cdn.com\/wp-content\/usa-website-assets\/ce24364cd79bb5652f79a1e1\/img-event-affiliate-thumb.png\" title=\"\" alt=\"\" loading=\"lazy\">\t\t\t\t\t\t\t\t\t\t\t\t\t\t\t<\/div>\n\t\t\t\t<div class=\"elementor-element elementor-element-a1e9ea6 elementor-widget elementor-widget-heading\" data-id=\"a1e9ea6\" data-element_type=\"widget\" data-widget_type=\"heading.default\">\n\t\t\t\t\t<p class=\"elementor-heading-title elementor-size-default\">Activo<\/p>\t\t\t\t<\/div>\n\t\t\t\t<div class=\"elementor-element elementor-element-60ad847 elementor-position-right elementor-mobile-position-right elementor-view-default elementor-widget elementor-widget-icon-box\" data-id=\"60ad847\" data-element_type=\"widget\" data-widget_type=\"icon-box.default\">\n\t\t\t\t\t\t\t<div class=\"elementor-icon-box-wrapper\">\n\n\t\t\t\t\t\t<div class=\"elementor-icon-box-icon\">\n\t\t\t\t<span  class=\"elementor-icon\">\n\t\t\t\t<svg xmlns=\"http:\/\/www.w3.org\/2000\/svg\" width=\"24\" height=\"24\" viewbox=\"0 0 24 24\" fill=\"none\"><path d=\"M6 18L18 6\" stroke=\"white\" stroke-width=\"2\" stroke-linecap=\"round\" stroke-linejoin=\"round\"><\/path><path d=\"M8.25 6H18V15.75\" stroke=\"white\" stroke-width=\"2\" stroke-linecap=\"round\" stroke-linejoin=\"round\"><\/path><\/svg>\t\t\t\t<\/span>\n\t\t\t<\/div>\n\t\t\t\n\t\t\t\t\t\t<div class=\"elementor-icon-box-content\">\n\n\t\t\t\t\t\t\t\t\t<h2 class=\"elementor-icon-box-title\">\n\t\t\t\t\t\t<span  >\n\t\t\t\t\t\t\tPrograma de afiliados D5\t\t\t\t\t\t<\/span>\n\t\t\t\t\t<\/h2>\n\t\t\t\t\n\t\t\t\t\n\t\t\t<\/div>\n\t\t\t\n\t\t<\/div>\n\t\t\t\t\t\t<\/div>\n\t\t\t\t<\/a>\n\t\t<a class=\"elementor-element elementor-element-5ec256b e-con-full e-flex e-con e-child\" data-id=\"5ec256b\" data-element_type=\"container\" href=\"#elementor-action%3Aaction%3Dpopup%3Aopen%26settings%3DeyJpZCI6IjQzNTgiLCJ0b2dnbGUiOmZhbHNlfQ%3D%3D\">\n\t\t\t\t<div class=\"elementor-element elementor-element-59f034a elementor-widget elementor-widget-image\" data-id=\"59f034a\" data-element_type=\"widget\" data-widget_type=\"image.default\">\n\t\t\t\t\t\t\t\t\t\t\t\t\t\t\t<img decoding=\"async\" src=\"https:\/\/usa-official.d5cdn.com\/wp-content\/usa-website-assets\/ce24364cd79bb5652f79a1e1\/img-event-story-thumb.png\" title=\"\" alt=\"\" loading=\"lazy\">\t\t\t\t\t\t\t\t\t\t\t\t\t\t\t<\/div>\n\t\t\t\t<div class=\"elementor-element elementor-element-1b7f2eb elementor-widget elementor-widget-heading\" data-id=\"1b7f2eb\" data-element_type=\"widget\" data-widget_type=\"heading.default\">\n\t\t\t\t\t<p class=\"elementor-heading-title elementor-size-default\">Cerrar<\/p>\t\t\t\t<\/div>\n\t\t\t\t<div class=\"elementor-element elementor-element-e23f95c elementor-position-right elementor-mobile-position-right elementor-view-default elementor-widget elementor-widget-icon-box\" data-id=\"e23f95c\" data-element_type=\"widget\" data-widget_type=\"icon-box.default\">\n\t\t\t\t\t\t\t<div class=\"elementor-icon-box-wrapper\">\n\n\t\t\t\t\t\t<div class=\"elementor-icon-box-icon\">\n\t\t\t\t<span  class=\"elementor-icon\">\n\t\t\t\t<svg xmlns=\"http:\/\/www.w3.org\/2000\/svg\" width=\"24\" height=\"24\" viewbox=\"0 0 24 24\" fill=\"none\"><path d=\"M6 18L18 6\" stroke=\"white\" stroke-width=\"2\" stroke-linecap=\"round\" stroke-linejoin=\"round\"><\/path><path d=\"M8.25 6H18V15.75\" stroke=\"white\" stroke-width=\"2\" stroke-linecap=\"round\" stroke-linejoin=\"round\"><\/path><\/svg>\t\t\t\t<\/span>\n\t\t\t<\/div>\n\t\t\t\n\t\t\t\t\t\t<div class=\"elementor-icon-box-content\">\n\n\t\t\t\t\t\t\t\t\t<h2 class=\"elementor-icon-box-title\">\n\t\t\t\t\t\t<span  >\n\t\t\t\t\t\t\tCelebraci\u00f3n del hito de las 10 versiones\t\t\t\t\t\t<\/span>\n\t\t\t\t\t<\/h2>\n\t\t\t\t\n\t\t\t\t\n\t\t\t<\/div>\n\t\t\t\n\t\t<\/div>\n\t\t\t\t\t\t<\/div>\n\t\t\t\t<\/a>\n\t\t\t\t\t<\/div>\n\t\t\t\t<\/div>\n\t\t<div class=\"elementor-element elementor-element-69e06f5 e-con-full e-flex e-con e-parent\" data-id=\"69e06f5\" data-element_type=\"container\">\n\t\t\t\t<div class=\"elementor-element elementor-element-b4a5857 elementor-widget elementor-widget-template\" data-id=\"b4a5857\" data-element_type=\"widget\" data-widget_type=\"template.default\">\n\t\t\t\t<div class=\"elementor-widget-container\">\n\t\t\t\t\t\t\t<div class=\"elementor-template\">\n\t\t\t\t\t<div data-elementor-type=\"container\" data-elementor-id=\"4257\" class=\"elementor elementor-4257\" data-elementor-post-type=\"elementor_library\">\n\t\t\t\t<div class=\"elementor-element elementor-element-52e2e5a1 e-con-full e-flex e-con e-parent\" data-id=\"52e2e5a1\" data-element_type=\"container\" data-settings=\"{&quot;background_background&quot;:&quot;classic&quot;}\">\n\t\t\t\t<div class=\"elementor-element elementor-element-14d29bb elementor-widget elementor-widget-heading\" data-id=\"14d29bb\" data-element_type=\"widget\" data-widget_type=\"heading.default\">\n\t\t\t\t\t<p class=\"elementor-heading-title elementor-size-default\">\u00bfListo para fluir?<\/p>\t\t\t\t<\/div>\n\t\t\t\t<div class=\"elementor-element elementor-element-78aea3a9 elementor-widget elementor-widget-button\" data-id=\"78aea3a9\" data-element_type=\"widget\" data-widget_type=\"button.default\">\n\t\t\t\t\t\t\t\t\t\t<a class=\"elementor-button elementor-button-link elementor-size-sm\" href=\"\/es\/download\/\" target=\"_blank\">\n\t\t\t\t\t\t<span class=\"elementor-button-content-wrapper\">\n\t\t\t\t\t\t\t\t\t<span class=\"elementor-button-text\">Descargar gratis<\/span>\n\t\t\t\t\t<\/span>\n\t\t\t\t\t<\/a>\n\t\t\t\t\t\t\t\t<\/div>\n\t\t\t\t<\/div>\n\t\t\t\t<\/div>\n\t\t\t\t<\/div>\n\t\t\t\t\t\t<\/div>\n\t\t\t\t<\/div>\n\t\t\t\t<\/div>\n\t\t\t\t<\/div>","protected":false},"excerpt":{"rendered":"<p>\u00a1Mira qu\u00e9 eventos inspiradores tenemos para ti!<\/p>","protected":false},"author":1,"featured_media":0,"parent":0,"menu_order":0,"comment_status":"closed","ping_status":"closed","template":"","meta":{"_acf_changed":false,"_vp_format_video_url":"","_vp_image_focal_point":[],"footnotes":""},"class_list":["post-4296","page","type-page","status-publish","hentry"],"blocksy_meta":[],"acf":[],"_links":{"self":[{"href":"https:\/\/www.d5render.com\/es\/wp-json\/wp\/v2\/pages\/4296","targetHints":{"allow":["GET"]}}],"collection":[{"href":"https:\/\/www.d5render.com\/es\/wp-json\/wp\/v2\/pages"}],"about":[{"href":"https:\/\/www.d5render.com\/es\/wp-json\/wp\/v2\/types\/page"}],"author":[{"embeddable":true,"href":"https:\/\/www.d5render.com\/es\/wp-json\/wp\/v2\/users\/1"}],"replies":[{"embeddable":true,"href":"https:\/\/www.d5render.com\/es\/wp-json\/wp\/v2\/comments?post=4296"}],"version-history":[{"count":61,"href":"https:\/\/www.d5render.com\/es\/wp-json\/wp\/v2\/pages\/4296\/revisions"}],"predecessor-version":[{"id":4363,"href":"https:\/\/www.d5render.com\/es\/wp-json\/wp\/v2\/pages\/4296\/revisions\/4363"}],"wp:attachment":[{"href":"https:\/\/www.d5render.com\/es\/wp-json\/wp\/v2\/media?parent=4296"}],"curies":[{"name":"wp","href":"https:\/\/api.w.org\/{rel}","templated":true}]}}