{"id":6567,"date":"2026-03-17T11:37:19","date_gmt":"2026-03-17T03:37:19","guid":{"rendered":"https:\/\/usa-wps.d5render.com\/?page_id=6567"},"modified":"2026-03-17T11:47:00","modified_gmt":"2026-03-17T03:47:00","slug":"about-us","status":"publish","type":"page","link":"https:\/\/www.d5render.com\/es\/about-us","title":{"rendered":"Acerca de D5"},"content":{"rendered":"<div data-elementor-type=\"wp-page\" data-elementor-id=\"6567\" class=\"elementor elementor-6567\" data-elementor-post-type=\"page\">\n\t\t\t\t<div class=\"elementor-element elementor-element-d69ed97 e-flex e-con-boxed e-con e-parent\" data-id=\"d69ed97\" data-element_type=\"container\" data-settings=\"{&quot;background_background&quot;:&quot;classic&quot;}\">\n\t\t\t\t\t<div class=\"e-con-inner\">\n\t\t\t\t<div class=\"elementor-element elementor-element-908727d elementor-widget elementor-widget-heading\" data-id=\"908727d\" data-element_type=\"widget\" data-widget_type=\"heading.default\">\n\t\t\t\t\t<h1 class=\"elementor-heading-title elementor-size-default\">Acerca de D5\n<\/h1>\t\t\t\t<\/div>\n\t\t\t\t<div class=\"elementor-element elementor-element-c59245b elementor-view-framed elementor-shape-circle elementor-widget elementor-widget-icon\" data-id=\"c59245b\" data-element_type=\"widget\" data-widget_type=\"icon.default\">\n\t\t\t\t\t\t\t<div class=\"elementor-icon-wrapper\">\n\t\t\t<a class=\"elementor-icon\" href=\"#our-story\">\n\t\t\t<svg xmlns=\"http:\/\/www.w3.org\/2000\/svg\" viewbox=\"0 0 34 34\" fill=\"none\"><g clip-path=\"url(#clip0_237_2013)\"><path d=\"M8.48542 16.9706H25.456\" stroke=\"currentColor\" stroke-width=\"2\" stroke-linecap=\"round\" stroke-linejoin=\"round\"><\/path><path d=\"M18.5615 10.0762L25.4558 16.9705L18.5615 23.8648\" stroke=\"currentColor\" stroke-width=\"2\" stroke-linecap=\"round\" stroke-linejoin=\"round\"><\/path><\/g><defs><clippath id=\"clip0_237_2013\"><rect width=\"24\" height=\"24\" fill=\"currentColor\" transform=\"translate(16.9707) rotate(45)\"><\/rect><\/clippath><\/defs><\/svg>\t\t\t<\/a>\n\t\t<\/div>\n\t\t\t\t\t\t<\/div>\n\t\t\t\t\t<\/div>\n\t\t\t\t<\/div>\n\t\t<div class=\"elementor-element elementor-element-e0931d7 e-flex e-con-boxed e-con e-parent\" data-id=\"e0931d7\" data-element_type=\"container\" id=\"our-story\">\n\t\t\t\t\t<div class=\"e-con-inner\">\n\t\t\t\t<div class=\"elementor-element elementor-element-44d8f84 elementor-widget elementor-widget-heading\" data-id=\"44d8f84\" data-element_type=\"widget\" data-widget_type=\"heading.default\">\n\t\t\t\t\t<h2 class=\"elementor-heading-title elementor-size-default\">Nuestra Historia<\/h2>\t\t\t\t<\/div>\n\t\t\t\t<div class=\"elementor-element elementor-element-10ddcce elementor-widget elementor-widget-text-editor\" data-id=\"10ddcce\" data-element_type=\"widget\" data-widget_type=\"text-editor.default\">\n\t\t\t\t\t\t\t\t\t<p>Nuestro mundo perceptible se construye sobre cuatro dimensiones: el espacio y el tiempo. Pero tambi\u00e9n existe una quinta dimensi\u00f3n, un espacio donde vive la imaginaci\u00f3n en la mente de cada uno. Cuando la imaginaci\u00f3n se convierte en acci\u00f3n y moldea la realidad, la llamamos Dimensi\u00f3n 5 (D5).<\/p>\t\t\t\t\t\t\t\t<\/div>\n\t\t\t\t<div class=\"elementor-element elementor-element-ab2dc92 elementor-widget elementor-widget-text-editor\" data-id=\"ab2dc92\" data-element_type=\"widget\" data-widget_type=\"text-editor.default\">\n\t\t\t\t\t\t\t\t\t<p>D5 fue fundada por un grupo de j\u00f3venes innovadores apasionados por expandir los l\u00edmites de la tecnolog\u00eda y explorar el poder ilimitado de la imaginaci\u00f3n humana. A lo largo de los a\u00f1os, hemos sido testigos de la evoluci\u00f3n de tecnolog\u00edas fundamentales como los gr\u00e1ficos por computadora y la IA, y hemos visto surgir y desaparecer conceptos como la RV, la RA y el metaverso. Sin embargo, nuestro enfoque siempre ha estado en crear algo con valor real y duradero.<\/p><p>Nuestro viaje no ha sido f\u00e1cil. Hemos tenido la suerte de contar con personas talentosas que compartieron nuestra visi\u00f3n y se unieron a nuestro equipo, pero tambi\u00e9n hubo momentos en los que casi fracasamos.<\/p><p>Todo cambi\u00f3 en 2020 con el lanzamiento de D5 Render. Marc\u00f3 el inicio de un nuevo cap\u00edtulo, uno en el que colaboramos con profesionales del dise\u00f1o y la visualizaci\u00f3n de todo el mundo para crear algo extraordinario juntos.<\/p><p>El dise\u00f1o de espacios es un arte colaborativo: re\u00fane las ideas de diferentes personas sobre un espacio y tiempo espec\u00edficos, encuentra un terreno com\u00fan y convierte esas ideas en realidad superando los desaf\u00edos del mundo real. Nuestra misi\u00f3n es simplificar y redefinir este proceso, haciendo que sea m\u00e1s f\u00e1cil convertir las ideas en realidad y al mismo tiempo empoderar a los creativos para que superen los l\u00edmites. Creemos que la b\u00fasqueda de la innovaci\u00f3n puede transformar el mundo y estamos orgullosos de desempe\u00f1ar un papel en ese viaje.<\/p><p>Nuestra visi\u00f3n de producto se basa en dos pilares:<br \/>La pregunta est\u00e1 vac\u00eda. Por favor, introduce un texto para traducirlo.<br \/>1. Llevando la renderizaci\u00f3n en tiempo real a sus l\u00edmites, haciendo que el trazado de rayos de alta calidad sea r\u00e1pido y realista, para que la visualizaci\u00f3n se sienta m\u00e1s vibrante que nunca.<br \/>2. M\u00e1s all\u00e1 de la tecnolog\u00eda para crear mejores flujos de trabajo que ayuden a los creativos a entrar en su estado de flujo.<\/p>\t\t\t\t\t\t\t\t<\/div>\n\t\t\t\t<div class=\"elementor-element elementor-element-8158224 elementor-widget elementor-widget-text-editor\" data-id=\"8158224\" data-element_type=\"widget\" data-widget_type=\"text-editor.default\">\n\t\t\t\t\t\t\t\t\t<p>Con D5, creemos que todos pueden encontrar su chispa creativa en su propia quinta dimensi\u00f3n.<\/p>\t\t\t\t\t\t\t\t<\/div>\n\t\t\t\t\t<\/div>\n\t\t\t\t<\/div>\n\t\t<div class=\"elementor-element elementor-element-d66d615 e-flex e-con-boxed e-con e-parent\" data-id=\"d66d615\" data-element_type=\"container\" data-settings=\"{&quot;background_background&quot;:&quot;classic&quot;}\">\n\t\t\t\t\t<div class=\"e-con-inner\">\n\t\t\t\t<div class=\"elementor-element elementor-element-93ef102 elementor-widget elementor-widget-heading\" data-id=\"93ef102\" data-element_type=\"widget\" data-widget_type=\"heading.default\">\n\t\t\t\t\t<h2 class=\"elementor-heading-title elementor-size-default\">D5 en Cifras<\/h2>\t\t\t\t<\/div>\n\t\t<div class=\"elementor-element elementor-element-e3a62c4 e-grid e-con-full e-con e-child\" data-id=\"e3a62c4\" data-element_type=\"container\">\n\t\t\t\t<div class=\"elementor-element elementor-element-a2792c3 elementor-widget elementor-widget-counter\" data-id=\"a2792c3\" data-element_type=\"widget\" data-widget_type=\"counter.default\">\n\t\t\t\t\t\t\t<div class=\"elementor-counter\">\n\t\t\t<div class=\"elementor-counter-title\">A trav\u00e9s de todas las categor\u00edas de G2 para software de arquitectura y renderizado 3D en 2024<\/div>\t\t\t<div class=\"elementor-counter-number-wrapper\">\n\t\t\t\t<span class=\"elementor-counter-number-prefix\">No.<\/span>\n\t\t\t\t<span class=\"elementor-counter-number\" data-duration=\"1000\" data-to-value=\"1\" data-from-value=\"1\" data-delimiter=\",\">1<\/span>\n\t\t\t\t<span class=\"elementor-counter-number-suffix\"><\/span>\n\t\t\t<\/div>\n\t\t<\/div>\n\t\t\t\t\t\t<\/div>\n\t\t\t\t<div class=\"elementor-element elementor-element-c695bc1 elementor-widget elementor-widget-counter\" data-id=\"c695bc1\" data-element_type=\"widget\" data-widget_type=\"counter.default\">\n\t\t\t\t\t\t\t<div class=\"elementor-counter\">\n\t\t\t<div class=\"elementor-counter-title\">Usuarios en todo el mundo<\/div>\t\t\t<div class=\"elementor-counter-number-wrapper\">\n\t\t\t\t<span class=\"elementor-counter-number-prefix\"><\/span>\n\t\t\t\t<span class=\"elementor-counter-number\" data-duration=\"1000\" data-to-value=\"3\" data-from-value=\"3\" data-delimiter=\",\">3<\/span>\n\t\t\t\t<span class=\"elementor-counter-number-suffix\">M+<\/span>\n\t\t\t<\/div>\n\t\t<\/div>\n\t\t\t\t\t\t<\/div>\n\t\t\t\t<div class=\"elementor-element elementor-element-4e85807 elementor-widget elementor-widget-counter\" data-id=\"4e85807\" data-element_type=\"widget\" data-widget_type=\"counter.default\">\n\t\t\t\t\t\t\t<div class=\"elementor-counter\">\n\t\t\t<div class=\"elementor-counter-title\">Renderizador en tiempo real impulsado por IA<\/div>\t\t\t<div class=\"elementor-counter-number-wrapper\">\n\t\t\t\t<span class=\"elementor-counter-number-prefix\"><\/span>\n\t\t\t\t<span class=\"elementor-counter-number\" data-duration=\"1000\" data-to-value=\"1\" data-from-value=\"1\" data-delimiter=\",\">1<\/span>\n\t\t\t\t<span class=\"elementor-counter-number-suffix\">es<\/span>\n\t\t\t<\/div>\n\t\t<\/div>\n\t\t\t\t\t\t<\/div>\n\t\t\t\t<div class=\"elementor-element elementor-element-b74932d elementor-widget elementor-widget-counter\" data-id=\"b74932d\" data-element_type=\"widget\" data-widget_type=\"counter.default\">\n\t\t\t\t\t\t\t<div class=\"elementor-counter\">\n\t\t\t<div class=\"elementor-counter-title\">Seguidores<\/div>\t\t\t<div class=\"elementor-counter-number-wrapper\">\n\t\t\t\t<span class=\"elementor-counter-number-prefix\"><\/span>\n\t\t\t\t<span class=\"elementor-counter-number\" data-duration=\"1000\" data-to-value=\"80\" data-from-value=\"80\" data-delimiter=\",\">80<\/span>\n\t\t\t\t<span class=\"elementor-counter-number-suffix\">K+<\/span>\n\t\t\t<\/div>\n\t\t<\/div>\n\t\t\t\t\t\t<\/div>\n\t\t\t\t<div class=\"elementor-element elementor-element-3637eef elementor-widget elementor-widget-counter\" data-id=\"3637eef\" data-element_type=\"widget\" data-widget_type=\"counter.default\">\n\t\t\t\t\t\t\t<div class=\"elementor-counter\">\n\t\t\t<div class=\"elementor-counter-title\">Oficinas globales<\/div>\t\t\t<div class=\"elementor-counter-number-wrapper\">\n\t\t\t\t<span class=\"elementor-counter-number-prefix\"><\/span>\n\t\t\t\t<span class=\"elementor-counter-number\" data-duration=\"1000\" data-to-value=\"8\" data-from-value=\"8\" data-delimiter=\",\">8<\/span>\n\t\t\t\t<span class=\"elementor-counter-number-suffix\"><\/span>\n\t\t\t<\/div>\n\t\t<\/div>\n\t\t\t\t\t\t<\/div>\n\t\t\t\t<div class=\"elementor-element elementor-element-6e580a6 elementor-widget elementor-widget-counter\" data-id=\"6e580a6\" data-element_type=\"widget\" data-widget_type=\"counter.default\">\n\t\t\t\t\t\t\t<div class=\"elementor-counter\">\n\t\t\t<div class=\"elementor-counter-title\">Socios Locales<\/div>\t\t\t<div class=\"elementor-counter-number-wrapper\">\n\t\t\t\t<span class=\"elementor-counter-number-prefix\"><\/span>\n\t\t\t\t<span class=\"elementor-counter-number\" data-duration=\"1000\" data-to-value=\"40\" data-from-value=\"40\" data-delimiter=\",\">40<\/span>\n\t\t\t\t<span class=\"elementor-counter-number-suffix\">+<\/span>\n\t\t\t<\/div>\n\t\t<\/div>\n\t\t\t\t\t\t<\/div>\n\t\t\t\t<\/div>\n\t\t\t\t\t<\/div>\n\t\t\t\t<\/div>\n\t\t<div class=\"elementor-element elementor-element-e397ba2 e-flex e-con-boxed e-con e-parent\" data-id=\"e397ba2\" data-element_type=\"container\">\n\t\t\t\t\t<div class=\"e-con-inner\">\n\t\t\t\t<div class=\"elementor-element elementor-element-bb6551c elementor-widget elementor-widget-heading\" data-id=\"bb6551c\" data-element_type=\"widget\" data-widget_type=\"heading.default\">\n\t\t\t\t\t<p class=\"elementor-heading-title elementor-size-default\">Filosof\u00eda de producto\n\n<\/p>\t\t\t\t<\/div>\n\t\t\t\t<div class=\"elementor-element elementor-element-58223f2 elementor-widget elementor-widget-heading\" data-id=\"58223f2\" data-element_type=\"widget\" data-widget_type=\"heading.default\">\n\t\t\t\t\t<h2 class=\"elementor-heading-title elementor-size-default\">Entra en el Flujo Creativo\n<\/h2>\t\t\t\t<\/div>\n\t\t\t\t<div class=\"elementor-element elementor-element-7a740f2 elementor-widget elementor-widget-text-editor\" data-id=\"7a740f2\" data-element_type=\"widget\" data-widget_type=\"text-editor.default\">\n\t\t\t\t\t\t\t\t\t<p>\u201cFlow\u201d es ese estado m\u00e1gico en el que la concentraci\u00f3n es profunda, la creatividad florece y el tiempo parece detenerse.<\/p><div class=\"flow-heading-div\"><p class=\"paragraph-15\">Es la sensaci\u00f3n de estar completamente inmerso, energizado y capaz de superar tus l\u00edmites.<\/p><\/div>\t\t\t\t\t\t\t\t<\/div>\n\t\t\t\t<div class=\"elementor-element elementor-element-3c84b0e elementor-widget elementor-widget-text-editor\" data-id=\"3c84b0e\" data-element_type=\"widget\" data-widget_type=\"text-editor.default\">\n\t\t\t\t\t\t\t\t\t<p>En D5, nuestro objetivo es crear un entorno fluido donde los creativos como t\u00fa puedan sumergirse por completo en este estado de flujo.<\/p><p>Alcanzar un estado de fluidez requiere que todo se una: tus pensamientos, acciones y percepciones funcionando en sinton\u00eda.<\/p><p>Al combinar nuestra experiencia t\u00e9cnica con un profundo entendimiento de lo que los profesionales del dise\u00f1o y la visualizaci\u00f3n necesitan,<\/p><p>Nos esforzamos por ofrecer productos que te inspiren y te permitan hacer realidad tus ideas.<\/p>\t\t\t\t\t\t\t\t<\/div>\n\t\t\t\t<div class=\"elementor-element elementor-element-8527cb2 elementor-widget elementor-widget-heading\" data-id=\"8527cb2\" data-element_type=\"widget\" data-widget_type=\"heading.default\">\n\t\t\t\t\t<p class=\"elementor-heading-title elementor-size-default\">Proporcionando retroalimentaci\u00f3n en tiempo real<\/p>\t\t\t\t<\/div>\n\t\t\t\t<div class=\"elementor-element elementor-element-e20d903 elementor-widget elementor-widget-text-editor\" data-id=\"e20d903\" data-element_type=\"widget\" data-widget_type=\"text-editor.default\">\n\t\t\t\t\t\t\t\t\t<p>D5 te ofrece trazado de rayos en tiempo real y efectos visuales realistas a 60 FPS, convirtiendo tu visi\u00f3n en realidad al instante. Dise\u00f1ado para coincidir con la percepci\u00f3n humana, este \u201cfeedback instant\u00e1neo\u201d te permite ver tus ideas cobrar vida mientras trabajas. Al mantener la percepci\u00f3n y el pensamiento sincronizados, D5 te ayuda a mantenerte completamente inmerso en tu proceso, liberando tu creatividad.<br \/>La renderizaci\u00f3n en tiempo real es la base sobre la que hemos construido para mejorar la experiencia creativa.<\/p>\t\t\t\t\t\t\t\t<\/div>\n\t\t\t\t<div class=\"elementor-element elementor-element-d752717 elementor-widget elementor-widget-heading\" data-id=\"d752717\" data-element_type=\"widget\" data-widget_type=\"heading.default\">\n\t\t\t\t\t<p class=\"elementor-heading-title elementor-size-default\">Optimizando la creatividad<\/p>\t\t\t\t<\/div>\n\t\t\t\t<div class=\"elementor-element elementor-element-4d592b4 elementor-widget elementor-widget-text-editor\" data-id=\"4d592b4\" data-element_type=\"widget\" data-widget_type=\"text-editor.default\">\n\t\t\t\t\t\t\t\t\t<p>D5 simplifica el complejo proceso creativo en configuraciones claras y sencillas. Con IA y generaci\u00f3n de contenido procedimental (PCG) integradas, puedes pasar menos tiempo cambiando de herramientas y aprendiendo sistemas complejos. Esto te permite concentrarte por completo en tus ideas mientras mantienes el control total de tu trabajo.<\/p>\t\t\t\t\t\t\t\t<\/div>\n\t\t\t\t<div class=\"elementor-element elementor-element-7009caa elementor-widget elementor-widget-heading\" data-id=\"7009caa\" data-element_type=\"widget\" data-widget_type=\"heading.default\">\n\t\t\t\t\t<p class=\"elementor-heading-title elementor-size-default\">Abrazando la Libertad Creativa<\/p>\t\t\t\t<\/div>\n\t\t\t\t<div class=\"elementor-element elementor-element-44122d0 elementor-widget elementor-widget-text-editor\" data-id=\"44122d0\" data-element_type=\"widget\" data-widget_type=\"text-editor.default\">\n\t\t\t\t\t\t\t\t\t<p>Buscamos m\u00e1s que simple funcionalidad; queremos que nuestras herramientas se conecten sin problemas con la intuici\u00f3n y el pensamiento humano, convirti\u00e9ndose en una extensi\u00f3n de la imaginaci\u00f3n. Puedes expresarte libremente, sin limitaciones, y entrar en el estado de flujo donde nacen tus mejores ideas, creando resultados sorprendentes.<\/p>\t\t\t\t\t\t\t\t<\/div>\n\t\t\t\t<div class=\"elementor-element elementor-element-0af601b elementor-widget elementor-widget-text-editor\" data-id=\"0af601b\" data-element_type=\"widget\" data-widget_type=\"text-editor.default\">\n\t\t\t\t\t\t\t\t\t<p>D5 nunca dejar\u00e1 de esforzarse para hacer realidad la libertad creativa.<\/p>\t\t\t\t\t\t\t\t<\/div>\n\t\t\t\t\t<\/div>\n\t\t\t\t<\/div>\n\t\t<div class=\"elementor-element elementor-element-7b269d5 e-flex e-con-boxed e-con e-parent\" data-id=\"7b269d5\" data-element_type=\"container\">\n\t\t\t\t\t<div class=\"e-con-inner\">\n\t\t\t\t<div class=\"elementor-element elementor-element-16628c4 elementor-widget elementor-widget-heading\" data-id=\"16628c4\" data-element_type=\"widget\" data-widget_type=\"heading.default\">\n\t\t\t\t\t<h2 class=\"elementor-heading-title elementor-size-default\">\u00danete a nosotros\n<\/h2>\t\t\t\t<\/div>\n\t\t\t\t<div class=\"elementor-element elementor-element-c4a4202 elementor-widget elementor-widget-text-editor\" data-id=\"c4a4202\" data-element_type=\"widget\" data-widget_type=\"text-editor.default\">\n\t\t\t\t\t\t\t\t\t<p>Moldea tu carrera y construye el futuro con D5.<\/p>\t\t\t\t\t\t\t\t<\/div>\n\t\t\t\t<div class=\"elementor-element elementor-element-cddd363 elementor-widget elementor-widget-button\" data-id=\"cddd363\" data-element_type=\"widget\" data-widget_type=\"button.default\">\n\t\t\t\t\t\t\t\t\t\t<a class=\"elementor-button elementor-button-link elementor-size-sm\" href=\"https:\/\/www.linkedin.com\/company\/d5render\/jobs\/\" target=\"_blank\" rel=\"nofollow noopener\">\n\t\t\t\t\t\t<span class=\"elementor-button-content-wrapper\">\n\t\t\t\t\t\t\t\t\t<span class=\"elementor-button-text\">M\u00e1s informaci\u00f3n<\/span>\n\t\t\t\t\t<\/span>\n\t\t\t\t\t<\/a>\n\t\t\t\t\t\t\t\t<\/div>\n\t\t\t\t\t<\/div>\n\t\t\t\t<\/div>\n\t\t\t\t<\/div>","protected":false},"excerpt":{"rendered":"<p>About D5 Our Story Our perceivable world is built on four dimensions: space and time. But there\u2019s also a fifth dimension\u2014a space where imagination lives in everyone\u2019s mind. When imagination turns into action and shapes reality, we call it Dimension 5 (D5). D5 was founded by a group of young innovators who were passionate about [&hellip;]<\/p>","protected":false},"author":1,"featured_media":0,"parent":0,"menu_order":0,"comment_status":"closed","ping_status":"closed","template":"","meta":{"_acf_changed":false,"_vp_format_video_url":"","_vp_image_focal_point":[],"footnotes":""},"class_list":["post-6567","page","type-page","status-publish","hentry"],"blocksy_meta":[],"acf":[],"_links":{"self":[{"href":"https:\/\/www.d5render.com\/es\/wp-json\/wp\/v2\/pages\/6567","targetHints":{"allow":["GET"]}}],"collection":[{"href":"https:\/\/www.d5render.com\/es\/wp-json\/wp\/v2\/pages"}],"about":[{"href":"https:\/\/www.d5render.com\/es\/wp-json\/wp\/v2\/types\/page"}],"author":[{"embeddable":true,"href":"https:\/\/www.d5render.com\/es\/wp-json\/wp\/v2\/users\/1"}],"replies":[{"embeddable":true,"href":"https:\/\/www.d5render.com\/es\/wp-json\/wp\/v2\/comments?post=6567"}],"version-history":[{"count":19,"href":"https:\/\/www.d5render.com\/es\/wp-json\/wp\/v2\/pages\/6567\/revisions"}],"predecessor-version":[{"id":6588,"href":"https:\/\/www.d5render.com\/es\/wp-json\/wp\/v2\/pages\/6567\/revisions\/6588"}],"wp:attachment":[{"href":"https:\/\/www.d5render.com\/es\/wp-json\/wp\/v2\/media?parent=6567"}],"curies":[{"name":"wp","href":"https:\/\/api.w.org\/{rel}","templated":true}]}}