{"id":1963,"date":"2025-12-23T16:17:35","date_gmt":"2025-12-23T08:17:35","guid":{"rendered":"https:\/\/usa-wps.d5render.com\/?page_id=1963"},"modified":"2026-05-14T12:18:32","modified_gmt":"2026-05-14T04:18:32","slug":"lets-win-d5-pro","status":"publish","type":"page","link":"https:\/\/www.d5render.com\/fr\/lets-win-d5-pro","title":{"rendered":"Let&#8217;s win D5 Pro!"},"content":{"rendered":"<div data-elementor-type=\"wp-page\" data-elementor-id=\"1963\" class=\"elementor elementor-1963\" data-elementor-post-type=\"page\">\n\t\t\t\t<div class=\"elementor-element elementor-element-cb116fa e-flex e-con-boxed e-con e-parent\" data-id=\"cb116fa\" data-element_type=\"container\" data-settings=\"{&quot;background_background&quot;:&quot;classic&quot;}\">\n\t\t\t\t\t<div class=\"e-con-inner\">\n\t\t\t\t<div class=\"elementor-element elementor-element-1826ddf elementor-widget__width-inherit elementor-widget elementor-widget-heading\" data-id=\"1826ddf\" data-element_type=\"widget\" data-widget_type=\"heading.default\">\n\t\t\t\t\t<h1 class=\"elementor-heading-title elementor-size-default\">Gagnons D5 Pro !<\/h1>\t\t\t\t<\/div>\n\t\t\t\t\t<\/div>\n\t\t\t\t<\/div>\n\t\t<div class=\"elementor-element elementor-element-77c6614 e-flex e-con-boxed e-con e-parent\" data-id=\"77c6614\" data-element_type=\"container\">\n\t\t\t\t\t<div class=\"e-con-inner\">\n\t\t\t\t<div class=\"elementor-element elementor-element-c732100 elementor-widget elementor-widget-heading\" data-id=\"c732100\" data-element_type=\"widget\" data-widget_type=\"heading.default\">\n\t\t\t\t\t<h2 class=\"elementor-heading-title elementor-size-default\">R\u00e9digez des avis pour nous<\/h2>\t\t\t\t<\/div>\n\t\t\t\t\t<\/div>\n\t\t\t\t<\/div>\n\t\t<div class=\"elementor-element elementor-element-6f84619 e-flex e-con-boxed e-con e-parent\" data-id=\"6f84619\" data-element_type=\"container\">\n\t\t\t\t\t<div class=\"e-con-inner\">\n\t\t\t\t<div class=\"elementor-element elementor-element-4dceb55 elementor-widget elementor-widget-heading\" data-id=\"4dceb55\" data-element_type=\"widget\" data-widget_type=\"heading.default\">\n\t\t\t\t\t<p class=\"elementor-heading-title elementor-size-default\">\ud83d\udc47 Post in the links below<\/p>\t\t\t\t<\/div>\n\t\t\t\t<div class=\"elementor-element elementor-element-775a4c6 elementor-widget elementor-widget-button\" data-id=\"775a4c6\" data-element_type=\"widget\" data-widget_type=\"button.default\">\n\t\t\t\t\t\t\t\t\t\t<a class=\"elementor-button elementor-size-sm\" role=\"button\">\n\t\t\t\t\t\t<span class=\"elementor-button-content-wrapper\">\n\t\t\t\t\t\t\t\t\t<span class=\"elementor-button-text\">Obtenez 7 jours D5 Pro<\/span>\n\t\t\t\t\t<\/span>\n\t\t\t\t\t<\/a>\n\t\t\t\t\t\t\t\t<\/div>\n\t\t\t\t\t<\/div>\n\t\t\t\t<\/div>\n\t\t<div class=\"elementor-element elementor-element-40aeeda e-grid e-con-boxed e-con e-parent\" data-id=\"40aeeda\" data-element_type=\"container\">\n\t\t\t\t\t<div class=\"e-con-inner\">\n\t\t<a class=\"elementor-element elementor-element-5fbd073 e-con-full e-flex e-con e-child\" data-id=\"5fbd073\" data-element_type=\"container\" data-settings=\"{&quot;background_background&quot;:&quot;classic&quot;}\" href=\"https:\/\/www.g2.com\/products\/d5-render\/reviews\" target=\"_blank\" rel=\"nofollow noopener\">\n\t\t\t\t<div class=\"elementor-element elementor-element-2fc2941 elementor-widget elementor-widget-text-editor\" data-id=\"2fc2941\" data-element_type=\"widget\" data-widget_type=\"text-editor.default\">\n\t\t\t\t\t\t\t\t\t<p>G2 <img decoding=\"async\" class=\"alignnone wp-image-1969 size-full\" src=\"https:\/\/www.d5render.com\/wp-content\/uploads\/2025\/12\/654e216578285730fb6a7262_logo_g2.svg\" alt=\"\" width=\"40\" height=\"40\"> <img decoding=\"async\" class=\"alignnone wp-image-1970 size-full\" src=\"https:\/\/www.d5render.com\/wp-content\/uploads\/2025\/12\/654e21b95ab9c5d28d010c93_ic_arrow_up_right.svg\" alt=\"\" width=\"24\" height=\"24\"><\/p>\t\t\t\t\t\t\t\t<\/div>\n\t\t\t\t<\/a>\n\t\t<a class=\"elementor-element elementor-element-7819a4f e-con-full e-flex e-con e-child\" data-id=\"7819a4f\" data-element_type=\"container\" href=\"https:\/\/www.capterra.com\/p\/10005615\/D5-Render\/\" target=\"_blank\" rel=\"nofollow noopener\">\n\t\t\t\t<div class=\"elementor-element elementor-element-db1734c elementor-widget elementor-widget-text-editor\" data-id=\"db1734c\" data-element_type=\"widget\" data-widget_type=\"text-editor.default\">\n\t\t\t\t\t\t\t\t\t<p>Capterra<img decoding=\"async\" class=\"alignnone wp-image-2122\" src=\"https:\/\/www.d5render.com\/wp-content\/uploads\/2025\/12\/6556fd278fe815c6592f7878_Capterra-296x300.png\" alt=\"\" width=\"40\" height=\"41\" srcset=\"https:\/\/www.d5render.com\/wp-content\/uploads\/2025\/12\/6556fd278fe815c6592f7878_Capterra-296x300.png 296w, https:\/\/www.d5render.com\/wp-content\/uploads\/2025\/12\/6556fd278fe815c6592f7878_Capterra-150x150.png 150w, https:\/\/www.d5render.com\/wp-content\/uploads\/2025\/12\/6556fd278fe815c6592f7878_Capterra-12x12.png 12w, https:\/\/www.d5render.com\/wp-content\/uploads\/2025\/12\/6556fd278fe815c6592f7878_Capterra-500x508.png 500w, https:\/\/www.d5render.com\/wp-content\/uploads\/2025\/12\/6556fd278fe815c6592f7878_Capterra.png 664w\" sizes=\"(max-width: 40px) 100vw, 40px\" \/> <img decoding=\"async\" class=\"alignnone wp-image-1970 size-full\" src=\"https:\/\/www.d5render.com\/wp-content\/uploads\/2025\/12\/654e21b95ab9c5d28d010c93_ic_arrow_up_right.svg\" alt=\"\" width=\"24\" height=\"24\"><\/p>\t\t\t\t\t\t\t\t<\/div>\n\t\t\t\t<\/a>\n\t\t<a class=\"elementor-element elementor-element-0b0fa0d e-con-full e-flex e-con e-child\" data-id=\"0b0fa0d\" data-element_type=\"container\" href=\"https:\/\/www.goodfirms.co\/software\/d5-render\" target=\"_blank\" rel=\"nofollow noopener\">\n\t\t\t\t<div class=\"elementor-element elementor-element-ef8e647 elementor-widget elementor-widget-text-editor\" data-id=\"ef8e647\" data-element_type=\"widget\" data-widget_type=\"text-editor.default\">\n\t\t\t\t\t\t\t\t\t<p>Goodfirms <img loading=\"lazy\" decoding=\"async\" class=\"alignnone size-medium\" src=\"https:\/\/www.d5render.com\/wp-content\/usa-website-assets\/b76a94cb43521b2a70954d56\/654e216603cb2ad9155e57ed_logo_goodfirms.svg\" width=\"40\" height=\"40\" alt=\"\">\u00a0<img decoding=\"async\" class=\"alignnone wp-image-1970 size-full\" src=\"https:\/\/www.d5render.com\/wp-content\/uploads\/2025\/12\/654e21b95ab9c5d28d010c93_ic_arrow_up_right.svg\" alt=\"\" width=\"24\" height=\"24\"><\/p>\t\t\t\t\t\t\t\t<\/div>\n\t\t\t\t<\/a>\n\t\t\t\t\t<\/div>\n\t\t\t\t<\/div>\n\t\t<div class=\"elementor-element elementor-element-c96594e e-flex e-con-boxed e-con e-parent\" data-id=\"c96594e\" data-element_type=\"container\">\n\t\t\t\t\t<div class=\"e-con-inner\">\n\t\t\t\t<div class=\"elementor-element elementor-element-ef35df5 elementor-widget elementor-widget-text-editor\" data-id=\"ef35df5\" data-element_type=\"widget\" data-widget_type=\"text-editor.default\">\n\t\t\t\t\t\t\t\t\t<p>Vous pouvez gagner des r\u00e9compenses pour vos avis sur diff\u00e9rentes plateformes, et ces r\u00e9compenses s'accumulent. N'oubliez pas que vous ne pouvez r\u00e9clamer une r\u00e9compense qu'une seule fois par plateforme. Pour enregistrer les liens de vos avis, veuillez soumettre le formulaire ci-dessous.<\/p><p>Notes importantes :<\/p><p>\u2013 Notre \u00e9quipe v\u00e9rifiera toutes les soumissions. Nous n'acceptons que les avis approuv\u00e9s et publics.<\/p><p>\u2013 Les avis en attente d\u2019examen, retir\u00e9s ou visibles uniquement depuis votre compte personnel ne seront pas \u00e9ligibles aux r\u00e9compenses.<\/p><p>\u2013 Si vos avis sont valid\u00e9s, nous verserons la r\u00e9compense sur votre compte D5 dans un d\u00e9lai de 7 \u00e0 14 jours ouvrables.<\/p>\t\t\t\t\t\t\t\t<\/div>\n\t\t\t\t<div class=\"elementor-element elementor-element-939f4de elementor-widget elementor-widget-button\" data-id=\"939f4de\" data-element_type=\"widget\" data-widget_type=\"button.default\">\n\t\t\t\t\t\t\t\t\t\t<a class=\"elementor-button elementor-button-link elementor-size-sm\" href=\"https:\/\/forms.office.com\/Pages\/ResponsePage.aspx?id=VA2EoKsrPUGcll6bFVTbSxv5m3ALI0lIs-XcwFa56fFUQlRVMTIxUE82VjFMUVVXQTEyUDJERTcxTC4u\" target=\"_blank\" rel=\"nofollow noopener\">\n\t\t\t\t\t\t<span class=\"elementor-button-content-wrapper\">\n\t\t\t\t\t\t\t\t\t<span class=\"elementor-button-text\">Soumettre<\/span>\n\t\t\t\t\t<\/span>\n\t\t\t\t\t<\/a>\n\t\t\t\t\t\t\t\t<\/div>\n\t\t\t\t\t<\/div>\n\t\t\t\t<\/div>\n\t\t\t\t<\/div>","protected":false},"excerpt":{"rendered":"<p>Let&#8217;s Win D5 Pro! Write reviews for us \ud83d\udc47 Post in the links below Get 7-day D5 Pro G2 Capterra Goodfirms \u00a0 You can earn rewards for reviews on different platforms, and these rewards stack. Just remember, you can only claim a reward once per platform. To register your review links, please submit the form [&hellip;]<\/p>","protected":false},"author":5,"featured_media":0,"parent":0,"menu_order":0,"comment_status":"closed","ping_status":"closed","template":"","meta":{"_acf_changed":false,"_vp_format_video_url":"","_vp_image_focal_point":[],"footnotes":""},"class_list":["post-1963","page","type-page","status-publish","hentry"],"blocksy_meta":[],"acf":[],"_links":{"self":[{"href":"https:\/\/www.d5render.com\/fr\/wp-json\/wp\/v2\/pages\/1963","targetHints":{"allow":["GET"]}}],"collection":[{"href":"https:\/\/www.d5render.com\/fr\/wp-json\/wp\/v2\/pages"}],"about":[{"href":"https:\/\/www.d5render.com\/fr\/wp-json\/wp\/v2\/types\/page"}],"author":[{"embeddable":true,"href":"https:\/\/www.d5render.com\/fr\/wp-json\/wp\/v2\/users\/5"}],"replies":[{"embeddable":true,"href":"https:\/\/www.d5render.com\/fr\/wp-json\/wp\/v2\/comments?post=1963"}],"version-history":[{"count":64,"href":"https:\/\/www.d5render.com\/fr\/wp-json\/wp\/v2\/pages\/1963\/revisions"}],"predecessor-version":[{"id":10577,"href":"https:\/\/www.d5render.com\/fr\/wp-json\/wp\/v2\/pages\/1963\/revisions\/10577"}],"wp:attachment":[{"href":"https:\/\/www.d5render.com\/fr\/wp-json\/wp\/v2\/media?parent=1963"}],"curies":[{"name":"wp","href":"https:\/\/api.w.org\/{rel}","templated":true}]}}