{"id":2016,"date":"2025-12-23T17:07:17","date_gmt":"2025-12-23T09:07:17","guid":{"rendered":"https:\/\/usa-wps.d5render.com\/?page_id=2016"},"modified":"2026-05-12T15:24:40","modified_gmt":"2026-05-12T07:24:40","slug":"roadmap","status":"publish","type":"page","link":"https:\/\/www.d5render.com\/fr\/roadmap","title":{"rendered":"Feuille de route"},"content":{"rendered":"<div data-elementor-type=\"wp-page\" data-elementor-id=\"2016\" class=\"elementor elementor-2016\" data-elementor-post-type=\"page\">\n\t\t\t\t<div class=\"elementor-element elementor-element-ca35445 e-flex e-con-boxed e-con e-parent\" data-id=\"ca35445\" data-element_type=\"container\" data-settings=\"{&quot;background_background&quot;:&quot;classic&quot;}\">\n\t\t\t\t\t<div class=\"e-con-inner\">\n\t\t\t\t<div class=\"elementor-element elementor-element-d763bf3 elementor-widget elementor-widget-heading\" data-id=\"d763bf3\" data-element_type=\"widget\" data-widget_type=\"heading.default\">\n\t\t\t\t\t<h1 class=\"elementor-heading-title elementor-size-default\">Feuille de route<\/h1>\t\t\t\t<\/div>\n\t\t\t\t\t<\/div>\n\t\t\t\t<\/div>\n\t\t<div class=\"elementor-element elementor-element-695d7a5 e-flex e-con-boxed e-con e-parent\" data-id=\"695d7a5\" data-element_type=\"container\">\n\t\t\t\t\t<div class=\"e-con-inner\">\n\t\t\t\t<div class=\"elementor-element elementor-element-b296014 elementor-widget elementor-widget-text-editor\" data-id=\"b296014\" data-element_type=\"widget\" data-widget_type=\"text-editor.default\">\n\t\t\t\t\t\t\t\t\t<p>Lib\u00e9ration<\/p>\t\t\t\t\t\t\t\t<\/div>\n\t\t\t\t\t<\/div>\n\t\t\t\t<\/div>\n\t\t<div class=\"elementor-element elementor-element-b61c2a2 e-flex e-con-boxed e-con e-parent\" data-id=\"b61c2a2\" data-element_type=\"container\">\n\t\t\t\t\t<div class=\"e-con-inner\">\n\t\t\t\t<div class=\"elementor-element elementor-element-40c2780 elementor-widget elementor-widget-heading\" data-id=\"40c2780\" data-element_type=\"widget\" data-widget_type=\"heading.default\">\n\t\t\t\t\t<h2 class=\"elementor-heading-title elementor-size-default\">D5 3.0<\/h2>\t\t\t\t<\/div>\n\t\t\t\t\t<\/div>\n\t\t\t\t<\/div>\n\t\t<div class=\"elementor-element elementor-element-ed85375 e-grid e-con-boxed e-con e-parent\" data-id=\"ed85375\" data-element_type=\"container\">\n\t\t\t\t\t<div class=\"e-con-inner\">\n\t\t<div class=\"elementor-element elementor-element-29792dc e-con-full e-flex e-con e-child\" data-id=\"29792dc\" data-element_type=\"container\">\n\t\t\t\t<div class=\"elementor-element elementor-element-716171c elementor-widget elementor-widget-image\" data-id=\"716171c\" data-element_type=\"widget\" data-widget_type=\"image.default\">\n\t\t\t\t\t\t\t\t\t\t\t\t\t\t\t<img fetchpriority=\"high\" decoding=\"async\" width=\"464\" height=\"160\" src=\"https:\/\/www.d5render.com\/wp-content\/uploads\/2026\/03\/roadmap-3.0.1.png\" class=\"attachment-large size-large wp-image-5722\" alt=\"\" srcset=\"https:\/\/www.d5render.com\/wp-content\/uploads\/2026\/03\/roadmap-3.0.1.png 464w, https:\/\/www.d5render.com\/wp-content\/uploads\/2026\/03\/roadmap-3.0.1-300x103.png 300w, https:\/\/www.d5render.com\/wp-content\/uploads\/2026\/03\/roadmap-3.0.1-18x6.png 18w\" sizes=\"(max-width: 464px) 100vw, 464px\">\t\t\t\t\t\t\t\t\t\t\t\t\t\t\t<\/div>\n\t\t\t\t<div class=\"elementor-element elementor-element-d647613 elementor-widget elementor-widget-heading\" data-id=\"d647613\" data-element_type=\"widget\" data-widget_type=\"heading.default\">\n\t\t\t\t\t<p class=\"elementor-heading-title elementor-size-default\">Oc\u00e9an\n<\/p>\t\t\t\t<\/div>\n\t\t\t\t<\/div>\n\t\t<div class=\"elementor-element elementor-element-d6f1d52 e-con-full e-flex e-con e-child\" data-id=\"d6f1d52\" data-element_type=\"container\">\n\t\t\t\t<div class=\"elementor-element elementor-element-54a3174 elementor-widget elementor-widget-image\" data-id=\"54a3174\" data-element_type=\"widget\" data-widget_type=\"image.default\">\n\t\t\t\t\t\t\t\t\t\t\t\t\t\t\t<img decoding=\"async\" width=\"464\" height=\"160\" src=\"https:\/\/www.d5render.com\/wp-content\/uploads\/2026\/03\/roadmap-3.0.2.png\" class=\"attachment-large size-large wp-image-5724\" alt=\"\" srcset=\"https:\/\/www.d5render.com\/wp-content\/uploads\/2026\/03\/roadmap-3.0.2.png 464w, https:\/\/www.d5render.com\/wp-content\/uploads\/2026\/03\/roadmap-3.0.2-300x103.png 300w, https:\/\/www.d5render.com\/wp-content\/uploads\/2026\/03\/roadmap-3.0.2-18x6.png 18w\" sizes=\"(max-width: 464px) 100vw, 464px\">\t\t\t\t\t\t\t\t\t\t\t\t\t\t\t<\/div>\n\t\t\t\t<div class=\"elementor-element elementor-element-d19d734 elementor-widget elementor-widget-heading\" data-id=\"d19d734\" data-element_type=\"widget\" data-widget_type=\"heading.default\">\n\t\t\t\t\t<p class=\"elementor-heading-title elementor-size-default\">Nuages volum\u00e9triques<\/p>\t\t\t\t<\/div>\n\t\t\t\t<\/div>\n\t\t<div class=\"elementor-element elementor-element-a13d107 e-con-full e-flex e-con e-child\" data-id=\"a13d107\" data-element_type=\"container\">\n\t\t\t\t<div class=\"elementor-element elementor-element-04f71d4 elementor-widget elementor-widget-image\" data-id=\"04f71d4\" data-element_type=\"widget\" data-widget_type=\"image.default\">\n\t\t\t\t\t\t\t\t\t\t\t\t\t\t\t<img decoding=\"async\" width=\"464\" height=\"160\" src=\"https:\/\/www.d5render.com\/wp-content\/uploads\/2026\/03\/roadmap-3.0.3.png\" class=\"attachment-large size-large wp-image-5725\" alt=\"\" srcset=\"https:\/\/www.d5render.com\/wp-content\/uploads\/2026\/03\/roadmap-3.0.3.png 464w, https:\/\/www.d5render.com\/wp-content\/uploads\/2026\/03\/roadmap-3.0.3-300x103.png 300w, https:\/\/www.d5render.com\/wp-content\/uploads\/2026\/03\/roadmap-3.0.3-18x6.png 18w\" sizes=\"(max-width: 464px) 100vw, 464px\">\t\t\t\t\t\t\t\t\t\t\t\t\t\t\t<\/div>\n\t\t\t\t<div class=\"elementor-element elementor-element-5b0769f elementor-widget elementor-widget-heading\" data-id=\"5b0769f\" data-element_type=\"widget\" data-widget_type=\"heading.default\">\n\t\t\t\t\t<p class=\"elementor-heading-title elementor-size-default\">Mat\u00e9riau de d\u00e9placement (b\u00eata)\n<\/p>\t\t\t\t<\/div>\n\t\t\t\t<\/div>\n\t\t<div class=\"elementor-element elementor-element-b5e7a4f e-con-full e-flex e-con e-child\" data-id=\"b5e7a4f\" data-element_type=\"container\">\n\t\t\t\t<div class=\"elementor-element elementor-element-b080535 elementor-widget elementor-widget-image\" data-id=\"b080535\" data-element_type=\"widget\" data-widget_type=\"image.default\">\n\t\t\t\t\t\t\t\t\t\t\t\t\t\t\t<img loading=\"lazy\" decoding=\"async\" width=\"464\" height=\"160\" src=\"https:\/\/www.d5render.com\/wp-content\/uploads\/2026\/03\/roadmap-3.0.4.png\" class=\"attachment-large size-large wp-image-5726\" alt=\"\" srcset=\"https:\/\/www.d5render.com\/wp-content\/uploads\/2026\/03\/roadmap-3.0.4.png 464w, https:\/\/www.d5render.com\/wp-content\/uploads\/2026\/03\/roadmap-3.0.4-300x103.png 300w, https:\/\/www.d5render.com\/wp-content\/uploads\/2026\/03\/roadmap-3.0.4-18x6.png 18w\" sizes=\"(max-width: 464px) 100vw, 464px\">\t\t\t\t\t\t\t\t\t\t\t\t\t\t\t<\/div>\n\t\t\t\t<div class=\"elementor-element elementor-element-ddcb58b elementor-widget elementor-widget-heading\" data-id=\"ddcb58b\" data-element_type=\"widget\" data-widget_type=\"heading.default\">\n\t\t\t\t\t<p class=\"elementor-heading-title elementor-size-default\">G\u00e9n\u00e9ration proc\u00e9durale de b\u00e2timents (G\u00e9n\u00e9rateur de ville)\n<\/p>\t\t\t\t<\/div>\n\t\t\t\t<\/div>\n\t\t<div class=\"elementor-element elementor-element-1851069 e-con-full e-flex e-con e-child\" data-id=\"1851069\" data-element_type=\"container\">\n\t\t\t\t<div class=\"elementor-element elementor-element-4f5246b elementor-widget elementor-widget-image\" data-id=\"4f5246b\" data-element_type=\"widget\" data-widget_type=\"image.default\">\n\t\t\t\t\t\t\t\t\t\t\t\t\t\t\t<img loading=\"lazy\" decoding=\"async\" width=\"464\" height=\"160\" src=\"https:\/\/www.d5render.com\/wp-content\/uploads\/2026\/03\/roadmap-3.0.5.png\" class=\"attachment-large size-large wp-image-5727\" alt=\"\" srcset=\"https:\/\/www.d5render.com\/wp-content\/uploads\/2026\/03\/roadmap-3.0.5.png 464w, https:\/\/www.d5render.com\/wp-content\/uploads\/2026\/03\/roadmap-3.0.5-300x103.png 300w, https:\/\/www.d5render.com\/wp-content\/uploads\/2026\/03\/roadmap-3.0.5-18x6.png 18w\" sizes=\"(max-width: 464px) 100vw, 464px\">\t\t\t\t\t\t\t\t\t\t\t\t\t\t\t<\/div>\n\t\t\t\t<div class=\"elementor-element elementor-element-1f80e23 elementor-widget elementor-widget-heading\" data-id=\"1f80e23\" data-element_type=\"widget\" data-widget_type=\"heading.default\">\n\t\t\t\t\t<p class=\"elementor-heading-title elementor-size-default\">Couleur de fond personnalis\u00e9e\n<\/p>\t\t\t\t<\/div>\n\t\t\t\t<\/div>\n\t\t<div class=\"elementor-element elementor-element-73a4c7c e-con-full e-flex e-con e-child\" data-id=\"73a4c7c\" data-element_type=\"container\">\n\t\t\t\t<div class=\"elementor-element elementor-element-6a40e6d elementor-widget elementor-widget-image\" data-id=\"6a40e6d\" data-element_type=\"widget\" data-widget_type=\"image.default\">\n\t\t\t\t\t\t\t\t\t\t\t\t\t\t\t<img loading=\"lazy\" decoding=\"async\" width=\"464\" height=\"160\" src=\"https:\/\/www.d5render.com\/wp-content\/uploads\/2026\/03\/roadmap-3.0.6.png\" class=\"attachment-large size-large wp-image-5728\" alt=\"Correspondance des sc\u00e8nes d&#039;IA\" srcset=\"https:\/\/www.d5render.com\/wp-content\/uploads\/2026\/03\/roadmap-3.0.6.png 464w, https:\/\/www.d5render.com\/wp-content\/uploads\/2026\/03\/roadmap-3.0.6-300x103.png 300w, https:\/\/www.d5render.com\/wp-content\/uploads\/2026\/03\/roadmap-3.0.6-18x6.png 18w\" sizes=\"(max-width: 464px) 100vw, 464px\" \/>\t\t\t\t\t\t\t\t\t\t\t\t\t\t\t<\/div>\n\t\t\t\t<div class=\"elementor-element elementor-element-86fec4a elementor-widget elementor-widget-heading\" data-id=\"86fec4a\" data-element_type=\"widget\" data-widget_type=\"heading.default\">\n\t\t\t\t\t<p class=\"elementor-heading-title elementor-size-default\">Correspondance des sc\u00e8nes d'IA\n<\/p>\t\t\t\t<\/div>\n\t\t\t\t<\/div>\n\t\t<div class=\"elementor-element elementor-element-d14056b e-con-full e-flex e-con e-child\" data-id=\"d14056b\" data-element_type=\"container\">\n\t\t\t\t<div class=\"elementor-element elementor-element-1167fe7 elementor-widget elementor-widget-image\" data-id=\"1167fe7\" data-element_type=\"widget\" data-widget_type=\"image.default\">\n\t\t\t\t\t\t\t\t\t\t\t\t\t\t\t<img loading=\"lazy\" decoding=\"async\" width=\"464\" height=\"160\" src=\"https:\/\/www.d5render.com\/wp-content\/uploads\/2026\/03\/roadmap-3.0.7.png\" class=\"attachment-large size-large wp-image-5729\" alt=\"AI Image to 3D\" srcset=\"https:\/\/www.d5render.com\/wp-content\/uploads\/2026\/03\/roadmap-3.0.7.png 464w, https:\/\/www.d5render.com\/wp-content\/uploads\/2026\/03\/roadmap-3.0.7-300x103.png 300w, https:\/\/www.d5render.com\/wp-content\/uploads\/2026\/03\/roadmap-3.0.7-18x6.png 18w\" sizes=\"(max-width: 464px) 100vw, 464px\" \/>\t\t\t\t\t\t\t\t\t\t\t\t\t\t\t<\/div>\n\t\t\t\t<div class=\"elementor-element elementor-element-3e1bb04 elementor-widget elementor-widget-heading\" data-id=\"3e1bb04\" data-element_type=\"widget\" data-widget_type=\"heading.default\">\n\t\t\t\t\t<p class=\"elementor-heading-title elementor-size-default\">AI Image to 3D\n<\/p>\t\t\t\t<\/div>\n\t\t\t\t<\/div>\n\t\t<div class=\"elementor-element elementor-element-1302030 e-con-full e-flex e-con e-child\" data-id=\"1302030\" data-element_type=\"container\">\n\t\t\t\t<div class=\"elementor-element elementor-element-67146e3 elementor-widget elementor-widget-image\" data-id=\"67146e3\" data-element_type=\"widget\" data-widget_type=\"image.default\">\n\t\t\t\t\t\t\t\t\t\t\t\t\t\t\t<img loading=\"lazy\" decoding=\"async\" width=\"464\" height=\"160\" src=\"https:\/\/www.d5render.com\/wp-content\/uploads\/2026\/03\/roadmap-3.0.8.png\" class=\"attachment-large size-large wp-image-5730\" alt=\"D5 Works Int\u00e9gration\" srcset=\"https:\/\/www.d5render.com\/wp-content\/uploads\/2026\/03\/roadmap-3.0.8.png 464w, https:\/\/www.d5render.com\/wp-content\/uploads\/2026\/03\/roadmap-3.0.8-300x103.png 300w, https:\/\/www.d5render.com\/wp-content\/uploads\/2026\/03\/roadmap-3.0.8-18x6.png 18w\" sizes=\"(max-width: 464px) 100vw, 464px\" \/>\t\t\t\t\t\t\t\t\t\t\t\t\t\t\t<\/div>\n\t\t\t\t<div class=\"elementor-element elementor-element-fa6a1f1 elementor-widget elementor-widget-heading\" data-id=\"fa6a1f1\" data-element_type=\"widget\" data-widget_type=\"heading.default\">\n\t\t\t\t\t<p class=\"elementor-heading-title elementor-size-default\">D5 Works Int\u00e9gration\n<\/p>\t\t\t\t<\/div>\n\t\t\t\t<\/div>\n\t\t\t\t\t<\/div>\n\t\t\t\t<\/div>\n\t\t<div class=\"elementor-element elementor-element-f9bf92b e-flex e-con-boxed e-con e-parent\" data-id=\"f9bf92b\" data-element_type=\"container\">\n\t\t\t\t\t<div class=\"e-con-inner\">\n\t\t\t\t<div class=\"elementor-element elementor-element-8816680 elementor-widget-divider--view-line elementor-widget elementor-widget-divider\" data-id=\"8816680\" data-element_type=\"widget\" data-widget_type=\"divider.default\">\n\t\t\t\t\t\t\t<div class=\"elementor-divider\">\n\t\t\t<span class=\"elementor-divider-separator\">\n\t\t\t\t\t\t<\/span>\n\t\t<\/div>\n\t\t\t\t\t\t<\/div>\n\t\t\t\t<div class=\"elementor-element elementor-element-448b944 elementor-widget elementor-widget-heading\" data-id=\"448b944\" data-element_type=\"widget\" data-widget_type=\"heading.default\">\n\t\t\t\t\t<h2 class=\"elementor-heading-title elementor-size-default\">Mise \u00e0 jour pr\u00e9c\u00e9dente<\/h2>\t\t\t\t<\/div>\n\t\t\t\t\t<\/div>\n\t\t\t\t<\/div>\n\t\t<div class=\"elementor-element elementor-element-5649d84 e-grid e-con-boxed e-con e-parent\" data-id=\"5649d84\" data-element_type=\"container\">\n\t\t\t\t\t<div class=\"e-con-inner\">\n\t\t<div class=\"elementor-element elementor-element-4402f86 e-con-full e-flex e-con e-child\" data-id=\"4402f86\" data-element_type=\"container\">\n\t\t\t\t<div class=\"elementor-element elementor-element-e240463 elementor-position-top elementor-widget elementor-widget-image-box\" data-id=\"e240463\" data-element_type=\"widget\" data-widget_type=\"image-box.default\">\n\t\t\t\t\t<div class=\"elementor-image-box-wrapper\"><figure class=\"elementor-image-box-img\"><img decoding=\"async\" src=\"https:\/\/usa-official.d5cdn.com\/wp-content\/usa-website-assets\/83ab5d004fde533035c9f09d\/roadmap-211-agent.svg\" title=\"\" alt=\"\" loading=\"lazy\"><\/figure><\/div>\t\t\t\t<\/div>\n\t\t<div class=\"elementor-element elementor-element-47bb8df e-con-full e-flex e-con e-child\" data-id=\"47bb8df\" data-element_type=\"container\">\n\t\t\t\t<div class=\"elementor-element elementor-element-11c0f4f elementor-widget elementor-widget-heading\" data-id=\"11c0f4f\" data-element_type=\"widget\" data-widget_type=\"heading.default\">\n\t\t\t\t\t<p class=\"elementor-heading-title elementor-size-default\">Agent AI<\/p>\t\t\t\t<\/div>\n\t\t\t\t<\/div>\n\t\t\t\t<\/div>\n\t\t<div class=\"elementor-element elementor-element-883bf07 e-con-full e-flex e-con e-child\" data-id=\"883bf07\" data-element_type=\"container\">\n\t\t\t\t<div class=\"elementor-element elementor-element-6f5085e elementor-position-top elementor-widget elementor-widget-image-box\" data-id=\"6f5085e\" data-element_type=\"widget\" data-widget_type=\"image-box.default\">\n\t\t\t\t\t<div class=\"elementor-image-box-wrapper\"><figure class=\"elementor-image-box-img\"><img decoding=\"async\" src=\"https:\/\/usa-official.d5cdn.com\/wp-content\/usa-website-assets\/83ab5d004fde533035c9f09d\/roadmap_211_imge2.png\" title=\"\" alt=\"\" loading=\"lazy\"><\/figure><\/div>\t\t\t\t<\/div>\n\t\t<div class=\"elementor-element elementor-element-296d498 e-con-full e-flex e-con e-child\" data-id=\"296d498\" data-element_type=\"container\">\n\t\t\t\t<div class=\"elementor-element elementor-element-419bf91 elementor-widget elementor-widget-heading\" data-id=\"419bf91\" data-element_type=\"widget\" data-widget_type=\"heading.default\">\n\t\t\t\t\t<p class=\"elementor-heading-title elementor-size-default\">Capture du mat\u00e9riau PBR avec IA<\/p>\t\t\t\t<\/div>\n\t\t\t\t<\/div>\n\t\t\t\t<\/div>\n\t\t<div class=\"elementor-element elementor-element-7e77d93 e-con-full e-flex e-con e-child\" data-id=\"7e77d93\" data-element_type=\"container\">\n\t\t\t\t<div class=\"elementor-element elementor-element-ef81b4a elementor-position-top elementor-widget elementor-widget-image-box\" data-id=\"ef81b4a\" data-element_type=\"widget\" data-widget_type=\"image-box.default\">\n\t\t\t\t\t<div class=\"elementor-image-box-wrapper\"><figure class=\"elementor-image-box-img\"><img decoding=\"async\" src=\"https:\/\/usa-official.d5cdn.com\/wp-content\/usa-website-assets\/83ab5d004fde533035c9f09d\/roadmap-211-parallel.png\" title=\"\" alt=\"\" loading=\"lazy\"><\/figure><\/div>\t\t\t\t<\/div>\n\t\t<div class=\"elementor-element elementor-element-fc3e42e e-con-full e-flex e-con e-child\" data-id=\"fc3e42e\" data-element_type=\"container\">\n\t\t\t\t<div class=\"elementor-element elementor-element-eb44e24 elementor-widget elementor-widget-heading\" data-id=\"eb44e24\" data-element_type=\"widget\" data-widget_type=\"heading.default\">\n\t\t\t\t\t<p class=\"elementor-heading-title elementor-size-default\">Projection parall\u00e8le<\/p>\t\t\t\t<\/div>\n\t\t\t\t<\/div>\n\t\t\t\t<\/div>\n\t\t<div class=\"elementor-element elementor-element-c98563f e-con-full e-flex e-con e-child\" data-id=\"c98563f\" data-element_type=\"container\">\n\t\t\t\t<div class=\"elementor-element elementor-element-1351d09 elementor-position-top elementor-widget elementor-widget-image-box\" data-id=\"1351d09\" data-element_type=\"widget\" data-widget_type=\"image-box.default\">\n\t\t\t\t\t<div class=\"elementor-image-box-wrapper\"><figure class=\"elementor-image-box-img\"><img decoding=\"async\" src=\"https:\/\/usa-official.d5cdn.com\/wp-content\/usa-website-assets\/83ab5d004fde533035c9f09d\/roadmap-211-advanced-brush.png\" title=\"\" alt=\"\" loading=\"lazy\"><\/figure><\/div>\t\t\t\t<\/div>\n\t\t<div class=\"elementor-element elementor-element-b36114b e-con-full e-flex e-con e-child\" data-id=\"b36114b\" data-element_type=\"container\">\n\t\t\t\t<div class=\"elementor-element elementor-element-41510dc elementor-widget elementor-widget-heading\" data-id=\"41510dc\" data-element_type=\"widget\" data-widget_type=\"heading.default\">\n\t\t\t\t\t<p class=\"elementor-heading-title elementor-size-default\"> Pinceau avanc\u00e9<\/p>\t\t\t\t<\/div>\n\t\t\t\t<\/div>\n\t\t\t\t<\/div>\n\t\t<div class=\"elementor-element elementor-element-76920c3 e-con-full e-flex e-con e-child\" data-id=\"76920c3\" data-element_type=\"container\">\n\t\t\t\t<div class=\"elementor-element elementor-element-e80320a elementor-position-top elementor-widget elementor-widget-image-box\" data-id=\"e80320a\" data-element_type=\"widget\" data-widget_type=\"image-box.default\">\n\t\t\t\t\t<div class=\"elementor-image-box-wrapper\"><figure class=\"elementor-image-box-img\"><img decoding=\"async\" src=\"https:\/\/usa-official.d5cdn.com\/wp-content\/usa-website-assets\/83ab5d004fde533035c9f09d\/roadmap-211-custom-path.png\" title=\"\" alt=\"\" loading=\"lazy\"><\/figure><\/div>\t\t\t\t<\/div>\n\t\t<div class=\"elementor-element elementor-element-5897fc5 e-con-full e-flex e-con e-child\" data-id=\"5897fc5\" data-element_type=\"container\">\n\t\t\t\t<div class=\"elementor-element elementor-element-5d2c442 elementor-widget elementor-widget-heading\" data-id=\"5d2c442\" data-element_type=\"widget\" data-widget_type=\"heading.default\">\n\t\t\t\t\t<p class=\"elementor-heading-title elementor-size-default\">Chemin d'acc\u00e8s personnalis\u00e9<\/p>\t\t\t\t<\/div>\n\t\t\t\t<\/div>\n\t\t\t\t<\/div>\n\t\t<div class=\"elementor-element elementor-element-220d035 e-con-full e-flex e-con e-child\" data-id=\"220d035\" data-element_type=\"container\">\n\t\t\t\t<div class=\"elementor-element elementor-element-a6245fb elementor-position-top elementor-widget elementor-widget-image-box\" data-id=\"a6245fb\" data-element_type=\"widget\" data-widget_type=\"image-box.default\">\n\t\t\t\t\t<div class=\"elementor-image-box-wrapper\"><figure class=\"elementor-image-box-img\"><img decoding=\"async\" src=\"https:\/\/usa-official.d5cdn.com\/wp-content\/usa-website-assets\/83ab5d004fde533035c9f09d\/roadmap-211-more-formats.png\" title=\"\" alt=\"\" loading=\"lazy\"><\/figure><\/div>\t\t\t\t<\/div>\n\t\t<div class=\"elementor-element elementor-element-98916e4 e-con-full e-flex e-con e-child\" data-id=\"98916e4\" data-element_type=\"container\">\n\t\t\t\t<div class=\"elementor-element elementor-element-34f3fa7 elementor-widget elementor-widget-heading\" data-id=\"34f3fa7\" data-element_type=\"widget\" data-widget_type=\"heading.default\">\n\t\t\t\t\t<p class=\"elementor-heading-title elementor-size-default\">Compatibilit\u00e9 de fichiers \u00e9tendue<\/p>\t\t\t\t<\/div>\n\t\t\t\t<\/div>\n\t\t\t\t<\/div>\n\t\t\t\t\t<\/div>\n\t\t\t\t<\/div>\n\t\t\t\t<\/div>","protected":false},"excerpt":{"rendered":"<p>Roadmap Release D5 3.0 Ocean Volumetric Clouds Displacement Material (beta) Procedural Building (City Generator) Custom Background Color AI Scene Match AI Image to 3D D5 Works Integration Previous Update AI Agent AI PBR Material Snap Parallel Proiection Advanced Brush Custom Path Expanded File Compatibility<\/p>","protected":false},"author":5,"featured_media":0,"parent":0,"menu_order":0,"comment_status":"closed","ping_status":"closed","template":"","meta":{"_acf_changed":false,"_vp_format_video_url":"","_vp_image_focal_point":[],"footnotes":""},"class_list":["post-2016","page","type-page","status-publish","hentry"],"blocksy_meta":[],"acf":[],"_links":{"self":[{"href":"https:\/\/www.d5render.com\/fr\/wp-json\/wp\/v2\/pages\/2016","targetHints":{"allow":["GET"]}}],"collection":[{"href":"https:\/\/www.d5render.com\/fr\/wp-json\/wp\/v2\/pages"}],"about":[{"href":"https:\/\/www.d5render.com\/fr\/wp-json\/wp\/v2\/types\/page"}],"author":[{"embeddable":true,"href":"https:\/\/www.d5render.com\/fr\/wp-json\/wp\/v2\/users\/5"}],"replies":[{"embeddable":true,"href":"https:\/\/www.d5render.com\/fr\/wp-json\/wp\/v2\/comments?post=2016"}],"version-history":[{"count":40,"href":"https:\/\/www.d5render.com\/fr\/wp-json\/wp\/v2\/pages\/2016\/revisions"}],"predecessor-version":[{"id":10295,"href":"https:\/\/www.d5render.com\/fr\/wp-json\/wp\/v2\/pages\/2016\/revisions\/10295"}],"wp:attachment":[{"href":"https:\/\/www.d5render.com\/fr\/wp-json\/wp\/v2\/media?parent=2016"}],"curies":[{"name":"wp","href":"https:\/\/api.w.org\/{rel}","templated":true}]}}