{"id":2186,"date":"2025-12-25T17:57:09","date_gmt":"2025-12-25T09:57:09","guid":{"rendered":"https:\/\/usa-wps.d5render.com\/?page_id=2186"},"modified":"2026-04-22T15:32:57","modified_gmt":"2026-04-22T07:32:57","slug":"reseller","status":"publish","type":"page","link":"https:\/\/www.d5render.com\/fr\/reseller","title":{"rendered":"Devenir un revendeur D5 Render"},"content":{"rendered":"<div data-elementor-type=\"wp-page\" data-elementor-id=\"2186\" class=\"elementor elementor-2186\" data-elementor-post-type=\"page\">\n\t\t\t\t<div class=\"elementor-element elementor-element-c284727 e-flex e-con-boxed e-con e-parent\" data-id=\"c284727\" data-element_type=\"container\" data-settings=\"{&quot;background_background&quot;:&quot;classic&quot;}\">\n\t\t\t\t\t<div class=\"e-con-inner\">\n\t\t\t\t<div class=\"elementor-element elementor-element-e61d567 elementor-widget elementor-widget-text-editor\" data-id=\"e61d567\" data-element_type=\"widget\" data-widget_type=\"text-editor.default\">\n\t\t\t\t\t\t\t\t\t<p>PARTENAIRES MONDEAUX<\/p>\t\t\t\t\t\t\t\t<\/div>\n\t\t\t\t<div class=\"elementor-element elementor-element-6d554d8 elementor-widget elementor-widget-heading\" data-id=\"6d554d8\" data-element_type=\"widget\" data-widget_type=\"heading.default\">\n\t\t\t\t\t<h1 class=\"elementor-heading-title elementor-size-default\">Devenir revendeur D5\n<\/h1>\t\t\t\t<\/div>\n\t\t\t\t<div class=\"elementor-element elementor-element-dbfe24a elementor-widget elementor-widget-text-editor\" data-id=\"dbfe24a\" data-element_type=\"widget\" data-widget_type=\"text-editor.default\">\n\t\t\t\t\t\t\t\t\t<p>Partenaire avec D5 pour offrir de la valeur client avec une solution de conception et de visualisation de pointe<\/p>\t\t\t\t\t\t\t\t<\/div>\n\t\t\t\t<div class=\"elementor-element elementor-element-43f9fe9 elementor-widget elementor-widget-button\" data-id=\"43f9fe9\" data-element_type=\"widget\" data-widget_type=\"button.default\">\n\t\t\t\t\t\t\t\t\t\t<a class=\"elementor-button elementor-button-link elementor-size-sm\" href=\"https:\/\/forms.gle\/JGyJwJFTDvFawmxo6\" target=\"_blank\" rel=\"nofollow noopener\">\n\t\t\t\t\t\t<span class=\"elementor-button-content-wrapper\">\n\t\t\t\t\t\t\t\t\t<span class=\"elementor-button-text\">Rejoignez-nous maintenant<\/span>\n\t\t\t\t\t<\/span>\n\t\t\t\t\t<\/a>\n\t\t\t\t\t\t\t\t<\/div>\n\t\t\t\t\t<\/div>\n\t\t\t\t<\/div>\n\t\t<div class=\"elementor-element elementor-element-2ac1250 e-flex e-con-boxed e-con e-parent\" data-id=\"2ac1250\" data-element_type=\"container\">\n\t\t\t\t\t<div class=\"e-con-inner\">\n\t\t\t\t<div class=\"elementor-element elementor-element-193f55a elementor-widget elementor-widget-heading\" data-id=\"193f55a\" data-element_type=\"widget\" data-widget_type=\"heading.default\">\n\t\t\t\t\t<h2 class=\"elementor-heading-title elementor-size-default\">Avantages pour nos partenaires<\/h2>\t\t\t\t<\/div>\n\t\t\t\t\t<\/div>\n\t\t\t\t<\/div>\n\t\t<div class=\"elementor-element elementor-element-0105157 e-flex e-con-boxed elementor-invisible e-con e-parent\" data-id=\"0105157\" data-element_type=\"container\" data-settings=\"{&quot;animation&quot;:&quot;fadeInUp&quot;}\">\n\t\t\t\t\t<div class=\"e-con-inner\">\n\t\t<div class=\"elementor-element elementor-element-8d4bff0 e-con-full e-flex e-con e-child\" data-id=\"8d4bff0\" data-element_type=\"container\" data-settings=\"{&quot;background_background&quot;:&quot;classic&quot;}\">\n\t\t\t\t<div class=\"elementor-element elementor-element-ed2f5c0 elementor-widget elementor-widget-image-box\" data-id=\"ed2f5c0\" data-element_type=\"widget\" data-widget_type=\"image-box.default\">\n\t\t\t\t\t<div class=\"elementor-image-box-wrapper\"><div class=\"elementor-image-box-content\"><h3 class=\"elementor-image-box-title\">Support marketing<\/h3><p class=\"elementor-image-box-description\">Acc\u00e9dez \u00e0 un support marketing complet pour amplifier vos efforts de vente. B\u00e9n\u00e9ficiez d'une gamme de supports promotionnels, notamment des brochures, des vid\u00e9os de produits et des d\u00e9monstrations, pour pr\u00e9senter efficacement la valeur de nos logiciels \u00e0 vos clients.<\/p><\/div><\/div>\t\t\t\t<\/div>\n\t\t\t\t<\/div>\n\t\t<div class=\"elementor-element elementor-element-cfc9648 e-con-full e-flex e-con e-child\" data-id=\"cfc9648\" data-element_type=\"container\" data-settings=\"{&quot;background_background&quot;:&quot;classic&quot;}\">\n\t\t\t\t<div class=\"elementor-element elementor-element-719f624 elementor-widget elementor-widget-image-box\" data-id=\"719f624\" data-element_type=\"widget\" data-widget_type=\"image-box.default\">\n\t\t\t\t\t<div class=\"elementor-image-box-wrapper\"><div class=\"elementor-image-box-content\"><h3 class=\"elementor-image-box-title\">Ressources de formation<\/h3><p class=\"elementor-image-box-description\">Acc\u00e9dez \u00e0 des ressources de formation d\u00e9di\u00e9es pour am\u00e9liorer vos connaissances produits et vos comp\u00e9tences techniques. Restez \u00e0 jour sur les derni\u00e8res fonctionnalit\u00e9s et avanc\u00e9es de notre logiciel gr\u00e2ce \u00e0 des sessions de formation et du mat\u00e9riel p\u00e9dagogique.<\/p><\/div><\/div>\t\t\t\t<\/div>\n\t\t\t\t<\/div>\n\t\t\t\t\t<\/div>\n\t\t\t\t<\/div>\n\t\t<div class=\"elementor-element elementor-element-a7e6089 e-flex e-con-boxed elementor-invisible e-con e-parent\" data-id=\"a7e6089\" data-element_type=\"container\" data-settings=\"{&quot;animation&quot;:&quot;fadeInUp&quot;}\">\n\t\t\t\t\t<div class=\"e-con-inner\">\n\t\t<div class=\"elementor-element elementor-element-de1675d e-con-full e-flex e-con e-child\" data-id=\"de1675d\" data-element_type=\"container\" data-settings=\"{&quot;background_background&quot;:&quot;classic&quot;}\">\n\t\t\t\t<div class=\"elementor-element elementor-element-dd9c67b elementor-widget elementor-widget-image-box\" data-id=\"dd9c67b\" data-element_type=\"widget\" data-widget_type=\"image-box.default\">\n\t\t\t\t\t<div class=\"elementor-image-box-wrapper\"><div class=\"elementor-image-box-content\"><h3 class=\"elementor-image-box-title\">\u00c9quipe de support d\u00e9di\u00e9e<\/h3><p class=\"elementor-image-box-description\">Recevez une assistance et des conseils prioritaires de notre \u00e9quipe de support d\u00e9di\u00e9e. Nous nous engageons \u00e0 fournir un support rapide et fiable pour r\u00e9pondre \u00e0 toutes vos questions, probl\u00e8mes techniques ou pr\u00e9occupations de service client.<\/p><\/div><\/div>\t\t\t\t<\/div>\n\t\t\t\t<\/div>\n\t\t<div class=\"elementor-element elementor-element-cbcd52b e-con-full e-flex e-con e-child\" data-id=\"cbcd52b\" data-element_type=\"container\" data-settings=\"{&quot;background_background&quot;:&quot;classic&quot;}\">\n\t\t\t\t<div class=\"elementor-element elementor-element-6a4fb2d elementor-widget elementor-widget-image-box\" data-id=\"6a4fb2d\" data-element_type=\"widget\" data-widget_type=\"image-box.default\">\n\t\t\t\t\t<div class=\"elementor-image-box-wrapper\"><div class=\"elementor-image-box-content\"><h3 class=\"elementor-image-box-title\">Caract\u00e9ristiques et avantages exclusifs<\/h3><p class=\"elementor-image-box-description\">Tirez parti des fonctionnalit\u00e9s exclusives de notre logiciel pour vous diff\u00e9rencier sur le march\u00e9. Maximisez votre potentiel de revenus en promouvant la solution de pointe dot\u00e9e de capacit\u00e9s d'IA int\u00e9gr\u00e9es.<\/p><\/div><\/div>\t\t\t\t<\/div>\n\t\t\t\t<\/div>\n\t\t\t\t\t<\/div>\n\t\t\t\t<\/div>\n\t\t<div class=\"elementor-element elementor-element-96d843c e-flex e-con-boxed e-con e-parent\" data-id=\"96d843c\" data-element_type=\"container\" data-settings=\"{&quot;background_background&quot;:&quot;classic&quot;}\">\n\t\t\t\t\t<div class=\"e-con-inner\">\n\t\t\t\t<div class=\"elementor-element elementor-element-ee93b53 elementor-widget elementor-widget-heading\" data-id=\"ee93b53\" data-element_type=\"widget\" data-widget_type=\"heading.default\">\n\t\t\t\t\t<h2 class=\"elementor-heading-title elementor-size-default\">Exigences pour devenir un revendeur D5<\/h2>\t\t\t\t<\/div>\n\t\t\t\t<div class=\"elementor-element elementor-element-14a0958 elementor-widget elementor-widget-text-editor\" data-id=\"14a0958\" data-element_type=\"widget\" data-widget_type=\"text-editor.default\">\n\t\t\t\t\t\t\t\t\t<ul><li>Exp\u00e9rience industrielle : Exp\u00e9rience d\u00e9montr\u00e9e dans la fabrication, l'AEC (architecture, ing\u00e9nierie et construction) et la visualisation architecturale.<\/li><li>Port\u00e9e g\u00e9ographique : March\u00e9 cible\/r\u00e9gion pour la distribution de D5 et r\u00e9seau existant.<\/li><li>Plan de vente et de marketing : Strat\u00e9gie claire pour la promotion et la vente de D5.<\/li><li>Comp\u00e9tences techniques : Connaissance et ma\u00eetrise des logiciels de rendu 3D.<\/li><li>Stabilit\u00e9 financi\u00e8re : Preuve de stabilit\u00e9 financi\u00e8re et de capacit\u00e9 d'investissement.<\/li><li>Engagement et Soutien : D\u00e9dication \u00e0 promouvoir et soutenir activement D5.<\/li><li>R\u00e9f\u00e9rences : R\u00e9f\u00e9rences\/t\u00e9moignages de clients ou partenaires pr\u00e9c\u00e9dents.<\/li><\/ul>\t\t\t\t\t\t\t\t<\/div>\n\t\t\t\t<div class=\"elementor-element elementor-element-ad79032 elementor-widget elementor-widget-button\" data-id=\"ad79032\" data-element_type=\"widget\" data-widget_type=\"button.default\">\n\t\t\t\t\t\t\t\t\t\t<a class=\"elementor-button elementor-button-link elementor-size-sm\" href=\"https:\/\/forms.gle\/JGyJwJFTDvFawmxo6\" rel=\"nofollow noopener\" target=\"_blank\">\n\t\t\t\t\t\t<span class=\"elementor-button-content-wrapper\">\n\t\t\t\t\t\t\t\t\t<span class=\"elementor-button-text\">Rejoignez-nous maintenant<\/span>\n\t\t\t\t\t<\/span>\n\t\t\t\t\t<\/a>\n\t\t\t\t\t\t\t\t<\/div>\n\t\t\t\t\t<\/div>\n\t\t\t\t<\/div>\n\t\t\t\t<\/div>","protected":false},"excerpt":{"rendered":"<p>GLOBAL PARTNERS Become a D5 Reseller Partner with D5 to deliver customer value with a leading design &amp; visualization solution Join Us Now Benefits for Our Partners Marketing Support Access comprehensive marketing support to amplify your sales efforts. Benefit from a range of promotional materials, including brochures, product videos, and demos, to effectively showcase the [&hellip;]<\/p>","protected":false},"author":5,"featured_media":0,"parent":0,"menu_order":0,"comment_status":"closed","ping_status":"closed","template":"","meta":{"_acf_changed":false,"_vp_format_video_url":"","_vp_image_focal_point":[],"footnotes":""},"class_list":["post-2186","page","type-page","status-publish","hentry"],"blocksy_meta":[],"acf":[],"_links":{"self":[{"href":"https:\/\/www.d5render.com\/fr\/wp-json\/wp\/v2\/pages\/2186","targetHints":{"allow":["GET"]}}],"collection":[{"href":"https:\/\/www.d5render.com\/fr\/wp-json\/wp\/v2\/pages"}],"about":[{"href":"https:\/\/www.d5render.com\/fr\/wp-json\/wp\/v2\/types\/page"}],"author":[{"embeddable":true,"href":"https:\/\/www.d5render.com\/fr\/wp-json\/wp\/v2\/users\/5"}],"replies":[{"embeddable":true,"href":"https:\/\/www.d5render.com\/fr\/wp-json\/wp\/v2\/comments?post=2186"}],"version-history":[{"count":52,"href":"https:\/\/www.d5render.com\/fr\/wp-json\/wp\/v2\/pages\/2186\/revisions"}],"predecessor-version":[{"id":8379,"href":"https:\/\/www.d5render.com\/fr\/wp-json\/wp\/v2\/pages\/2186\/revisions\/8379"}],"wp:attachment":[{"href":"https:\/\/www.d5render.com\/fr\/wp-json\/wp\/v2\/media?parent=2186"}],"curies":[{"name":"wp","href":"https:\/\/api.w.org\/{rel}","templated":true}]}}