{"id":2980,"date":"2026-01-20T17:56:30","date_gmt":"2026-01-20T09:56:30","guid":{"rendered":"https:\/\/usa-wps.d5render.com\/?page_id=2980"},"modified":"2026-04-22T10:53:15","modified_gmt":"2026-04-22T02:53:15","slug":"downloading","status":"publish","type":"page","link":"https:\/\/www.d5render.com\/fr\/downloading","title":{"rendered":"T\u00e9l\u00e9chargement"},"content":{"rendered":"<div data-elementor-type=\"wp-page\" data-elementor-id=\"2980\" class=\"elementor elementor-2980\" data-elementor-post-type=\"page\">\n\t\t\t\t<div class=\"elementor-element elementor-element-6d1d126 e-flex e-con-boxed e-con e-parent\" data-id=\"6d1d126\" data-element_type=\"container\">\n\t\t\t\t\t<div class=\"e-con-inner\">\n\t\t\t\t<div class=\"elementor-element elementor-element-19f4897 elementor-widget elementor-widget-heading\" data-id=\"19f4897\" data-element_type=\"widget\" data-widget_type=\"heading.default\">\n\t\t\t\t\t<h1 class=\"elementor-heading-title elementor-size-default\">D5 Launcher Downloading...\n<\/h1>\t\t\t\t<\/div>\n\t\t\t\t<div class=\"elementor-element elementor-element-afb6da1 elementor-widget elementor-widget-text-editor\" data-id=\"afb6da1\" data-element_type=\"widget\" data-widget_type=\"text-editor.default\">\n\t\t\t\t\t\t\t\t\t<p>Si le t\u00e9l\u00e9chargement ne commence pas, cliquez sur <a href=\"https:\/\/www.d5render.com\/fr\/downloading\">ici<\/a> d'essayer \u00e0 nouveau.<\/p>\t\t\t\t\t\t\t\t<\/div>\n\t\t<div class=\"elementor-element elementor-element-f68ae83 e-con-full e-grid e-con e-child\" data-id=\"f68ae83\" data-element_type=\"container\">\n\t\t<div class=\"elementor-element elementor-element-02bf91f e-con-full e-flex e-con e-child\" data-id=\"02bf91f\" data-element_type=\"container\" data-settings=\"{&quot;background_background&quot;:&quot;classic&quot;}\">\n\t\t\t\t<div class=\"elementor-element elementor-element-6dd3df3 elementor-widget elementor-widget-heading\" data-id=\"6dd3df3\" data-element_type=\"widget\" data-widget_type=\"heading.default\">\n\t\t\t\t\t<p class=\"elementor-heading-title elementor-size-default\">\u2460 Installation<\/p>\t\t\t\t<\/div>\n\t\t\t\t<div class=\"elementor-element elementor-element-aaba3d8 elementor-widget elementor-widget-text-editor\" data-id=\"aaba3d8\" data-element_type=\"widget\" data-widget_type=\"text-editor.default\">\n\t\t\t\t\t\t\t\t\t<p>Installez D5 Launcher et D5 Render en m\u00eame temps.<\/p>\t\t\t\t\t\t\t\t<\/div>\n\t\t\t\t<div class=\"elementor-element elementor-element-4b58971 elementor-widget elementor-widget-button\" data-id=\"4b58971\" data-element_type=\"widget\" data-widget_type=\"button.default\">\n\t\t\t\t\t\t\t\t\t\t<a class=\"elementor-button elementor-button-link elementor-size-sm\" href=\"\/fr\/specs\/\" target=\"_blank\">\n\t\t\t\t\t\t<span class=\"elementor-button-content-wrapper\">\n\t\t\t\t\t\t\t\t\t<span class=\"elementor-button-text\">V\u00e9rifier la configuration requise<\/span>\n\t\t\t\t\t<\/span>\n\t\t\t\t\t<\/a>\n\t\t\t\t\t\t\t\t<\/div>\n\t\t\t\t<\/div>\n\t\t<div class=\"elementor-element elementor-element-c9cdc65 e-con-full e-flex e-con e-child\" data-id=\"c9cdc65\" data-element_type=\"container\" data-settings=\"{&quot;background_background&quot;:&quot;classic&quot;}\">\n\t\t\t\t<div class=\"elementor-element elementor-element-e83faed elementor-widget elementor-widget-heading\" data-id=\"e83faed\" data-element_type=\"widget\" data-widget_type=\"heading.default\">\n\t\t\t\t\t<p class=\"elementor-heading-title elementor-size-default\">\u2461 Inside Launcher, acc\u00e9dez \u00e0 plus de produits D5\n<\/p>\t\t\t\t<\/div>\n\t\t\t\t<div class=\"elementor-element elementor-element-4a763ed elementor-widget elementor-widget-text-editor\" data-id=\"4a763ed\" data-element_type=\"widget\" data-widget_type=\"text-editor.default\">\n\t\t\t\t\t\t\t\t\t<p>Recherchez et installez les plugins LiveSync D5 Lite et D5 dans la section Workflow.<\/p><p>Parcourez et t\u00e9l\u00e9chargez les ressources dont vous avez besoin dans D5 Works.<\/p>\t\t\t\t\t\t\t\t<\/div>\n\t\t\t\t<\/div>\n\t\t\t\t<\/div>\n\t\t\t\t\t<\/div>\n\t\t\t\t<\/div>\n\t\t<div class=\"elementor-element elementor-element-06e92a4 e-flex e-con-boxed e-con e-parent\" data-id=\"06e92a4\" data-element_type=\"container\">\n\t\t\t\t\t<div class=\"e-con-inner\">\n\t\t\t\t<div class=\"elementor-element elementor-element-4cab72e elementor-widget elementor-widget-heading\" data-id=\"4cab72e\" data-element_type=\"widget\" data-widget_type=\"heading.default\">\n\t\t\t\t\t<h2 class=\"elementor-heading-title elementor-size-default\">Pour les d\u00e9butants\n<\/h2>\t\t\t\t<\/div>\n\t\t\t\t<div class=\"elementor-element elementor-element-1799e23 elementor-widget elementor-widget-heading\" data-id=\"1799e23\" data-element_type=\"widget\" data-widget_type=\"heading.default\">\n\t\t\t\t\t<p class=\"elementor-heading-title elementor-size-default\">Apprendre le D5 avec facilit\u00e9 et plaisir\n<\/p>\t\t\t\t<\/div>\n\t\t<div class=\"elementor-element elementor-element-810fdd8 e-grid e-con-full e-con e-child\" data-id=\"810fdd8\" data-element_type=\"container\">\n\t\t<div class=\"elementor-element elementor-element-ab00b10 e-con-full e-flex e-con e-child\" data-id=\"ab00b10\" data-element_type=\"container\" data-settings=\"{&quot;background_background&quot;:&quot;classic&quot;}\">\n\t\t\t\t<div class=\"elementor-element elementor-element-4a31b27 elementor-widget elementor-widget-heading\" data-id=\"4a31b27\" data-element_type=\"widget\" data-widget_type=\"heading.default\">\n\t\t\t\t\t<p class=\"elementor-heading-title elementor-size-default\">Caract\u00e9ristiques\n<\/p>\t\t\t\t<\/div>\n\t\t\t\t<div class=\"elementor-element elementor-element-1b4565f elementor-widget elementor-widget-text-editor\" data-id=\"1b4565f\" data-element_type=\"widget\" data-widget_type=\"text-editor.default\">\n\t\t\t\t\t\t\t\t\t<p>En savoir plus sur les caract\u00e9ristiques d\u00e9taill\u00e9es<\/p>\t\t\t\t\t\t\t\t<\/div>\n\t\t<div class=\"elementor-element elementor-element-9df7ec8 e-con-full e-flex e-con e-child\" data-id=\"9df7ec8\" data-element_type=\"container\">\n\t\t\t\t<div class=\"elementor-element elementor-element-15fb2a8 elementor-widget elementor-widget-button\" data-id=\"15fb2a8\" data-element_type=\"widget\" data-widget_type=\"button.default\">\n\t\t\t\t\t\t\t\t\t\t<a class=\"elementor-button elementor-button-link elementor-size-sm\" href=\"\/fr\/features\/\" target=\"_blank\">\n\t\t\t\t\t\t<span class=\"elementor-button-content-wrapper\">\n\t\t\t\t\t\t\t\t\t<span class=\"elementor-button-text\">Toutes les caract\u00e9ristiques<\/span>\n\t\t\t\t\t<\/span>\n\t\t\t\t\t<\/a>\n\t\t\t\t\t\t\t\t<\/div>\n\t\t\t\t<div class=\"elementor-element elementor-element-d6d96d9 elementor-widget elementor-widget-button\" data-id=\"d6d96d9\" data-element_type=\"widget\" data-widget_type=\"button.default\">\n\t\t\t\t\t\t\t\t\t\t<a class=\"elementor-button elementor-button-link elementor-size-sm\" href=\"https:\/\/forum.d5render.com\/t\/what-s-new-in-d5-render-3-0\/68270\" target=\"_blank\">\n\t\t\t\t\t\t<span class=\"elementor-button-content-wrapper\">\n\t\t\t\t\t\t\t\t\t<span class=\"elementor-button-text\">Nouveaut\u00e9s<\/span>\n\t\t\t\t\t<\/span>\n\t\t\t\t\t<\/a>\n\t\t\t\t\t\t\t\t<\/div>\n\t\t\t\t<\/div>\n\t\t\t\t<\/div>\n\t\t<div class=\"elementor-element elementor-element-27decec e-con-full e-flex e-con e-child\" data-id=\"27decec\" data-element_type=\"container\" data-settings=\"{&quot;background_background&quot;:&quot;classic&quot;}\">\n\t\t\t\t<div class=\"elementor-element elementor-element-f5af6e6 elementor-widget elementor-widget-heading\" data-id=\"f5af6e6\" data-element_type=\"widget\" data-widget_type=\"heading.default\">\n\t\t\t\t\t<p class=\"elementor-heading-title elementor-size-default\">Tutoriels et projets gratuits<\/p>\t\t\t\t<\/div>\n\t\t\t\t<div class=\"elementor-element elementor-element-4ca3593 elementor-widget elementor-widget-text-editor\" data-id=\"4ca3593\" data-element_type=\"widget\" data-widget_type=\"text-editor.default\">\n\t\t\t\t\t\t\t\t\t<p>S\u00e9lection de tutoriels<\/p>\t\t\t\t\t\t\t\t<\/div>\n\t\t\t\t<div class=\"elementor-element elementor-element-2722ac9 elementor-widget elementor-widget-button\" data-id=\"2722ac9\" data-element_type=\"widget\" data-widget_type=\"button.default\">\n\t\t\t\t\t\t\t\t\t\t<a class=\"elementor-button elementor-button-link elementor-size-sm\" href=\"\/fr\/learning\/\" target=\"_blank\">\n\t\t\t\t\t\t<span class=\"elementor-button-content-wrapper\">\n\t\t\t\t\t\t\t\t\t<span class=\"elementor-button-text\">Ressources p\u00e9dagogiques<\/span>\n\t\t\t\t\t<\/span>\n\t\t\t\t\t<\/a>\n\t\t\t\t\t\t\t\t<\/div>\n\t\t\t\t<\/div>\n\t\t\t\t<\/div>\n\t\t\t\t\t<\/div>\n\t\t\t\t<\/div>\n\t\t<div class=\"elementor-element elementor-element-976a2ff e-flex e-con-boxed e-con e-parent\" data-id=\"976a2ff\" data-element_type=\"container\">\n\t\t\t\t\t<div class=\"e-con-inner\">\n\t\t\t\t<div class=\"elementor-element elementor-element-57f2666 elementor-widget elementor-widget-heading\" data-id=\"57f2666\" data-element_type=\"widget\" data-widget_type=\"heading.default\">\n\t\t\t\t\t<h2 class=\"elementor-heading-title elementor-size-default\">Flux de travail<\/h2>\t\t\t\t<\/div>\n\t\t\t\t<div class=\"elementor-element elementor-element-aeb09a2 elementor-widget elementor-widget-heading\" data-id=\"aeb09a2\" data-element_type=\"widget\" data-widget_type=\"heading.default\">\n\t\t\t\t\t<p class=\"elementor-heading-title elementor-size-default\">En savoir plus sur la fa\u00e7on dont D5 Render fonctionne avec diff\u00e9rents logiciels de mod\u00e9lisation<\/p>\t\t\t\t<\/div>\n\t\t\t\t<div class=\"elementor-element elementor-element-29384bc elementor-widget elementor-widget-template\" data-id=\"29384bc\" data-element_type=\"widget\" data-widget_type=\"template.default\">\n\t\t\t\t<div class=\"elementor-widget-container\">\n\t\t\t\t\t\t\t<div class=\"elementor-template\">\n\t\t\t\t\t<div data-elementor-type=\"container\" data-elementor-id=\"2995\" class=\"elementor elementor-2995\" data-elementor-post-type=\"elementor_library\">\n\t\t\t\t<div class=\"elementor-element elementor-element-09f75e4 e-grid e-con-boxed e-con e-parent\" data-id=\"09f75e4\" data-element_type=\"container\">\n\t\t\t\t\t<div class=\"e-con-inner\">\n\t\t\t\t<div class=\"elementor-element elementor-element-84dcf43 elementor-position-top elementor-widget elementor-widget-image-box\" data-id=\"84dcf43\" data-element_type=\"widget\" data-widget_type=\"image-box.default\">\n\t\t\t\t\t<div class=\"elementor-image-box-wrapper\"><figure class=\"elementor-image-box-img\"><a href=\"\/fr\/workflow\/sketchup\/\" tabindex=\"-1\"><img decoding=\"async\" width=\"108\" height=\"108\" src=\"https:\/\/www.d5render.com\/wp-content\/uploads\/2026\/01\/su-logo.png\" class=\"attachment-full size-full wp-image-2917\" alt=\"\" srcset=\"https:\/\/www.d5render.com\/wp-content\/uploads\/2026\/01\/su-logo.png 108w, https:\/\/www.d5render.com\/wp-content\/uploads\/2026\/01\/su-logo-12x12.png 12w\" sizes=\"(max-width: 108px) 100vw, 108px\" \/><\/a><\/figure><div class=\"elementor-image-box-content\"><p class=\"elementor-image-box-title\"><a href=\"\/fr\/workflow\/sketchup\/\">SketchUp LiveSync<\/a><\/p><\/div><\/div>\t\t\t\t<\/div>\n\t\t\t\t<div class=\"elementor-element elementor-element-463779e elementor-position-top elementor-widget elementor-widget-image-box\" data-id=\"463779e\" data-element_type=\"widget\" data-widget_type=\"image-box.default\">\n\t\t\t\t\t<div class=\"elementor-image-box-wrapper\"><figure class=\"elementor-image-box-img\"><a href=\"\/fr\/workflow\/3ds-max\/\" tabindex=\"-1\"><img decoding=\"async\" width=\"108\" height=\"108\" src=\"https:\/\/www.d5render.com\/wp-content\/uploads\/2026\/01\/3dmax-logo.png\" class=\"attachment-full size-full wp-image-2911\" alt=\"\" srcset=\"https:\/\/www.d5render.com\/wp-content\/uploads\/2026\/01\/3dmax-logo.png 108w, https:\/\/www.d5render.com\/wp-content\/uploads\/2026\/01\/3dmax-logo-12x12.png 12w\" sizes=\"(max-width: 108px) 100vw, 108px\" \/><\/a><\/figure><div class=\"elementor-image-box-content\"><p class=\"elementor-image-box-title\"><a href=\"\/fr\/workflow\/3ds-max\/\">3ds Max LiveSync<\/a><\/p><\/div><\/div>\t\t\t\t<\/div>\n\t\t\t\t<div class=\"elementor-element elementor-element-df7bf00 elementor-position-top elementor-widget elementor-widget-image-box\" data-id=\"df7bf00\" data-element_type=\"widget\" data-widget_type=\"image-box.default\">\n\t\t\t\t\t<div class=\"elementor-image-box-wrapper\"><figure class=\"elementor-image-box-img\"><a href=\"\/fr\/workflow\/rhino\/\" tabindex=\"-1\"><img decoding=\"async\" width=\"108\" height=\"108\" src=\"https:\/\/www.d5render.com\/wp-content\/uploads\/2026\/01\/rhino-logo.png\" class=\"attachment-full size-full wp-image-2916\" alt=\"\" srcset=\"https:\/\/www.d5render.com\/wp-content\/uploads\/2026\/01\/rhino-logo.png 108w, https:\/\/www.d5render.com\/wp-content\/uploads\/2026\/01\/rhino-logo-12x12.png 12w\" sizes=\"(max-width: 108px) 100vw, 108px\" \/><\/a><\/figure><div class=\"elementor-image-box-content\"><p class=\"elementor-image-box-title\"><a href=\"\/fr\/workflow\/rhino\/\">Rhino LiveSync<\/a><\/p><\/div><\/div>\t\t\t\t<\/div>\n\t\t\t\t<div class=\"elementor-element elementor-element-0d00022 elementor-position-top elementor-widget elementor-widget-image-box\" data-id=\"0d00022\" data-element_type=\"widget\" data-widget_type=\"image-box.default\">\n\t\t\t\t\t<div class=\"elementor-image-box-wrapper\"><figure class=\"elementor-image-box-img\"><a href=\"\/fr\/workflow\/archicad\/\" tabindex=\"-1\"><img loading=\"lazy\" decoding=\"async\" width=\"108\" height=\"108\" src=\"https:\/\/www.d5render.com\/wp-content\/uploads\/2026\/01\/archicad-logo.png\" class=\"attachment-full size-full wp-image-2912\" alt=\"\" srcset=\"https:\/\/www.d5render.com\/wp-content\/uploads\/2026\/01\/archicad-logo.png 108w, https:\/\/www.d5render.com\/wp-content\/uploads\/2026\/01\/archicad-logo-12x12.png 12w\" sizes=\"(max-width: 108px) 100vw, 108px\" \/><\/a><\/figure><div class=\"elementor-image-box-content\"><p class=\"elementor-image-box-title\"><a href=\"\/fr\/workflow\/archicad\/\">Archicad LiveSync<\/a><\/p><\/div><\/div>\t\t\t\t<\/div>\n\t\t\t\t<div class=\"elementor-element elementor-element-909beb6 elementor-position-top elementor-widget elementor-widget-image-box\" data-id=\"909beb6\" data-element_type=\"widget\" data-widget_type=\"image-box.default\">\n\t\t\t\t\t<div class=\"elementor-image-box-wrapper\"><figure class=\"elementor-image-box-img\"><a href=\"\/fr\/workflow\/revit\/\" tabindex=\"-1\"><img loading=\"lazy\" decoding=\"async\" width=\"75\" height=\"75\" src=\"https:\/\/www.d5render.com\/wp-content\/uploads\/2026\/01\/revit-logo.png\" class=\"attachment-full size-full wp-image-2915\" alt=\"\" srcset=\"https:\/\/www.d5render.com\/wp-content\/uploads\/2026\/01\/revit-logo.png 75w, https:\/\/www.d5render.com\/wp-content\/uploads\/2026\/01\/revit-logo-12x12.png 12w\" sizes=\"(max-width: 75px) 100vw, 75px\" \/><\/a><\/figure><div class=\"elementor-image-box-content\"><p class=\"elementor-image-box-title\"><a href=\"\/fr\/workflow\/revit\/\">Revit<\/a><\/p><\/div><\/div>\t\t\t\t<\/div>\n\t\t\t\t<div class=\"elementor-element elementor-element-76b66bd elementor-position-top elementor-widget elementor-widget-image-box\" data-id=\"76b66bd\" data-element_type=\"widget\" data-widget_type=\"image-box.default\">\n\t\t\t\t\t<div class=\"elementor-image-box-wrapper\"><figure class=\"elementor-image-box-img\"><a href=\"\/fr\/workflow\/cinema-4d\/\" tabindex=\"-1\"><img loading=\"lazy\" decoding=\"async\" width=\"216\" height=\"216\" src=\"https:\/\/www.d5render.com\/wp-content\/uploads\/2026\/01\/cinema4d-logo.png\" class=\"attachment-full size-full wp-image-2914\" alt=\"\" srcset=\"https:\/\/www.d5render.com\/wp-content\/uploads\/2026\/01\/cinema4d-logo.png 216w, https:\/\/www.d5render.com\/wp-content\/uploads\/2026\/01\/cinema4d-logo-150x150.png 150w, https:\/\/www.d5render.com\/wp-content\/uploads\/2026\/01\/cinema4d-logo-12x12.png 12w\" sizes=\"(max-width: 216px) 100vw, 216px\" \/><\/a><\/figure><div class=\"elementor-image-box-content\"><p class=\"elementor-image-box-title\"><a href=\"\/fr\/workflow\/cinema-4d\/\">Cinema 4D<\/a><\/p><\/div><\/div>\t\t\t\t<\/div>\n\t\t\t\t<div class=\"elementor-element elementor-element-d183673 elementor-position-top elementor-widget elementor-widget-image-box\" data-id=\"d183673\" data-element_type=\"widget\" data-widget_type=\"image-box.default\">\n\t\t\t\t\t<div class=\"elementor-image-box-wrapper\"><figure class=\"elementor-image-box-img\"><a href=\"\/fr\/workflow\/blender\/\" tabindex=\"-1\"><img loading=\"lazy\" decoding=\"async\" width=\"216\" height=\"216\" src=\"https:\/\/www.d5render.com\/wp-content\/uploads\/2026\/01\/blender-logo.png\" class=\"attachment-full size-full wp-image-2913\" alt=\"\" srcset=\"https:\/\/www.d5render.com\/wp-content\/uploads\/2026\/01\/blender-logo.png 216w, https:\/\/www.d5render.com\/wp-content\/uploads\/2026\/01\/blender-logo-150x150.png 150w, https:\/\/www.d5render.com\/wp-content\/uploads\/2026\/01\/blender-logo-12x12.png 12w\" sizes=\"(max-width: 216px) 100vw, 216px\" \/><\/a><\/figure><div class=\"elementor-image-box-content\"><p class=\"elementor-image-box-title\"><a href=\"\/fr\/workflow\/blender\/\">Blender<\/a><\/p><\/div><\/div>\t\t\t\t<\/div>\n\t\t\t\t<div class=\"elementor-element elementor-element-259d06f elementor-position-top elementor-widget elementor-widget-image-box\" data-id=\"259d06f\" data-element_type=\"widget\" data-widget_type=\"image-box.default\">\n\t\t\t\t\t<div class=\"elementor-image-box-wrapper\"><figure class=\"elementor-image-box-img\"><a href=\"\/fr\/workflow\/vectorworks\/\" tabindex=\"-1\"><img loading=\"lazy\" decoding=\"async\" width=\"108\" height=\"108\" src=\"https:\/\/www.d5render.com\/wp-content\/uploads\/2026\/01\/vectorworks-logo.webp\" class=\"attachment-full size-full wp-image-2918\" alt=\"\" srcset=\"https:\/\/www.d5render.com\/wp-content\/uploads\/2026\/01\/vectorworks-logo.webp 108w, https:\/\/www.d5render.com\/wp-content\/uploads\/2026\/01\/vectorworks-logo-12x12.webp 12w\" sizes=\"(max-width: 108px) 100vw, 108px\" \/><\/a><\/figure><div class=\"elementor-image-box-content\"><p class=\"elementor-image-box-title\"><a href=\"\/fr\/workflow\/vectorworks\/\">Vectorworks<\/a><\/p><\/div><\/div>\t\t\t\t<\/div>\n\t\t\t\t\t<\/div>\n\t\t\t\t<\/div>\n\t\t\t\t<\/div>\n\t\t\t\t<\/div>\n\t\t\t\t\t\t<\/div>\n\t\t\t\t<\/div>\n\t\t\t\t\t<\/div>\n\t\t\t\t<\/div>\n\t\t<div class=\"elementor-element elementor-element-d74fb6f e-flex e-con-boxed e-con e-parent\" data-id=\"d74fb6f\" data-element_type=\"container\">\n\t\t\t\t\t<div class=\"e-con-inner\">\n\t\t\t\t<div class=\"elementor-element elementor-element-995330a elementor-position-left elementor-vertical-align-middle elementor-widget elementor-widget-image-box\" data-id=\"995330a\" data-element_type=\"widget\" data-widget_type=\"image-box.default\">\n\t\t\t\t\t<div class=\"elementor-image-box-wrapper\"><figure class=\"elementor-image-box-img\"><img decoding=\"async\" src=\"http:\/\/d5render-web-assets.d5cdn.com\/archive\/cms\/657a7f65a7274ba4f8adb476_Facebook_Logo_Primary-p-500.png\" title=\"\" alt=\"\" loading=\"lazy\"><\/figure><div class=\"elementor-image-box-content\"><p class=\"elementor-image-box-title\">Rejoignez notre Facebook<\/p><\/div><\/div>\t\t\t\t<\/div>\n\t\t\t\t<div class=\"elementor-element elementor-element-14b59c9 elementor-widget elementor-widget-text-editor\" data-id=\"14b59c9\" data-element_type=\"widget\" data-widget_type=\"text-editor.default\">\n\t\t\t\t\t\t\t\t\t<p>Rejoignez notre groupe Facebook pour \u00eatre le premier \u00e0 recevoir les derni\u00e8res mises \u00e0 jour,<br \/>De plus, vous pourrez entrer en contact avec d'autres utilisateurs et partager vos pens\u00e9es et vos id\u00e9es !<\/p>\t\t\t\t\t\t\t\t<\/div>\n\t\t\t\t<div class=\"elementor-element elementor-element-e49e6be elementor-widget elementor-widget-button\" data-id=\"e49e6be\" data-element_type=\"widget\" data-widget_type=\"button.default\">\n\t\t\t\t\t\t\t\t\t\t<a class=\"elementor-button elementor-button-link elementor-size-sm\" href=\"https:\/\/www.facebook.com\/groups\/D5RenderCommunity\/\" target=\"_blank\" rel=\"nofollow noopener\">\n\t\t\t\t\t\t<span class=\"elementor-button-content-wrapper\">\n\t\t\t\t\t\t\t\t\t<span class=\"elementor-button-text\">Rejoindre le groupe Facebook D5<\/span>\n\t\t\t\t\t<\/span>\n\t\t\t\t\t<\/a>\n\t\t\t\t\t\t\t\t<\/div>\n\t\t\t\t\t<\/div>\n\t\t\t\t<\/div>\n\t\t\t\t<\/div>","protected":false},"excerpt":{"rendered":"<p>D5 Launcher Downloading&#8230; If the download doesn&#8217;t begin, click here to try again. \u2460 Installation Install D5 Launcher and D5 Render at the same time. Check System Requirements \u2461 Inside Launcher, access more D5 products Find and install D5 Lite and D5 LiveSync plugins in the Workflow section. Browse and download the assets you need [&hellip;]<\/p>","protected":false},"author":1,"featured_media":0,"parent":0,"menu_order":0,"comment_status":"closed","ping_status":"closed","template":"","meta":{"_acf_changed":false,"_vp_format_video_url":"","_vp_image_focal_point":[],"footnotes":""},"class_list":["post-2980","page","type-page","status-publish","hentry"],"blocksy_meta":[],"acf":[],"_links":{"self":[{"href":"https:\/\/www.d5render.com\/fr\/wp-json\/wp\/v2\/pages\/2980","targetHints":{"allow":["GET"]}}],"collection":[{"href":"https:\/\/www.d5render.com\/fr\/wp-json\/wp\/v2\/pages"}],"about":[{"href":"https:\/\/www.d5render.com\/fr\/wp-json\/wp\/v2\/types\/page"}],"author":[{"embeddable":true,"href":"https:\/\/www.d5render.com\/fr\/wp-json\/wp\/v2\/users\/1"}],"replies":[{"embeddable":true,"href":"https:\/\/www.d5render.com\/fr\/wp-json\/wp\/v2\/comments?post=2980"}],"version-history":[{"count":25,"href":"https:\/\/www.d5render.com\/fr\/wp-json\/wp\/v2\/pages\/2980\/revisions"}],"predecessor-version":[{"id":8304,"href":"https:\/\/www.d5render.com\/fr\/wp-json\/wp\/v2\/pages\/2980\/revisions\/8304"}],"wp:attachment":[{"href":"https:\/\/www.d5render.com\/fr\/wp-json\/wp\/v2\/media?parent=2980"}],"curies":[{"name":"wp","href":"https:\/\/api.w.org\/{rel}","templated":true}]}}