{"id":3587,"date":"2026-02-03T11:14:57","date_gmt":"2026-02-03T03:14:57","guid":{"rendered":"https:\/\/usa-wps.d5render.com\/?page_id=3587"},"modified":"2026-04-22T15:36:47","modified_gmt":"2026-04-22T07:36:47","slug":"find-a-reseller","status":"publish","type":"page","link":"https:\/\/www.d5render.com\/fr\/find-a-reseller","title":{"rendered":"Trouver un revendeur de D5 Render"},"content":{"rendered":"<div data-elementor-type=\"wp-page\" data-elementor-id=\"3587\" class=\"elementor elementor-3587\" data-elementor-post-type=\"page\">\n\t\t\t\t<div class=\"elementor-element elementor-element-3a1373c e-flex e-con-boxed e-con e-parent\" data-id=\"3a1373c\" data-element_type=\"container\" data-settings=\"{&quot;background_background&quot;:&quot;classic&quot;}\">\n\t\t\t\t\t<div class=\"e-con-inner\">\n\t\t\t\t<div class=\"elementor-element elementor-element-b09d5ae elementor-widget elementor-widget-heading\" data-id=\"b09d5ae\" data-element_type=\"widget\" data-widget_type=\"heading.default\">\n\t\t\t\t\t<p class=\"elementor-heading-title elementor-size-default\">LOCALISATEUR DE PARTENAIRES\n<\/p>\t\t\t\t<\/div>\n\t\t\t\t<div class=\"elementor-element elementor-element-d0b8598 elementor-widget elementor-widget-heading\" data-id=\"d0b8598\" data-element_type=\"widget\" data-widget_type=\"heading.default\">\n\t\t\t\t\t<h1 class=\"elementor-heading-title elementor-size-default\">D5 Revendeurs Locaux Autoris\u00e9s\n<\/h1>\t\t\t\t<\/div>\n\t\t\t\t<div class=\"elementor-element elementor-element-b0a954b elementor-widget elementor-widget-heading\" data-id=\"b0a954b\" data-element_type=\"widget\" data-widget_type=\"heading.default\">\n\t\t\t\t\t<p class=\"elementor-heading-title elementor-size-default\">Contactez des revendeurs locaux fiables D5 pour vous aider \u00e0 r\u00e9pondre \u00e0 vos besoins sp\u00e9cifiques.\n<\/p>\t\t\t\t<\/div>\n\t\t\t\t\t<\/div>\n\t\t\t\t<\/div>\n\t\t<div class=\"elementor-element elementor-element-33d5234 e-flex e-con-boxed e-con e-parent\" data-id=\"33d5234\" data-element_type=\"container\">\n\t\t\t\t\t<div class=\"e-con-inner\">\n\t\t\t\t<div class=\"elementor-element elementor-element-c28f9f7 elementor-widget elementor-widget-heading\" data-id=\"c28f9f7\" data-element_type=\"widget\" data-widget_type=\"heading.default\">\n\t\t\t\t\t<h2 class=\"elementor-heading-title elementor-size-default\">Trouver un revendeur pr\u00e8s de chez vous<\/h2>\t\t\t\t<\/div>\n\t\t\t\t<div class=\"elementor-element elementor-element-19a8871 elementor-widget elementor-widget-heading\" data-id=\"19a8871\" data-element_type=\"widget\" data-widget_type=\"heading.default\">\n\t\t\t\t\t<p class=\"elementor-heading-title elementor-size-default\">Contactez des revendeurs locaux fiables D5 pour vous aider \u00e0 r\u00e9pondre \u00e0 vos besoins sp\u00e9cifiques.\n<\/p>\t\t\t\t<\/div>\n\t\t\t\t\t<\/div>\n\t\t\t\t<\/div>\n\t\t<div class=\"elementor-element elementor-element-3219650 e-grid e-con-boxed e-con e-parent\" data-id=\"3219650\" data-element_type=\"container\">\n\t\t\t\t\t<div class=\"e-con-inner\">\n\t\t<div class=\"elementor-element elementor-element-729db3f e-con-full e-flex e-con e-child\" data-id=\"729db3f\" data-element_type=\"container\">\n\t\t\t\t<div class=\"elementor-element elementor-element-f757873 elementor-widget elementor-widget-image-box\" data-id=\"f757873\" data-element_type=\"widget\" data-widget_type=\"image-box.default\">\n\t\t\t\t\t<div class=\"elementor-image-box-wrapper\"><div class=\"elementor-image-box-content\"><p class=\"elementor-image-box-title\">Support de formation<\/p><p class=\"elementor-image-box-description\">Revendeur qui propose des formations pour mieux comprendre le logiciel D5 et am\u00e9liorer vos comp\u00e9tences.<\/p><\/div><\/div>\t\t\t\t<\/div>\n\t\t\t\t<div class=\"elementor-element elementor-element-46a8b97 elementor-widget elementor-widget-image\" data-id=\"46a8b97\" data-element_type=\"widget\" data-widget_type=\"image.default\">\n\t\t\t\t\t\t\t\t\t\t\t\t\t\t\t<img decoding=\"async\" src=\"https:\/\/usa-official.d5cdn.com\/wp-content\/usa-website-assets\/3c2d8ab0e34e8cb257f1f2cd\/Support_Customer_Smile.png\" title=\"\" alt=\"\" loading=\"lazy\">\t\t\t\t\t\t\t\t\t\t\t\t\t\t\t<\/div>\n\t\t\t\t<\/div>\n\t\t<div class=\"elementor-element elementor-element-a6e4eca e-con-full e-flex e-con e-child\" data-id=\"a6e4eca\" data-element_type=\"container\">\n\t\t\t\t<div class=\"elementor-element elementor-element-96a8ab0 elementor-widget elementor-widget-image-box\" data-id=\"96a8ab0\" data-element_type=\"widget\" data-widget_type=\"image-box.default\">\n\t\t\t\t\t<div class=\"elementor-image-box-wrapper\"><div class=\"elementor-image-box-content\"><p class=\"elementor-image-box-title\">Licence \u00e9ducative<\/p><p class=\"elementor-image-box-description\">Revendeur avec une \u00e9quipe de soutien d\u00e9di\u00e9e \u00e0 l'\u00e9ducation propose des licences acad\u00e9miques pour les coll\u00e8ges et les universit\u00e9s.\n<\/p><\/div><\/div>\t\t\t\t<\/div>\n\t\t\t\t<div class=\"elementor-element elementor-element-5eac7dd elementor-widget elementor-widget-image\" data-id=\"5eac7dd\" data-element_type=\"widget\" data-widget_type=\"image.default\">\n\t\t\t\t\t\t\t\t\t\t\t\t\t\t\t<img decoding=\"async\" src=\"https:\/\/usa-official.d5cdn.com\/wp-content\/usa-website-assets\/3c2d8ab0e34e8cb257f1f2cd\/Group.png\" title=\"\" alt=\"\" loading=\"lazy\">\t\t\t\t\t\t\t\t\t\t\t\t\t\t\t<\/div>\n\t\t\t\t<\/div>\n\t\t<div class=\"elementor-element elementor-element-78ca823 e-con-full e-flex e-con e-child\" data-id=\"78ca823\" data-element_type=\"container\">\n\t\t\t\t<div class=\"elementor-element elementor-element-c087dcf elementor-widget elementor-widget-image-box\" data-id=\"c087dcf\" data-element_type=\"widget\" data-widget_type=\"image-box.default\">\n\t\t\t\t\t<div class=\"elementor-image-box-wrapper\"><div class=\"elementor-image-box-content\"><p class=\"elementor-image-box-title\">Boutique en ligne<\/p><p class=\"elementor-image-box-description\">Revendeur qui propose une boutique en ligne o\u00f9 vous pouvez essayer et acheter un logiciel D5 sur leur site web.<\/p><\/div><\/div>\t\t\t\t<\/div>\n\t\t\t\t<div class=\"elementor-element elementor-element-80b2628 elementor-widget elementor-widget-image\" data-id=\"80b2628\" data-element_type=\"widget\" data-widget_type=\"image.default\">\n\t\t\t\t\t\t\t\t\t\t\t\t\t\t\t<img decoding=\"async\" src=\"https:\/\/usa-official.d5cdn.com\/wp-content\/usa-website-assets\/3c2d8ab0e34e8cb257f1f2cd\/Shopping_Cart.png\" title=\"\" alt=\"\" loading=\"lazy\">\t\t\t\t\t\t\t\t\t\t\t\t\t\t\t<\/div>\n\t\t\t\t<\/div>\n\t\t<div class=\"elementor-element elementor-element-48f9cc6 e-con-full e-flex e-con e-child\" data-id=\"48f9cc6\" data-element_type=\"container\">\n\t\t\t\t<div class=\"elementor-element elementor-element-0b21ea8 elementor-widget elementor-widget-image-box\" data-id=\"0b21ea8\" data-element_type=\"widget\" data-widget_type=\"image-box.default\">\n\t\t\t\t\t<div class=\"elementor-image-box-wrapper\"><div class=\"elementor-image-box-content\"><p class=\"elementor-image-box-title\">Service local<\/p><p class=\"elementor-image-box-description\">Revendeur disposant d'une \u00e9quipe d'assistance locale d\u00e9di\u00e9e pour une assistance technique en langue locale.<\/p><\/div><\/div>\t\t\t\t<\/div>\n\t\t\t\t<div class=\"elementor-element elementor-element-03c1997 elementor-widget elementor-widget-image\" data-id=\"03c1997\" data-element_type=\"widget\" data-widget_type=\"image.default\">\n\t\t\t\t\t\t\t\t\t\t\t\t\t\t\t<img decoding=\"async\" src=\"https:\/\/usa-official.d5cdn.com\/wp-content\/usa-website-assets\/3c2d8ab0e34e8cb257f1f2cd\/Group_%281%29.png\" title=\"\" alt=\"\" loading=\"lazy\">\t\t\t\t\t\t\t\t\t\t\t\t\t\t\t<\/div>\n\t\t\t\t<\/div>\n\t\t\t\t\t<\/div>\n\t\t\t\t<\/div>\n\t\t<div class=\"elementor-element elementor-element-c4c62d6 e-flex e-con-boxed e-con e-parent\" data-id=\"c4c62d6\" data-element_type=\"container\">\n\t\t\t\t\t<div class=\"e-con-inner\">\n\t\t\t\t<div class=\"elementor-element elementor-element-ac0b98e elementor-widget elementor-widget-html\" data-id=\"ac0b98e\" data-element_type=\"widget\" data-widget_type=\"html.default\">\n\t\t\t\t\t<div id=\"app\"><\/div>\n<script src=\"https:\/\/official.d5render.com\/official_source\/usa-reseller\/app.js\"><\/script>\n<link href=\"https:\/\/official.d5render.com\/official_source\/usa-reseller\/style.css\" rel=\"stylesheet\" type=\"text\/css\">\t\t\t\t<\/div>\n\t\t\t\t\t<\/div>\n\t\t\t\t<\/div>\n\t\t<div class=\"elementor-element elementor-element-893f8d2 e-flex e-con-boxed e-con e-parent\" data-id=\"893f8d2\" data-element_type=\"container\" data-settings=\"{&quot;background_background&quot;:&quot;classic&quot;}\">\n\t\t\t\t\t<div class=\"e-con-inner\">\n\t\t\t\t<div class=\"elementor-element elementor-element-fa79a6d elementor-widget elementor-widget-heading\" data-id=\"fa79a6d\" data-element_type=\"widget\" data-widget_type=\"heading.default\">\n\t\t\t\t\t<p class=\"elementor-heading-title elementor-size-default\">Int\u00e9ress\u00e9(e) \u00e0 devenir un revendeur D5 ?<\/p>\t\t\t\t<\/div>\n\t\t\t\t<div class=\"elementor-element elementor-element-4f7b4af elementor-widget elementor-widget-button\" data-id=\"4f7b4af\" data-element_type=\"widget\" data-widget_type=\"button.default\">\n\t\t\t\t\t\t\t\t\t\t<a class=\"elementor-button elementor-button-link elementor-size-sm\" href=\"\/fr\/reseller\/\">\n\t\t\t\t\t\t<span class=\"elementor-button-content-wrapper\">\n\t\t\t\t\t\t\t\t\t<span class=\"elementor-button-text\">Postulez Maintenant<\/span>\n\t\t\t\t\t<\/span>\n\t\t\t\t\t<\/a>\n\t\t\t\t\t\t\t\t<\/div>\n\t\t\t\t\t<\/div>\n\t\t\t\t<\/div>\n\t\t\t\t<\/div>","protected":false},"excerpt":{"rendered":"<p>Trouvez le revendeur de D5 Render pr\u00e8s de chez vous.<\/p>","protected":false},"author":1,"featured_media":0,"parent":0,"menu_order":0,"comment_status":"closed","ping_status":"closed","template":"","meta":{"_acf_changed":false,"_vp_format_video_url":"","_vp_image_focal_point":[],"footnotes":""},"class_list":["post-3587","page","type-page","status-publish","hentry"],"blocksy_meta":[],"acf":[],"_links":{"self":[{"href":"https:\/\/www.d5render.com\/fr\/wp-json\/wp\/v2\/pages\/3587","targetHints":{"allow":["GET"]}}],"collection":[{"href":"https:\/\/www.d5render.com\/fr\/wp-json\/wp\/v2\/pages"}],"about":[{"href":"https:\/\/www.d5render.com\/fr\/wp-json\/wp\/v2\/types\/page"}],"author":[{"embeddable":true,"href":"https:\/\/www.d5render.com\/fr\/wp-json\/wp\/v2\/users\/1"}],"replies":[{"embeddable":true,"href":"https:\/\/www.d5render.com\/fr\/wp-json\/wp\/v2\/comments?post=3587"}],"version-history":[{"count":147,"href":"https:\/\/www.d5render.com\/fr\/wp-json\/wp\/v2\/pages\/3587\/revisions"}],"predecessor-version":[{"id":8382,"href":"https:\/\/www.d5render.com\/fr\/wp-json\/wp\/v2\/pages\/3587\/revisions\/8382"}],"wp:attachment":[{"href":"https:\/\/www.d5render.com\/fr\/wp-json\/wp\/v2\/media?parent=3587"}],"curies":[{"name":"wp","href":"https:\/\/api.w.org\/{rel}","templated":true}]}}