{"id":6567,"date":"2026-03-17T11:37:19","date_gmt":"2026-03-17T03:37:19","guid":{"rendered":"https:\/\/usa-wps.d5render.com\/?page_id=6567"},"modified":"2026-03-17T11:47:00","modified_gmt":"2026-03-17T03:47:00","slug":"about-us","status":"publish","type":"page","link":"https:\/\/www.d5render.com\/fr\/about-us","title":{"rendered":"\u00c0 propos de D5"},"content":{"rendered":"<div data-elementor-type=\"wp-page\" data-elementor-id=\"6567\" class=\"elementor elementor-6567\" data-elementor-post-type=\"page\">\n\t\t\t\t<div class=\"elementor-element elementor-element-d69ed97 e-flex e-con-boxed e-con e-parent\" data-id=\"d69ed97\" data-element_type=\"container\" data-settings=\"{&quot;background_background&quot;:&quot;classic&quot;}\">\n\t\t\t\t\t<div class=\"e-con-inner\">\n\t\t\t\t<div class=\"elementor-element elementor-element-908727d elementor-widget elementor-widget-heading\" data-id=\"908727d\" data-element_type=\"widget\" data-widget_type=\"heading.default\">\n\t\t\t\t\t<h1 class=\"elementor-heading-title elementor-size-default\">\u00c0 propos de D5\n<\/h1>\t\t\t\t<\/div>\n\t\t\t\t<div class=\"elementor-element elementor-element-c59245b elementor-view-framed elementor-shape-circle elementor-widget elementor-widget-icon\" data-id=\"c59245b\" data-element_type=\"widget\" data-widget_type=\"icon.default\">\n\t\t\t\t\t\t\t<div class=\"elementor-icon-wrapper\">\n\t\t\t<a class=\"elementor-icon\" href=\"#our-story\">\n\t\t\t<svg xmlns=\"http:\/\/www.w3.org\/2000\/svg\" viewbox=\"0 0 34 34\" fill=\"none\"><g clip-path=\"url(#clip0_237_2013)\"><path d=\"M8.48542 16.9706H25.456\" stroke=\"currentColor\" stroke-width=\"2\" stroke-linecap=\"round\" stroke-linejoin=\"round\"><\/path><path d=\"M18.5615 10.0762L25.4558 16.9705L18.5615 23.8648\" stroke=\"currentColor\" stroke-width=\"2\" stroke-linecap=\"round\" stroke-linejoin=\"round\"><\/path><\/g><defs><clippath id=\"clip0_237_2013\"><rect width=\"24\" height=\"24\" fill=\"currentColor\" transform=\"translate(16.9707) rotate(45)\"><\/rect><\/clippath><\/defs><\/svg>\t\t\t<\/a>\n\t\t<\/div>\n\t\t\t\t\t\t<\/div>\n\t\t\t\t\t<\/div>\n\t\t\t\t<\/div>\n\t\t<div class=\"elementor-element elementor-element-e0931d7 e-flex e-con-boxed e-con e-parent\" data-id=\"e0931d7\" data-element_type=\"container\" id=\"our-story\">\n\t\t\t\t\t<div class=\"e-con-inner\">\n\t\t\t\t<div class=\"elementor-element elementor-element-44d8f84 elementor-widget elementor-widget-heading\" data-id=\"44d8f84\" data-element_type=\"widget\" data-widget_type=\"heading.default\">\n\t\t\t\t\t<h2 class=\"elementor-heading-title elementor-size-default\">Notre histoire<\/h2>\t\t\t\t<\/div>\n\t\t\t\t<div class=\"elementor-element elementor-element-10ddcce elementor-widget elementor-widget-text-editor\" data-id=\"10ddcce\" data-element_type=\"widget\" data-widget_type=\"text-editor.default\">\n\t\t\t\t\t\t\t\t\t<p>Notre monde perceptible est construit sur quatre dimensions : l'espace et le temps. Mais il existe aussi une cinqui\u00e8me dimension, un espace o\u00f9 l'imagination vit dans l'esprit de chacun. Lorsque l'imagination se transforme en action et fa\u00e7onne la r\u00e9alit\u00e9, nous appelons cela la Dimension 5 (D5).<\/p>\t\t\t\t\t\t\t\t<\/div>\n\t\t\t\t<div class=\"elementor-element elementor-element-ab2dc92 elementor-widget elementor-widget-text-editor\" data-id=\"ab2dc92\" data-element_type=\"widget\" data-widget_type=\"text-editor.default\">\n\t\t\t\t\t\t\t\t\t<p>D5 a \u00e9t\u00e9 fond\u00e9e par un groupe de jeunes innovateurs passionn\u00e9s par le d\u00e9passement des limites de la technologie et l'exploration du pouvoir illimit\u00e9 de l'imagination humaine. Au fil des ans, nous avons \u00e9t\u00e9 t\u00e9moins de l'\u00e9volution de technologies fondamentales comme les graphiques informatiques et l'IA, et avons vu des concepts comme la RV, la RA et le m\u00e9tavers conna\u00eetre leur apog\u00e9e et leur d\u00e9clin. Pourtant, notre objectif est toujours rest\u00e9 de cr\u00e9er quelque chose de valeur r\u00e9elle et durable.<\/p><p>Notre parcours n'a pas \u00e9t\u00e9 facile. Nous avons eu la chance d'avoir des personnes talentueuses qui ont partag\u00e9 notre vision rejoindre notre \u00e9quipe, mais il y a aussi eu des moments o\u00f9 nous avons failli \u00e9chouer.<\/p><p>Tout a chang\u00e9 en 2020 avec la sortie du D5 Render. Cela a marqu\u00e9 le d\u00e9but d'un nouveau chapitre, o\u00f9 nous collaborons avec des professionnels de la conception et de la visualisation du monde entier pour cr\u00e9er quelque chose d'extraordinaire ensemble.<\/p><p>La conception d'espace est un art collaboratif : elle rassemble les id\u00e9es de diff\u00e9rentes personnes sur un espace et un temps sp\u00e9cifiques, trouve un terrain d'entente et concr\u00e9tise ces id\u00e9es en surmontant les d\u00e9fis du monde r\u00e9el. Notre mission est de simplifier et de red\u00e9finir ce processus, en facilitant la concr\u00e9tisation des id\u00e9es tout en permettant aux cr\u00e9atifs de repousser les limites. Nous croyons que la recherche de l'innovation peut transformer le monde, et nous sommes fiers de jouer un r\u00f4le dans ce parcours.<\/p><p>Notre vision produit repose sur deux piliers :<br \/>Bonjour<br \/>Poussant le rendu en temps r\u00e9el \u00e0 ses limites, rendant le ray tracing de haute qualit\u00e9 rapide et r\u00e9aliste, pour que la visualisation soit plus vibrante que jamais.<br \/>2. Aller au-del\u00e0 de la simple technologie pour cr\u00e9er de meilleurs flux de travail qui aident les cr\u00e9atifs \u00e0 se mettre dans leur zone de cr\u00e9ativit\u00e9.<\/p>\t\t\t\t\t\t\t\t<\/div>\n\t\t\t\t<div class=\"elementor-element elementor-element-8158224 elementor-widget elementor-widget-text-editor\" data-id=\"8158224\" data-element_type=\"widget\" data-widget_type=\"text-editor.default\">\n\t\t\t\t\t\t\t\t\t<p>Avec D5, nous croyons que chacun peut trouver son \u00e9tincelle cr\u00e9ative dans sa propre cinqui\u00e8me dimension.<\/p>\t\t\t\t\t\t\t\t<\/div>\n\t\t\t\t\t<\/div>\n\t\t\t\t<\/div>\n\t\t<div class=\"elementor-element elementor-element-d66d615 e-flex e-con-boxed e-con e-parent\" data-id=\"d66d615\" data-element_type=\"container\" data-settings=\"{&quot;background_background&quot;:&quot;classic&quot;}\">\n\t\t\t\t\t<div class=\"e-con-inner\">\n\t\t\t\t<div class=\"elementor-element elementor-element-93ef102 elementor-widget elementor-widget-heading\" data-id=\"93ef102\" data-element_type=\"widget\" data-widget_type=\"heading.default\">\n\t\t\t\t\t<h2 class=\"elementor-heading-title elementor-size-default\">D5 en chiffres<\/h2>\t\t\t\t<\/div>\n\t\t<div class=\"elementor-element elementor-element-e3a62c4 e-grid e-con-full e-con e-child\" data-id=\"e3a62c4\" data-element_type=\"container\">\n\t\t\t\t<div class=\"elementor-element elementor-element-a2792c3 elementor-widget elementor-widget-counter\" data-id=\"a2792c3\" data-element_type=\"widget\" data-widget_type=\"counter.default\">\n\t\t\t\t\t\t\t<div class=\"elementor-counter\">\n\t\t\t<div class=\"elementor-counter-title\">Dans toutes les cat\u00e9gories G2 pour les logiciels d'architecture et de rendu 3D en 2024<\/div>\t\t\t<div class=\"elementor-counter-number-wrapper\">\n\t\t\t\t<span class=\"elementor-counter-number-prefix\">Non.<\/span>\n\t\t\t\t<span class=\"elementor-counter-number\" data-duration=\"1000\" data-to-value=\"1\" data-from-value=\"1\" data-delimiter=\",\">1<\/span>\n\t\t\t\t<span class=\"elementor-counter-number-suffix\"><\/span>\n\t\t\t<\/div>\n\t\t<\/div>\n\t\t\t\t\t\t<\/div>\n\t\t\t\t<div class=\"elementor-element elementor-element-c695bc1 elementor-widget elementor-widget-counter\" data-id=\"c695bc1\" data-element_type=\"widget\" data-widget_type=\"counter.default\">\n\t\t\t\t\t\t\t<div class=\"elementor-counter\">\n\t\t\t<div class=\"elementor-counter-title\">Utilisateurs du monde entier<\/div>\t\t\t<div class=\"elementor-counter-number-wrapper\">\n\t\t\t\t<span class=\"elementor-counter-number-prefix\"><\/span>\n\t\t\t\t<span class=\"elementor-counter-number\" data-duration=\"1000\" data-to-value=\"3\" data-from-value=\"3\" data-delimiter=\",\">3<\/span>\n\t\t\t\t<span class=\"elementor-counter-number-suffix\">M+<\/span>\n\t\t\t<\/div>\n\t\t<\/div>\n\t\t\t\t\t\t<\/div>\n\t\t\t\t<div class=\"elementor-element elementor-element-4e85807 elementor-widget elementor-widget-counter\" data-id=\"4e85807\" data-element_type=\"widget\" data-widget_type=\"counter.default\">\n\t\t\t\t\t\t\t<div class=\"elementor-counter\">\n\t\t\t<div class=\"elementor-counter-title\">Rendu en temps r\u00e9el aliment\u00e9 par l'IA<\/div>\t\t\t<div class=\"elementor-counter-number-wrapper\">\n\t\t\t\t<span class=\"elementor-counter-number-prefix\"><\/span>\n\t\t\t\t<span class=\"elementor-counter-number\" data-duration=\"1000\" data-to-value=\"1\" data-from-value=\"1\" data-delimiter=\",\">1<\/span>\n\t\t\t\t<span class=\"elementor-counter-number-suffix\">st<\/span>\n\t\t\t<\/div>\n\t\t<\/div>\n\t\t\t\t\t\t<\/div>\n\t\t\t\t<div class=\"elementor-element elementor-element-b74932d elementor-widget elementor-widget-counter\" data-id=\"b74932d\" data-element_type=\"widget\" data-widget_type=\"counter.default\">\n\t\t\t\t\t\t\t<div class=\"elementor-counter\">\n\t\t\t<div class=\"elementor-counter-title\">Suiveurs<\/div>\t\t\t<div class=\"elementor-counter-number-wrapper\">\n\t\t\t\t<span class=\"elementor-counter-number-prefix\"><\/span>\n\t\t\t\t<span class=\"elementor-counter-number\" data-duration=\"1000\" data-to-value=\"80\" data-from-value=\"80\" data-delimiter=\",\">80<\/span>\n\t\t\t\t<span class=\"elementor-counter-number-suffix\">K+<\/span>\n\t\t\t<\/div>\n\t\t<\/div>\n\t\t\t\t\t\t<\/div>\n\t\t\t\t<div class=\"elementor-element elementor-element-3637eef elementor-widget elementor-widget-counter\" data-id=\"3637eef\" data-element_type=\"widget\" data-widget_type=\"counter.default\">\n\t\t\t\t\t\t\t<div class=\"elementor-counter\">\n\t\t\t<div class=\"elementor-counter-title\">Bureaux dans le monde<\/div>\t\t\t<div class=\"elementor-counter-number-wrapper\">\n\t\t\t\t<span class=\"elementor-counter-number-prefix\"><\/span>\n\t\t\t\t<span class=\"elementor-counter-number\" data-duration=\"1000\" data-to-value=\"8\" data-from-value=\"8\" data-delimiter=\",\">8<\/span>\n\t\t\t\t<span class=\"elementor-counter-number-suffix\"><\/span>\n\t\t\t<\/div>\n\t\t<\/div>\n\t\t\t\t\t\t<\/div>\n\t\t\t\t<div class=\"elementor-element elementor-element-6e580a6 elementor-widget elementor-widget-counter\" data-id=\"6e580a6\" data-element_type=\"widget\" data-widget_type=\"counter.default\">\n\t\t\t\t\t\t\t<div class=\"elementor-counter\">\n\t\t\t<div class=\"elementor-counter-title\">Partenaires Locaux<\/div>\t\t\t<div class=\"elementor-counter-number-wrapper\">\n\t\t\t\t<span class=\"elementor-counter-number-prefix\"><\/span>\n\t\t\t\t<span class=\"elementor-counter-number\" data-duration=\"1000\" data-to-value=\"40\" data-from-value=\"40\" data-delimiter=\",\">40<\/span>\n\t\t\t\t<span class=\"elementor-counter-number-suffix\">+<\/span>\n\t\t\t<\/div>\n\t\t<\/div>\n\t\t\t\t\t\t<\/div>\n\t\t\t\t<\/div>\n\t\t\t\t\t<\/div>\n\t\t\t\t<\/div>\n\t\t<div class=\"elementor-element elementor-element-e397ba2 e-flex e-con-boxed e-con e-parent\" data-id=\"e397ba2\" data-element_type=\"container\">\n\t\t\t\t\t<div class=\"e-con-inner\">\n\t\t\t\t<div class=\"elementor-element elementor-element-bb6551c elementor-widget elementor-widget-heading\" data-id=\"bb6551c\" data-element_type=\"widget\" data-widget_type=\"heading.default\">\n\t\t\t\t\t<p class=\"elementor-heading-title elementor-size-default\">Philosophie du produit\n\n<\/p>\t\t\t\t<\/div>\n\t\t\t\t<div class=\"elementor-element elementor-element-58223f2 elementor-widget elementor-widget-heading\" data-id=\"58223f2\" data-element_type=\"widget\" data-widget_type=\"heading.default\">\n\t\t\t\t\t<h2 class=\"elementor-heading-title elementor-size-default\">Entrez dans le flux cr\u00e9atif\n<\/h2>\t\t\t\t<\/div>\n\t\t\t\t<div class=\"elementor-element elementor-element-7a740f2 elementor-widget elementor-widget-text-editor\" data-id=\"7a740f2\" data-element_type=\"widget\" data-widget_type=\"text-editor.default\">\n\t\t\t\t\t\t\t\t\t<p>\u201c Le flow \u201d est cet \u00e9tat magique o\u00f9 la concentration est profonde, la cr\u00e9ativit\u00e9 s'\u00e9panouit et le temps semble s'arr\u00eater.<\/p><div class=\"flow-heading-div\"><p class=\"paragraph-15\">C\u2019est le sentiment d\u2019\u00eatre compl\u00e8tement immerg\u00e9, plein d\u2019\u00e9nergie et capable de d\u00e9passer ses limites.<\/p><\/div>\t\t\t\t\t\t\t\t<\/div>\n\t\t\t\t<div class=\"elementor-element elementor-element-3c84b0e elementor-widget elementor-widget-text-editor\" data-id=\"3c84b0e\" data-element_type=\"widget\" data-widget_type=\"text-editor.default\">\n\t\t\t\t\t\t\t\t\t<p>Chez D5, notre objectif est de cr\u00e9er un environnement fluide o\u00f9 les cr\u00e9atifs comme vous peuvent s'immerger pleinement dans cet \u00e9tat de flux.<\/p><p>Pour atteindre un \u00e9tat de flow, tout doit s'aligner : vos pens\u00e9es, vos actions et vos perceptions doivent fonctionner \u00e0 l'unisson.<\/p><p>En combinant notre expertise technique avec une compr\u00e9hension approfondie des besoins des professionnels du design et de la visualisation,<\/p><p>nous nous effor\u00e7ons de livrer des produits qui vous inspirent et vous donnent le pouvoir de donner vie \u00e0 vos id\u00e9es.<\/p>\t\t\t\t\t\t\t\t<\/div>\n\t\t\t\t<div class=\"elementor-element elementor-element-8527cb2 elementor-widget elementor-widget-heading\" data-id=\"8527cb2\" data-element_type=\"widget\" data-widget_type=\"heading.default\">\n\t\t\t\t\t<p class=\"elementor-heading-title elementor-size-default\">Fournir des commentaires en temps r\u00e9el<\/p>\t\t\t\t<\/div>\n\t\t\t\t<div class=\"elementor-element elementor-element-e20d903 elementor-widget elementor-widget-text-editor\" data-id=\"e20d903\" data-element_type=\"widget\" data-widget_type=\"text-editor.default\">\n\t\t\t\t\t\t\t\t\t<p>D5 vous offre le ray tracing en temps r\u00e9el et des visuels r\u00e9alistes \u00e0 60 FPS, transformant votre vision en r\u00e9alit\u00e9 instantan\u00e9ment. Con\u00e7u pour correspondre \u00e0 la perception humaine, ce \u201cretour d'information instantan\u00e9\u201d vous permet de voir vos id\u00e9es prendre vie au fur et \u00e0 mesure de leur d\u00e9veloppement. En maintenant la perception et la pens\u00e9e en phase, D5 vous aide \u00e0 rester pleinement immerg\u00e9 dans votre processus, lib\u00e9rant ainsi votre cr\u00e9ativit\u00e9.<br \/>Le rendu en temps r\u00e9el est la base sur laquelle nous avons construit pour am\u00e9liorer l'exp\u00e9rience cr\u00e9ative.<\/p>\t\t\t\t\t\t\t\t<\/div>\n\t\t\t\t<div class=\"elementor-element elementor-element-d752717 elementor-widget elementor-widget-heading\" data-id=\"d752717\" data-element_type=\"widget\" data-widget_type=\"heading.default\">\n\t\t\t\t\t<p class=\"elementor-heading-title elementor-size-default\">Optimisation de la cr\u00e9ativit\u00e9<\/p>\t\t\t\t<\/div>\n\t\t\t\t<div class=\"elementor-element elementor-element-4d592b4 elementor-widget elementor-widget-text-editor\" data-id=\"4d592b4\" data-element_type=\"widget\" data-widget_type=\"text-editor.default\">\n\t\t\t\t\t\t\t\t\t<p>D5 simplifie le processus cr\u00e9atif compliqu\u00e9 en param\u00e8tres clairs et simples. Avec l'IA et la g\u00e9n\u00e9ration de contenu proc\u00e9dural (GCP) int\u00e9gr\u00e9es, vous pouvez passer moins de temps \u00e0 basculer entre les outils et \u00e0 apprendre des syst\u00e8mes complexes. Cela vous permet de vous concentrer enti\u00e8rement sur vos id\u00e9es tout en gardant le contr\u00f4le total de votre travail.<\/p>\t\t\t\t\t\t\t\t<\/div>\n\t\t\t\t<div class=\"elementor-element elementor-element-7009caa elementor-widget elementor-widget-heading\" data-id=\"7009caa\" data-element_type=\"widget\" data-widget_type=\"heading.default\">\n\t\t\t\t\t<p class=\"elementor-heading-title elementor-size-default\">Abbrasser la libert\u00e9 cr\u00e9ative<\/p>\t\t\t\t<\/div>\n\t\t\t\t<div class=\"elementor-element elementor-element-44122d0 elementor-widget elementor-widget-text-editor\" data-id=\"44122d0\" data-element_type=\"widget\" data-widget_type=\"text-editor.default\">\n\t\t\t\t\t\t\t\t\t<p>Nous visons plus que la simple fonctionnalit\u00e9 : nous voulons que nos outils se connectent de mani\u00e8re transparente \u00e0 l'intuition et \u00e0 la pens\u00e9e humaines, devenant une extension de l'imagination. Vous pouvez vous exprimer librement, sans aucune limite, et entrer dans un \u00e9tat de flux o\u00f9 vos meilleures id\u00e9es prennent vie, cr\u00e9ant des r\u00e9sultats surprenants.<\/p>\t\t\t\t\t\t\t\t<\/div>\n\t\t\t\t<div class=\"elementor-element elementor-element-0af601b elementor-widget elementor-widget-text-editor\" data-id=\"0af601b\" data-element_type=\"widget\" data-widget_type=\"text-editor.default\">\n\t\t\t\t\t\t\t\t\t<p>D5 ne cessera jamais de s'efforcer de faire de la libert\u00e9 cr\u00e9ative une r\u00e9alit\u00e9.<\/p>\t\t\t\t\t\t\t\t<\/div>\n\t\t\t\t\t<\/div>\n\t\t\t\t<\/div>\n\t\t<div class=\"elementor-element elementor-element-7b269d5 e-flex e-con-boxed e-con e-parent\" data-id=\"7b269d5\" data-element_type=\"container\">\n\t\t\t\t\t<div class=\"e-con-inner\">\n\t\t\t\t<div class=\"elementor-element elementor-element-16628c4 elementor-widget elementor-widget-heading\" data-id=\"16628c4\" data-element_type=\"widget\" data-widget_type=\"heading.default\">\n\t\t\t\t\t<h2 class=\"elementor-heading-title elementor-size-default\">Rejoignez-nous\n<\/h2>\t\t\t\t<\/div>\n\t\t\t\t<div class=\"elementor-element elementor-element-c4a4202 elementor-widget elementor-widget-text-editor\" data-id=\"c4a4202\" data-element_type=\"widget\" data-widget_type=\"text-editor.default\">\n\t\t\t\t\t\t\t\t\t<p>Fa\u00e7onnez votre carri\u00e8re et construisez l'avenir avec D5.<\/p>\t\t\t\t\t\t\t\t<\/div>\n\t\t\t\t<div class=\"elementor-element elementor-element-cddd363 elementor-widget elementor-widget-button\" data-id=\"cddd363\" data-element_type=\"widget\" data-widget_type=\"button.default\">\n\t\t\t\t\t\t\t\t\t\t<a class=\"elementor-button elementor-button-link elementor-size-sm\" href=\"https:\/\/www.linkedin.com\/company\/d5render\/jobs\/\" target=\"_blank\" rel=\"nofollow noopener\">\n\t\t\t\t\t\t<span class=\"elementor-button-content-wrapper\">\n\t\t\t\t\t\t\t\t\t<span class=\"elementor-button-text\">En savoir plus<\/span>\n\t\t\t\t\t<\/span>\n\t\t\t\t\t<\/a>\n\t\t\t\t\t\t\t\t<\/div>\n\t\t\t\t\t<\/div>\n\t\t\t\t<\/div>\n\t\t\t\t<\/div>","protected":false},"excerpt":{"rendered":"<p>\u00c0 propos deD5Notre Histoire Notre monde perceptible est construit sur quatre dimensions : l'espace et le temps. Mais il existe aussi une cinqui\u00e8me dimension, un espace o\u00f9 l'imagination vit dans l'esprit de chacun. Lorsque l'imagination se transforme en action et fa\u00e7onne la r\u00e9alit\u00e9, nous l'appelons Dimension 5 ( D5 ). D5 a \u00e9t\u00e9 fond\u00e9e par un groupe de jeunes innovateurs passionn\u00e9s par [\u2026]<\/p>","protected":false},"author":1,"featured_media":0,"parent":0,"menu_order":0,"comment_status":"closed","ping_status":"closed","template":"","meta":{"_acf_changed":false,"_vp_format_video_url":"","_vp_image_focal_point":[],"footnotes":""},"class_list":["post-6567","page","type-page","status-publish","hentry"],"blocksy_meta":[],"acf":[],"_links":{"self":[{"href":"https:\/\/www.d5render.com\/fr\/wp-json\/wp\/v2\/pages\/6567","targetHints":{"allow":["GET"]}}],"collection":[{"href":"https:\/\/www.d5render.com\/fr\/wp-json\/wp\/v2\/pages"}],"about":[{"href":"https:\/\/www.d5render.com\/fr\/wp-json\/wp\/v2\/types\/page"}],"author":[{"embeddable":true,"href":"https:\/\/www.d5render.com\/fr\/wp-json\/wp\/v2\/users\/1"}],"replies":[{"embeddable":true,"href":"https:\/\/www.d5render.com\/fr\/wp-json\/wp\/v2\/comments?post=6567"}],"version-history":[{"count":19,"href":"https:\/\/www.d5render.com\/fr\/wp-json\/wp\/v2\/pages\/6567\/revisions"}],"predecessor-version":[{"id":6588,"href":"https:\/\/www.d5render.com\/fr\/wp-json\/wp\/v2\/pages\/6567\/revisions\/6588"}],"wp:attachment":[{"href":"https:\/\/www.d5render.com\/fr\/wp-json\/wp\/v2\/media?parent=6567"}],"curies":[{"name":"wp","href":"https:\/\/api.w.org\/{rel}","templated":true}]}}